{"id":22387,"date":"2025-02-03T22:06:46","date_gmt":"2025-02-03T22:06:46","guid":{"rendered":"https:\/\/shaktio.com\/rueckgabe-und-erstattung\/"},"modified":"2025-03-03T16:35:25","modified_gmt":"2025-03-03T16:35:25","slug":"rueckgabe-und-erstattung","status":"publish","type":"page","link":"https:\/\/shaktio.com\/de\/rueckgabe-und-erstattung\/","title":{"rendered":"R\u00fcckgabe und Erstattung"},"content":{"rendered":"\t\t<div data-elementor-type=\"wp-page\" data-elementor-id=\"22387\" class=\"elementor elementor-22387 elementor-21482\">\n\t\t\t\t\t\t<section class=\"elementor-section elementor-top-section elementor-element elementor-element-66671f08 elementor-section-boxed elementor-section-gap-beside-yes elementor-section-height-default elementor-section-height-default elementor-section-content-align-center elementor-section-column-vertical-align-stretch\" data-id=\"66671f08\" data-element_type=\"section\" data-e-type=\"section\">\n\t\t\t\t\t\t<div class=\"elementor-container elementor-column-gap-extended\">\n\t\t\t\t\t<div class=\"elementor-column elementor-col-100 elementor-top-column elementor-element elementor-element-3539dd7f\" data-id=\"3539dd7f\" data-element_type=\"column\" data-e-type=\"column\">\n\t\t\t<div class=\"elementor-widget-wrap elementor-element-populated\">\n\t\t\t\t\t\t<div class=\"elementor-element elementor-element-61dcc0c3 elementor-widget elementor-widget-tm-heading\" data-id=\"61dcc0c3\" data-element_type=\"widget\" data-e-type=\"widget\" data-widget_type=\"tm-heading.default\">\n\t\t\t\t<div class=\"elementor-widget-container\">\n\t\t\t\t\t\t\t<div class=\"tm-modern-heading tm-modern-heading--style-02 tm-modern-heading--highlight-style-01\">\n\t\t\t\n\t\t\t\t\t<div class=\"heading-primary-wrap\">\n\t\t\t<h2 class=\"heading-primary elementor-heading-title\">R\u00fcckgabepolitik<\/h2>\t\t<\/div>\n\t\t\n\t\t\t\n\t\t\t\t\t<\/div>\n\t\t\t\t\t\t<\/div>\n\t\t\t\t<\/div>\n\t\t\t\t<div class=\"elementor-element elementor-element-303aa63 elementor-widget elementor-widget-tm-heading\" data-id=\"303aa63\" data-element_type=\"widget\" data-e-type=\"widget\" data-widget_type=\"tm-heading.default\">\n\t\t\t\t<div class=\"elementor-widget-container\">\n\t\t\t\t\t\t\t<div class=\"tm-modern-heading tm-modern-heading--style-03 tm-modern-heading--highlight-style-01\">\n\t\t\t\n\t\t\t\t\t<div class=\"heading-primary-wrap\">\n\t\t\t<h3 class=\"heading-primary elementor-heading-title\">Einf\u00fchrung<\/h3>\t\t<\/div>\n\t\t\n\t\t\t\n\t\t\t\t\t<div class=\"heading-description-wrap\">\n\t\t\t<div class=\"heading-description\">\n\t\t\t\t<p>Wir wenden ein 14-t\u00e4giges R\u00fcckgaberecht an, was bedeutet, dass Sie innerhalb von 14 Tagen nach Erhalt Ihres Artikels eine R\u00fcckgabe beantragen k\u00f6nnen.<\/p><p>Um zur\u00fcckgegeben werden zu k\u00f6nnen, muss Ihr Artikel in demselben Zustand sein, in dem Sie ihn erhalten haben, unge\u00f6ffnet oder unbenutzt, mit Etiketten und in der Originalverpackung. Sie ben\u00f6tigen au\u00dferdem die Quittung oder den Kaufnachweis. <\/p><p>Um eine R\u00fccksendung zu veranlassen, k\u00f6nnen Sie uns \u00fcber die Kontaktseite oder das untenstehende Formular kontaktieren. Wenn Ihre R\u00fccksendung akzeptiert wird, erhalten Sie von uns Anweisungen, wie und wo Sie Ihr Paket versenden k\u00f6nnen. Artikel, die ohne vorherige R\u00fcckgabeanfrage an uns zur\u00fcckgeschickt werden, werden nicht angenommen.  <\/p><p>Wenn Sie Fragen zu R\u00fccksendungen haben, k\u00f6nnen Sie sich jederzeit \u00fcber unsere Kontaktseite an uns wenden.<\/p>\t\t\t<\/div>\n\t\t<\/div>\n\t\t\t\t<\/div>\n\t\t\t\t\t\t<\/div>\n\t\t\t\t<\/div>\n\t\t\t\t\t<\/div>\n\t\t<\/div>\n\t\t\t\t\t<\/div>\n\t\t<\/section>\n\t\t\t\t<section class=\"elementor-section elementor-top-section elementor-element elementor-element-a2160b3 elementor-section-boxed elementor-section-gap-beside-yes elementor-section-height-default elementor-section-height-default elementor-section-content-align-center elementor-section-column-vertical-align-stretch\" data-id=\"a2160b3\" data-element_type=\"section\" data-e-type=\"section\">\n\t\t\t\t\t\t<div class=\"elementor-container elementor-column-gap-extended\">\n\t\t\t\t\t<div class=\"elementor-column elementor-col-100 elementor-top-column elementor-element elementor-element-398127b2\" data-id=\"398127b2\" data-element_type=\"column\" data-e-type=\"column\">\n\t\t\t<div class=\"elementor-widget-wrap elementor-element-populated\">\n\t\t\t\t\t\t<div class=\"elementor-element elementor-element-bb27664 elementor-widget elementor-widget-tm-heading\" data-id=\"bb27664\" data-element_type=\"widget\" data-e-type=\"widget\" data-widget_type=\"tm-heading.default\">\n\t\t\t\t<div class=\"elementor-widget-container\">\n\t\t\t\t\t\t\t<div class=\"tm-modern-heading tm-modern-heading--style-02 tm-modern-heading--highlight-style-01\">\n\t\t\t\n\t\t\t\t\t<div class=\"heading-primary-wrap\">\n\t\t\t<h2 class=\"heading-primary elementor-heading-title\">Versandkosten<\/h2>\t\t<\/div>\n\t\t\n\t\t\t\n\t\t\t\t\t<div class=\"heading-description-wrap\">\n\t\t\t<div class=\"heading-description\">\n\t\t\t\t<p>Wir wissen, wie wichtig ein reibungsloses Einkaufserlebnis ist. Wenn Sie einen Artikel zur\u00fcckgeben m\u00f6chten, denken Sie bitte daran, dass die Versandkosten von Ihnen getragen werden.<br>F\u00fcr unsere Kunden haben wir R\u00fcckgabelager in Europa und den USA. <\/p><p>Wenn Sie in diesen Regionen wohnen, k\u00f6nnen Sie f\u00fcr Ihre R\u00fccksendungen einen nationalen Versand in Anspruch nehmen. Wir werden Ihnen bei der Beantragung Ihrer R\u00fccksendung die spezifischen Adressen unserer Retourenlager mitteilen. <\/p><p>Bei unseren gesch\u00e4tzten Kunden au\u00dferhalb dieser Regionen entschuldigen wir uns aufrichtig f\u00fcr alle Unannehmlichkeiten und sch\u00e4tzen Ihr Verst\u00e4ndnis. Wir sind bestrebt, Ihnen das bestm\u00f6gliche Einkaufserlebnis zu bieten. <\/p>\t\t\t<\/div>\n\t\t<\/div>\n\t\t\t\t<\/div>\n\t\t\t\t\t\t<\/div>\n\t\t\t\t<\/div>\n\t\t\t\t<div class=\"elementor-element elementor-element-fa8f514 elementor-widget elementor-widget-tm-heading\" data-id=\"fa8f514\" data-element_type=\"widget\" data-e-type=\"widget\" data-widget_type=\"tm-heading.default\">\n\t\t\t\t<div class=\"elementor-widget-container\">\n\t\t\t\t\t\t\t<div class=\"tm-modern-heading tm-modern-heading--style-02 tm-modern-heading--highlight-style-01\">\n\t\t\t\n\t\t\t\t\t<div class=\"heading-primary-wrap\">\n\t\t\t<h2 class=\"heading-primary elementor-heading-title\">Versandkosten<\/h2>\t\t<\/div>\n\t\t\n\t\t\t\n\t\t\t\t\t<div class=\"heading-description-wrap\">\n\t\t\t<div class=\"heading-description\">\n\t\t\t\t<p>F\u00fcr die R\u00fccksendung der Artikel wird eine Wiedereinlagerungsgeb\u00fchr von 15 \u20ac\/$\/\u00a3 erhoben.<\/p>\t\t\t<\/div>\n\t\t<\/div>\n\t\t\t\t<\/div>\n\t\t\t\t\t\t<\/div>\n\t\t\t\t<\/div>\n\t\t\t\t<div class=\"elementor-element elementor-element-0c80a7c elementor-widget elementor-widget-tm-heading\" data-id=\"0c80a7c\" data-element_type=\"widget\" data-e-type=\"widget\" data-widget_type=\"tm-heading.default\">\n\t\t\t\t<div class=\"elementor-widget-container\">\n\t\t\t\t\t\t\t<div class=\"tm-modern-heading tm-modern-heading--style-02 tm-modern-heading--highlight-style-01\">\n\t\t\t\n\t\t\t\t\t<div class=\"heading-primary-wrap\">\n\t\t\t<h2 class=\"heading-primary elementor-heading-title\">Sch\u00e4den und Probleme<\/h2>\t\t<\/div>\n\t\t\n\t\t\t\n\t\t\t\t\t<div class=\"heading-description-wrap\">\n\t\t\t<div class=\"heading-description\">\n\t\t\t\t<p>Bitte pr\u00fcfen Sie Ihre Bestellung bei Erhalt auf Besch\u00e4digungen.<\/p>\t\t\t<\/div>\n\t\t<\/div>\n\t\t\t\t<\/div>\n\t\t\t\t\t\t<\/div>\n\t\t\t\t<\/div>\n\t\t\t\t<div class=\"elementor-element elementor-element-3eb45f0 elementor-widget elementor-widget-tm-heading\" data-id=\"3eb45f0\" data-element_type=\"widget\" data-e-type=\"widget\" data-widget_type=\"tm-heading.default\">\n\t\t\t\t<div class=\"elementor-widget-container\">\n\t\t\t\t\t\t\t<div class=\"tm-modern-heading tm-modern-heading--style-02 tm-modern-heading--highlight-style-01\">\n\t\t\t\n\t\t\t\t\t<div class=\"heading-primary-wrap\">\n\t\t\t<h2 class=\"heading-primary elementor-heading-title\">Politik der automatischen Weiterleitung<\/h2>\t\t<\/div>\n\t\t\n\t\t\t\n\t\t\t\t\t<div class=\"heading-description-wrap\">\n\t\t\t<div class=\"heading-description\">\n\t\t\t\t<p>Wenn ein Paket in unser Lager zur\u00fcckkommt, senden wir es automatisch und ohne zus\u00e4tzliche Kosten an den Kunden zur\u00fcck. Dies deckt die \u00fcblichen F\u00e4lle ab, in denen das Paket nicht abgeholt wurde oder ein Problem mit der Adresse aufgetreten ist, was in der Regel auf Seiten des Kunden geschieht. Wir l\u00f6sen dieses Problem f\u00fcr Sie ohne zus\u00e4tzliche Kosten.  <\/p><p>Wenn Sie ein Problem mit dem erhaltenen Artikel haben, k\u00f6nnen Sie ihn nat\u00fcrlich gem\u00e4\u00df unserer R\u00fcckgabepolitik gegen Erstattung des Kaufpreises zur\u00fccksenden.<\/p>\t\t\t<\/div>\n\t\t<\/div>\n\t\t\t\t<\/div>\n\t\t\t\t\t\t<\/div>\n\t\t\t\t<\/div>\n\t\t\t\t<div class=\"elementor-element elementor-element-9b03ef0 elementor-widget elementor-widget-tm-heading\" data-id=\"9b03ef0\" data-element_type=\"widget\" data-e-type=\"widget\" data-widget_type=\"tm-heading.default\">\n\t\t\t\t<div class=\"elementor-widget-container\">\n\t\t\t\t\t\t\t<div class=\"tm-modern-heading tm-modern-heading--style-02 tm-modern-heading--highlight-style-01\">\n\t\t\t\n\t\t\t\t\t<div class=\"heading-primary-wrap\">\n\t\t\t<h2 class=\"heading-primary elementor-heading-title\">Austausch\n<\/h2>\t\t<\/div>\n\t\t\n\t\t\t\n\t\t\t\t\t<div class=\"heading-description-wrap\">\n\t\t\t<div class=\"heading-description\">\n\t\t\t\t<p>Der schnellste Weg, um sicherzustellen, dass Sie bekommen, was Sie wollen, ist, den Artikel, den Sie haben, zur\u00fcckzuschicken und nach Annahme der R\u00fccksendung einen separaten Kauf f\u00fcr den neuen Artikel zu t\u00e4tigen.<\/p>\t\t\t<\/div>\n\t\t<\/div>\n\t\t\t\t<\/div>\n\t\t\t\t\t\t<\/div>\n\t\t\t\t<\/div>\n\t\t\t\t<div class=\"elementor-element elementor-element-6d59f89 elementor-widget elementor-widget-tm-heading\" data-id=\"6d59f89\" data-element_type=\"widget\" data-e-type=\"widget\" data-widget_type=\"tm-heading.default\">\n\t\t\t\t<div class=\"elementor-widget-container\">\n\t\t\t\t\t\t\t<div class=\"tm-modern-heading tm-modern-heading--style-02 tm-modern-heading--highlight-style-01\">\n\t\t\t\n\t\t\t\t\t<div class=\"heading-primary-wrap\">\n\t\t\t<h2 class=\"heading-primary elementor-heading-title\">R\u00fcckerstattungen\n<\/h2>\t\t<\/div>\n\t\t\n\t\t\t\n\t\t\t\t\t<div class=\"heading-description-wrap\">\n\t\t\t<div class=\"heading-description\">\n\t\t\t\t<p>Wir werden Sie benachrichtigen, sobald wir Ihre R\u00fccksendung erhalten und gepr\u00fcft haben, und Ihnen mitteilen, ob die R\u00fcckerstattung genehmigt wurde oder nicht.<\/p><p>Wenn die R\u00fcckerstattung genehmigt wird, erhalten Sie automatisch eine R\u00fcckerstattung \u00fcber Ihre urspr\u00fcngliche Zahlungsmethode.<br>Bitte denken Sie daran, dass die Bearbeitung und Anzeige der R\u00fcckerstattung durch Ihre Bank oder Ihr Kreditkartenunternehmen einige Zeit in Anspruch nehmen kann (zwischen 5 und 15 Werktagen). <\/p>\t\t\t<\/div>\n\t\t<\/div>\n\t\t\t\t<\/div>\n\t\t\t\t\t\t<\/div>\n\t\t\t\t<\/div>\n\t\t\t\t<div class=\"elementor-element elementor-element-ea8021f elementor-widget elementor-widget-tm-heading\" data-id=\"ea8021f\" data-element_type=\"widget\" data-e-type=\"widget\" data-widget_type=\"tm-heading.default\">\n\t\t\t\t<div class=\"elementor-widget-container\">\n\t\t\t\t\t\t\t<div class=\"tm-modern-heading tm-modern-heading--style-02 tm-modern-heading--highlight-style-01\">\n\t\t\t\n\t\t\t\t\t<div class=\"heading-primary-wrap\">\n\t\t\t<h2 class=\"heading-primary elementor-heading-title\">Nicht erstattungsf\u00e4hige Artikel\n<\/h2>\t\t<\/div>\n\t\t\n\t\t\t\n\t\t\t\t\t<div class=\"heading-description-wrap\">\n\t\t\t<div class=\"heading-description\">\n\t\t\t\t<p>Aus Gr\u00fcnden der Hygiene und Sicherheit unserer Kunden werden bestimmte Artikel als nicht r\u00fcckgabe- und erstattungsf\u00e4hig betrachtet.<br>Dazu geh\u00f6ren, aber nicht ausschlie\u00dflich, ausgepackte, benutzte, fleckige, schmutzige und andere Produkte, die in direktem Kontakt mit dem Produkt stehen.<\/p><p>Jeder Artikel, der ge\u00f6ffnet, gewaschen, besch\u00e4digt, gebrochen oder in irgendeiner Weise ver\u00e4ndert wurde.<\/p><p>Bitte lesen Sie die Produktbeschreibung und die Begleitdokumentation, um spezifische Informationen zur R\u00fcckgabe jedes Produkts zu erhalten. Wenn Sie nicht sicher sind, ob Ihr Artikel zur\u00fcckgegeben werden kann, wenden Sie sich bitte an unseren Kundenservice, bevor Sie ihn zur\u00fccksenden. <\/p><p>Vielen Dank, dass Sie bei uns einkaufen und unsere R\u00fcckgaberichtlinien verstehen, damit wir allen unseren Kunden eine sichere und angenehme Erfahrung bieten k\u00f6nnen.<\/p>\t\t\t<\/div>\n\t\t<\/div>\n\t\t\t\t<\/div>\n\t\t\t\t\t\t<\/div>\n\t\t\t\t<\/div>\n\t\t\t\t\t<\/div>\n\t\t<\/div>\n\t\t\t\t\t<\/div>\n\t\t<\/section>\n\t\t<div class=\"elementor-element elementor-element-a80fd46 e-flex e-con-boxed e-con e-parent\" data-id=\"a80fd46\" data-element_type=\"container\" data-e-type=\"container\">\n\t\t\t\t\t<div class=\"e-con-inner\">\n\t\t\t\t<div class=\"elementor-element elementor-element-755243c elementor-widget elementor-widget-tm-heading\" data-id=\"755243c\" data-element_type=\"widget\" data-e-type=\"widget\" data-widget_type=\"tm-heading.default\">\n\t\t\t\t<div class=\"elementor-widget-container\">\n\t\t\t\t\t\t\t<div class=\"tm-modern-heading tm-modern-heading--style-02 tm-modern-heading--highlight-style-01\">\n\t\t\t\n\t\t\t\t\t<div class=\"heading-primary-wrap\">\n\t\t\t<h2 class=\"heading-primary elementor-heading-title\">Antrag auf R\u00fcckgabe \u2935\ufe0f<\/h2>\t\t<\/div>\n\t\t\n\t\t\t\n\t\t\t\t\t<\/div>\n\t\t\t\t\t\t<\/div>\n\t\t\t\t<\/div>\n\t\t\t\t<div class=\"elementor-element elementor-element-7695e12 elementor-widget elementor-widget-html\" data-id=\"7695e12\" data-element_type=\"widget\" data-e-type=\"widget\" data-widget_type=\"html.default\">\n\t\t\t\t<div class=\"elementor-widget-container\">\n\t\t\t\t\t<iframe data-tally-src=\"https:\/\/tally.so\/embed\/waa8Eb?alignLeft=1&hideTitle=1&transparentBackground=1&dynamicHeight=1\" loading=\"lazy\" width=\"100%\" height=\"614\" frameborder=\"0\" marginheight=\"0\" marginwidth=\"0\" title=\"Retour (EN)\"><\/iframe>\n<script>var d=document,w=\"https:\/\/tally.so\/widgets\/embed.js\",v=function(){\"undefined\"!=typeof Tally?Tally.loadEmbeds():d.querySelectorAll(\"iframe[data-tally-src]:not([src])\").forEach((function(e){e.src=e.dataset.tallySrc}))};if(\"undefined\"!=typeof Tally)v();else if(d.querySelector('script[src=\"'+w+'\"]')==null){var s=d.createElement(\"script\");s.src=w,s.onload=v,s.onerror=v,d.body.appendChild(s);}<\/script>\t\t\t\t<\/div>\n\t\t\t\t<\/div>\n\t\t\t\t\t<\/div>\n\t\t\t\t<\/div>\n\t\t\t\t<\/div>\n\t\t\n\n<div class=\"kk-star-ratings kksr-auto kksr-align-center kksr-valign-bottom\"\n    data-payload='{&quot;align&quot;:&quot;center&quot;,&quot;id&quot;:&quot;22387&quot;,&quot;slug&quot;:&quot;default&quot;,&quot;valign&quot;:&quot;bottom&quot;,&quot;ignore&quot;:&quot;&quot;,&quot;reference&quot;:&quot;auto&quot;,&quot;class&quot;:&quot;&quot;,&quot;count&quot;:&quot;0&quot;,&quot;legendonly&quot;:&quot;&quot;,&quot;readonly&quot;:&quot;&quot;,&quot;score&quot;:&quot;0&quot;,&quot;starsonly&quot;:&quot;&quot;,&quot;best&quot;:&quot;5&quot;,&quot;gap&quot;:&quot;5&quot;,&quot;greet&quot;:&quot;&quot;,&quot;legend&quot;:&quot;0\\\/5&quot;,&quot;size&quot;:&quot;24&quot;,&quot;title&quot;:&quot;R\u00fcckgabe und Erstattung&quot;,&quot;width&quot;:&quot;0&quot;,&quot;_legend&quot;:&quot;{score}\\\/{best}&quot;,&quot;font_factor&quot;:&quot;1.25&quot;}'>\n            \n<div class=\"kksr-stars\">\n    \n<div class=\"kksr-stars-inactive\">\n            <div class=\"kksr-star\" data-star=\"1\" style=\"padding-right: 5px\">\n            \n\n<div class=\"kksr-icon\" style=\"width: 24px; height: 24px;\"><\/div>\n        <\/div>\n            <div class=\"kksr-star\" data-star=\"2\" style=\"padding-right: 5px\">\n            \n\n<div class=\"kksr-icon\" style=\"width: 24px; height: 24px;\"><\/div>\n        <\/div>\n            <div class=\"kksr-star\" data-star=\"3\" style=\"padding-right: 5px\">\n            \n\n<div class=\"kksr-icon\" style=\"width: 24px; height: 24px;\"><\/div>\n        <\/div>\n            <div class=\"kksr-star\" data-star=\"4\" style=\"padding-right: 5px\">\n            \n\n<div class=\"kksr-icon\" style=\"width: 24px; height: 24px;\"><\/div>\n        <\/div>\n            <div class=\"kksr-star\" data-star=\"5\" style=\"padding-right: 5px\">\n            \n\n<div class=\"kksr-icon\" style=\"width: 24px; height: 24px;\"><\/div>\n        <\/div>\n    <\/div>\n    \n<div class=\"kksr-stars-active\" style=\"width: 0px;\">\n            <div class=\"kksr-star\" style=\"padding-right: 5px\">\n            \n\n<div class=\"kksr-icon\" style=\"width: 24px; height: 24px;\"><\/div>\n        <\/div>\n            <div class=\"kksr-star\" style=\"padding-right: 5px\">\n            \n\n<div class=\"kksr-icon\" style=\"width: 24px; height: 24px;\"><\/div>\n        <\/div>\n            <div class=\"kksr-star\" style=\"padding-right: 5px\">\n            \n\n<div class=\"kksr-icon\" style=\"width: 24px; height: 24px;\"><\/div>\n        <\/div>\n            <div class=\"kksr-star\" style=\"padding-right: 5px\">\n            \n\n<div class=\"kksr-icon\" style=\"width: 24px; height: 24px;\"><\/div>\n        <\/div>\n            <div class=\"kksr-star\" style=\"padding-right: 5px\">\n            \n\n<div class=\"kksr-icon\" style=\"width: 24px; height: 24px;\"><\/div>\n        <\/div>\n    <\/div>\n<\/div>\n                \n\n<div class=\"kksr-legend\" style=\"font-size: 19.2px;\">\n            <span class=\"kksr-muted\"><\/span>\n    <\/div>\n    <\/div>\n","protected":false},"excerpt":{"rendered":"<p>R\u00fcckgabepolitik Einf\u00fchrung Wir wenden ein 14-t\u00e4giges R\u00fcckgaberecht an, was bedeutet, dass Sie innerhalb von 14 Tagen nach Erhalt Ihres Artikels eine R\u00fcckgabe beantragen k\u00f6nnen. Um zur\u00fcckgegeben werden zu k\u00f6nnen, muss Ihr Artikel in demselben Zustand sein, in dem Sie ihn erhalten haben, unge\u00f6ffnet oder unbenutzt, mit Etiketten und in der Originalverpackung. Sie ben\u00f6tigen au\u00dferdem die Quittung oder den Kaufnachweis. Um eine R\u00fccksendung zu veranlassen, k\u00f6nnen Sie uns \u00fcber die Kontaktseite oder das untenstehende Formular kontaktieren. Wenn Ihre R\u00fccksendung akzeptiert wird, erhalten Sie von uns Anweisungen, wie und wo Sie Ihr Paket versenden k\u00f6nnen. Artikel, die ohne vorherige R\u00fcckgabeanfrage an uns zur\u00fcckgeschickt werden, werden nicht angenommen. Wenn Sie Fragen zu R\u00fccksendungen haben, k\u00f6nnen Sie sich jederzeit \u00fcber unsere Kontaktseite an uns wenden. Versandkosten Wir wissen, wie wichtig ein reibungsloses Einkaufserlebnis ist. Wenn Sie einen Artikel zur\u00fcckgeben m\u00f6chten, denken Sie bitte daran, dass die Versandkosten von Ihnen getragen werden.F\u00fcr unsere Kunden haben wir R\u00fcckgabelager in Europa und den USA. Wenn Sie in diesen Regionen wohnen, k\u00f6nnen Sie f\u00fcr Ihre R\u00fccksendungen einen nationalen Versand in Anspruch nehmen. Wir werden Ihnen bei der Beantragung Ihrer R\u00fccksendung die spezifischen Adressen unserer Retourenlager mitteilen. Bei unseren gesch\u00e4tzten Kunden au\u00dferhalb dieser Regionen entschuldigen wir uns aufrichtig f\u00fcr alle Unannehmlichkeiten und sch\u00e4tzen Ihr Verst\u00e4ndnis. Wir sind bestrebt, Ihnen das bestm\u00f6gliche Einkaufserlebnis zu bieten. Versandkosten F\u00fcr die R\u00fccksendung der Artikel wird eine Wiedereinlagerungsgeb\u00fchr von 15 \u20ac\/$\/\u00a3 erhoben. Sch\u00e4den und Probleme Bitte pr\u00fcfen Sie Ihre Bestellung bei Erhalt auf Besch\u00e4digungen. Politik der automatischen Weiterleitung Wenn ein Paket in unser Lager zur\u00fcckkommt, senden wir es automatisch und ohne zus\u00e4tzliche Kosten an den Kunden zur\u00fcck. Dies deckt die \u00fcblichen F\u00e4lle ab, in denen das Paket nicht abgeholt wurde oder ein Problem mit der Adresse aufgetreten ist, was in der Regel auf Seiten des Kunden geschieht. Wir l\u00f6sen dieses Problem f\u00fcr Sie ohne zus\u00e4tzliche Kosten. Wenn Sie ein Problem mit dem erhaltenen Artikel haben, k\u00f6nnen Sie ihn nat\u00fcrlich gem\u00e4\u00df unserer R\u00fcckgabepolitik gegen Erstattung des Kaufpreises zur\u00fccksenden. Austausch Der schnellste Weg, um sicherzustellen, dass Sie bekommen, was Sie wollen, ist, den Artikel, den Sie haben, zur\u00fcckzuschicken und nach Annahme der R\u00fccksendung einen separaten Kauf f\u00fcr den neuen Artikel zu t\u00e4tigen. R\u00fcckerstattungen Wir werden Sie benachrichtigen, sobald wir Ihre R\u00fccksendung erhalten und gepr\u00fcft haben, und Ihnen mitteilen, ob die R\u00fcckerstattung genehmigt wurde oder nicht. Wenn die R\u00fcckerstattung genehmigt wird, erhalten Sie automatisch eine R\u00fcckerstattung \u00fcber Ihre urspr\u00fcngliche Zahlungsmethode.Bitte denken Sie daran, dass die Bearbeitung und Anzeige der R\u00fcckerstattung durch Ihre Bank oder Ihr Kreditkartenunternehmen einige Zeit in Anspruch nehmen kann (zwischen 5 und 15 Werktagen). Nicht erstattungsf\u00e4hige Artikel Aus Gr\u00fcnden der Hygiene und Sicherheit unserer Kunden werden bestimmte Artikel als nicht r\u00fcckgabe- und erstattungsf\u00e4hig betrachtet.Dazu geh\u00f6ren, aber nicht ausschlie\u00dflich, ausgepackte, benutzte, fleckige, schmutzige und andere Produkte, die in direktem Kontakt mit dem Produkt stehen. Jeder Artikel, der ge\u00f6ffnet, gewaschen, besch\u00e4digt, gebrochen oder in irgendeiner Weise ver\u00e4ndert wurde. Bitte lesen Sie die Produktbeschreibung und die Begleitdokumentation, um spezifische Informationen zur R\u00fcckgabe jedes Produkts zu erhalten. Wenn Sie nicht sicher sind, ob Ihr Artikel zur\u00fcckgegeben werden kann, wenden Sie sich bitte an unseren Kundenservice, bevor Sie ihn zur\u00fccksenden. Vielen Dank, dass Sie bei uns einkaufen und unsere R\u00fcckgaberichtlinien verstehen, damit wir allen unseren Kunden eine sichere und angenehme Erfahrung bieten k\u00f6nnen. Antrag auf R\u00fcckgabe \u2935\ufe0f<\/p>\n","protected":false},"author":2,"featured_media":0,"parent":0,"menu_order":0,"comment_status":"closed","ping_status":"closed","template":"","meta":{"footnotes":""},"class_list":["post-22387","page","type-page","status-publish","hentry","post-no-thumbnail"],"_links":{"self":[{"href":"https:\/\/shaktio.com\/de\/wp-json\/wp\/v2\/pages\/22387","targetHints":{"allow":["GET"]}}],"collection":[{"href":"https:\/\/shaktio.com\/de\/wp-json\/wp\/v2\/pages"}],"about":[{"href":"https:\/\/shaktio.com\/de\/wp-json\/wp\/v2\/types\/page"}],"author":[{"embeddable":true,"href":"https:\/\/shaktio.com\/de\/wp-json\/wp\/v2\/users\/2"}],"replies":[{"embeddable":true,"href":"https:\/\/shaktio.com\/de\/wp-json\/wp\/v2\/comments?post=22387"}],"version-history":[{"count":0,"href":"https:\/\/shaktio.com\/de\/wp-json\/wp\/v2\/pages\/22387\/revisions"}],"wp:attachment":[{"href":"https:\/\/shaktio.com\/de\/wp-json\/wp\/v2\/media?parent=22387"}],"curies":[{"name":"wp","href":"https:\/\/api.w.org\/{rel}","templated":true}]}}