{"id":26607,"date":"2025-04-04T15:20:07","date_gmt":"2025-04-04T15:20:07","guid":{"rendered":"https:\/\/shaktio.com\/akupressur-stirnband-schwarz-original\/"},"modified":"2025-04-10T20:51:25","modified_gmt":"2025-04-10T20:51:25","slug":"akupressur-stirnband-schwarz-original","status":"publish","type":"product","link":"https:\/\/shaktio.com\/de\/akupressur-stirnband-schwarz-original\/","title":{"rendered":"Akupressur-Stirnband Schwarz Original"},"content":{"rendered":"<h2><span style=\"font-size: 18pt;\"><b>Entspannen Sie sich und l\u00f6sen Sie Ihre Verspannungen mit dem Akupressur-Stirnband.<\/b><\/span><\/h2>\n<h2><span style=\"font-size: 18pt;\"><b>Befreien Sie sich von Nackenschmerzen und Alltagsstress<\/b><\/span><\/h2>\n<p class=\"p3\">Leiden Sie unter Nackenverspannungen, Migr\u00e4ne oder aufgestautem Stress? Unser Akupressurkissen wurde entwickelt, um Ihnen eine nat\u00fcrliche und effektive L\u00f6sung zu bieten. Inspiriert von den uralten Techniken der traditionellen chinesischen Medizin stimuliert es bestimmte Punkte, um Entspannung und Wohlbefinden zu f\u00f6rdern.<\/p>\n<h3><span style=\"font-size: 18pt;\"><b>Warum sollten Sie sich f\u00fcr unsere <\/b><\/span><span style=\"font-size: 18pt;\"><b>Akupressur-Stirnband<\/b><\/span><span style=\"font-size: 18pt;\"><b>?<\/b><\/span><\/h3>\n<ul>\n<li>\n<p class=\"p1\"><span class=\"s1\"><b>Nat\u00fcrliche Schmerzlinderung<\/b><\/span> Die speziell entwickelten Noppen \u00fcben einen sanften Druck auf die Akupressurpunkte aus und helfen so, Muskelverspannungen zu l\u00f6sen und Nackenschmerzen zu reduzieren.<\/p>\n<\/li>\n<li>\n<p class=\"p1\"><span class=\"s1\"><b>Verbesserung der Blutzirkulation<\/b><\/span> Durch die Stimulierung der Mikrozirkulation f\u00f6rdert das Kissen die Sauerstoffversorgung des Gewebes und tr\u00e4gt zu einer besseren Erholung der Muskeln bei.<\/p>\n<\/li>\n<li>\n<p class=\"p1\"><span class=\"s1\"><b>Stressabbau und Verbesserung des Schlafs<\/b><\/span> Regelm\u00e4\u00dfige Anwendung kann helfen, den Stresspegel zu senken und einen erholsamen Schlaf zu f\u00f6rdern.<\/p>\n<\/li>\n<li>\n<p class=\"p1\"><span class=\"s1\"><b>Einfache und praktische Bedienung<\/b><\/span> Kompakt und leicht, f\u00fcgt er sich leicht in Ihre t\u00e4gliche Routine ein, sei es zu Hause oder im B\u00fcro.<\/p>\n<\/li>\n<\/ul>\n<p>&nbsp;<\/p>\n<h3><span style=\"font-size: 14pt;\"><b>Antworten auf Ihre h\u00e4ufig gestellten Fragen<\/b><\/span><\/h3>\n<ul>\n<li>\n<p class=\"p1\"><i>Ist die Benutzung des Kissens schmerzhaft?<\/i><i><\/i><\/p>\n<p class=\"p1\">Die erste Anwendung kann ein ungewohntes Gef\u00fchl hervorrufen, das sich jedoch schnell legt und einer angenehmen Entspannung Platz macht.<\/p>\n<\/li>\n<li>\n<p class=\"p1\"><i>Wie lange muss ich es verwenden, um eine Wirkung zu erzielen?<\/i><i><\/i><\/p>\n<p class=\"p1\">Eine Sitzung von 15 bis 20 Minuten pro Tag wird empfohlen, um optimale Ergebnisse zu erzielen.<\/p>\n<\/li>\n<li>\n<p class=\"p1\"><i>Gibt es Kontraindikationen?<\/i><i><\/i><\/p>\n<\/li>\n<\/ul>\n<p><span style=\"font-family: arial, helvetica, sans-serif;\"><br \/>\nWenn Sie auf der Suche nach einem weiteren [product_category_link] sind, sei es als Geschenk oder f\u00fcr sich selbst, schauen Sie sich unseren [next_product_same_category] an.<\/span><\/p>\n","protected":false},"excerpt":{"rendered":"<p class=\"p1\"><span style=\"font-family: arial, helvetica, sans-serif; color: #333333;\">\ud83d\udc86\u200d\u2640\ufe0f Lindert Nackenschmerzen<\/span><br \/>\n<span style=\"font-family: arial, helvetica, sans-serif; color: #333333;\">\ud83e\ude78 Verbessert die Blutzirkulation<\/span><br \/>\n<span style=\"font-family: arial, helvetica, sans-serif; color: #333333;\">\ud83e\uddd8\u200d\u2642\ufe0f Reduziert Stress und f\u00f6rdert die Entspannung.<\/span><br \/>\n<span style=\"font-family: arial, helvetica, sans-serif; color: #333333;\">\ud83c\udfe1 Kompakt, leicht und \u00fcberall einsetzbar<\/span><\/p>\n","protected":false},"featured_media":26121,"comment_status":"open","ping_status":"closed","template":"","meta":[],"product_brand":[],"product_cat":[185,187,186],"product_tag":[],"class_list":{"0":"post-26607","1":"product","2":"type-product","3":"status-publish","4":"has-post-thumbnail","6":"product_cat-akupressurkissen","7":"product_cat-akupressur-guertel","8":"product_cat-zubehoer-akupressur","10":"first","11":"instock","12":"shipping-taxable","13":"purchasable","14":"product-type-simple"},"_links":{"self":[{"href":"https:\/\/shaktio.com\/de\/wp-json\/wp\/v2\/product\/26607","targetHints":{"allow":["GET"]}}],"collection":[{"href":"https:\/\/shaktio.com\/de\/wp-json\/wp\/v2\/product"}],"about":[{"href":"https:\/\/shaktio.com\/de\/wp-json\/wp\/v2\/types\/product"}],"replies":[{"embeddable":true,"href":"https:\/\/shaktio.com\/de\/wp-json\/wp\/v2\/comments?post=26607"}],"version-history":[{"count":0,"href":"https:\/\/shaktio.com\/de\/wp-json\/wp\/v2\/product\/26607\/revisions"}],"wp:featuredmedia":[{"embeddable":true,"href":"https:\/\/shaktio.com\/de\/wp-json\/wp\/v2\/media\/26121"}],"wp:attachment":[{"href":"https:\/\/shaktio.com\/de\/wp-json\/wp\/v2\/media?parent=26607"}],"wp:term":[{"taxonomy":"product_brand","embeddable":true,"href":"https:\/\/shaktio.com\/de\/wp-json\/wp\/v2\/product_brand?post=26607"},{"taxonomy":"product_cat","embeddable":true,"href":"https:\/\/shaktio.com\/de\/wp-json\/wp\/v2\/product_cat?post=26607"},{"taxonomy":"product_tag","embeddable":true,"href":"https:\/\/shaktio.com\/de\/wp-json\/wp\/v2\/product_tag?post=26607"}],"curies":[{"name":"wp","href":"https:\/\/api.w.org\/{rel}","templated":true}]}}