{"id":22440,"date":"2025-02-04T15:55:30","date_gmt":"2025-02-04T15:55:30","guid":{"rendered":"https:\/\/shaktio.com\/mapa-del-sitio\/"},"modified":"2025-02-04T15:55:30","modified_gmt":"2025-02-04T15:55:30","slug":"mapa-del-sitio","status":"publish","type":"page","link":"https:\/\/shaktio.com\/es\/mapa-del-sitio\/","title":{"rendered":"Mapa del sitio"},"content":{"rendered":"<div class=\"rank-math-html-sitemap\"><div class=\"rank-math-html-sitemap__section rank-math-html-sitemap__section--post-type rank-math-html-sitemap__section--post\"><h2 class=\"rank-math-html-sitemap__title\">Entradas<\/h2><ul class=\"rank-math-html-sitemap__list\"><li class=\"rank-math-html-sitemap__item\"><a href=\"https:\/\/shaktio.com\/es\/ejercicios-esterilla-bienestar\/\" class=\"rank-math-html-sitemap__link\">Ejercicios efectivos con la esterilla de acupresi\u00f3n para mejorar tu bienestar<\/a><\/li><li class=\"rank-math-html-sitemap__item\"><a href=\"https:\/\/shaktio.com\/es\/funciona-esterilla-acupresion\/\" class=\"rank-math-html-sitemap__link\">C\u00f3mo funciona la esterilla de acupresi\u00f3n y sus beneficios<\/a><\/li><li class=\"rank-math-html-sitemap__item\"><a href=\"https:\/\/shaktio.com\/es\/beneficios-esterilla-acupresion-4\/\" class=\"rank-math-html-sitemap__link\">Beneficios de la esterilla de acupresi\u00f3n de Umbro para tu bienestar<\/a><\/li><li class=\"rank-math-html-sitemap__item\"><a href=\"https:\/\/shaktio.com\/es\/esterilla-acupresion-adelgazar\/\" class=\"rank-math-html-sitemap__link\">Esterilla de acupresi\u00f3n: una herramienta efectiva para adelgazar<\/a><\/li><li class=\"rank-math-html-sitemap__item\"><a href=\"https:\/\/shaktio.com\/es\/beneficios-esterilla-acupresion-3\/\" class=\"rank-math-html-sitemap__link\">Beneficios de la esterilla de acupresi\u00f3n durante el embarazo<\/a><\/li><li class=\"rank-math-html-sitemap__item\"><a href=\"https:\/\/shaktio.com\/es\/beneficios-esterilla-acupresion-2\/\" class=\"rank-math-html-sitemap__link\">Descubre los beneficios de la esterilla de acupresi\u00f3n en El Corte Ingl\u00e9s<\/a><\/li><li class=\"rank-math-html-sitemap__item\"><a href=\"https:\/\/shaktio.com\/es\/esterilla-acupresion-estres\/\" class=\"rank-math-html-sitemap__link\">\u00bfC\u00f3mo funciona la esterilla de acupresi\u00f3n para aliviar el estr\u00e9s?<\/a><\/li><li class=\"rank-math-html-sitemap__item\"><a href=\"https:\/\/shaktio.com\/es\/beneficios-esterilla-acupresion-5\/\" class=\"rank-math-html-sitemap__link\">Descubre los beneficios de la esterilla de acupresi\u00f3n flor de loto<\/a><\/li><li class=\"rank-math-html-sitemap__item\"><a href=\"https:\/\/shaktio.com\/es\/beneficios-esterilla-salud\/\" class=\"rank-math-html-sitemap__link\">Beneficios de la esterilla de acupresi\u00f3n con almohada para la salud<\/a><\/li><li class=\"rank-math-html-sitemap__item\"><a href=\"https:\/\/shaktio.com\/es\/esterilla-acupresion-celulitis\/\" class=\"rank-math-html-sitemap__link\">Esterilla de acupresi\u00f3n: una soluci\u00f3n efectiva para combatir la celulitis<\/a><\/li><li class=\"rank-math-html-sitemap__item\"><a href=\"https:\/\/shaktio.com\/es\/acupresion-esterilla-usos\/\" class=\"rank-math-html-sitemap__link\">Esterilla de acupresi\u00f3n: \u00bfpara qu\u00e9 sirve realmente?<\/a><\/li><li class=\"rank-math-html-sitemap__item\"><a href=\"https:\/\/shaktio.com\/es\/esterilla-acupresion-usos\/\" class=\"rank-math-html-sitemap__link\">Esterilla de acupresi\u00f3n: \u00bfpara qu\u00e9 sirve realmente?<\/a><\/li><li class=\"rank-math-html-sitemap__item\"><a href=\"https:\/\/shaktio.com\/es\/esterilla-acupresion-bienestar\/\" class=\"rank-math-html-sitemap__link\">C\u00f3mo usar una esterilla de acupresi\u00f3n para mejorar tu bienestar.<\/a><\/li><li class=\"rank-math-html-sitemap__item\"><a href=\"https:\/\/shaktio.com\/es\/acupresion-beneficios-opiniones\/\" class=\"rank-math-html-sitemap__link\">Esterilla de acupresi\u00f3n: opiniones y beneficios reales<\/a><\/li><li class=\"rank-math-html-sitemap__item\"><a href=\"https:\/\/shaktio.com\/es\/acupresion-contraindicaciones\/\" class=\"rank-math-html-sitemap__link\">Esterilla de acupresi\u00f3n: contraindicaciones y precauciones a tener en cuenta<\/a><\/li><li class=\"rank-math-html-sitemap__item\"><a href=\"https:\/\/shaktio.com\/es\/beneficios-esterilla-acupresion\/\" class=\"rank-math-html-sitemap__link\">Beneficios de la esterilla de acupresi\u00f3n para tu bienestar<\/a><\/li><\/ul><\/div><div class=\"rank-math-html-sitemap__section rank-math-html-sitemap__section--post-type rank-math-html-sitemap__section--page\"><h2 class=\"rank-math-html-sitemap__title\">P\u00e1ginas<\/h2><ul class=\"rank-math-html-sitemap__list\"><li class=\"rank-math-html-sitemap__item\"><a href=\"https:\/\/shaktio.com\/es\/cobertura-de-prensa\/\" class=\"rank-math-html-sitemap__link\">Cobertura de prensa<\/a><\/li><li class=\"rank-math-html-sitemap__item\"><a href=\"https:\/\/shaktio.com\/es\/guia-de-cuidado\/\" class=\"rank-math-html-sitemap__link\">Gu\u00eda de cuidado<\/a><\/li><li class=\"rank-math-html-sitemap__item\"><a href=\"https:\/\/shaktio.com\/es\/como-usarlo\/\" class=\"rank-math-html-sitemap__link\">\u00bfC\u00f3mo lo utilizas?<\/a><\/li><li class=\"rank-math-html-sitemap__item\"><a href=\"https:\/\/shaktio.com\/es\/dolor-muscular\/\" class=\"rank-math-html-sitemap__link\">Dolor muscular<\/a><\/li><li class=\"rank-math-html-sitemap__item\"><a href=\"https:\/\/shaktio.com\/es\/cabeza-despejada\/\" class=\"rank-math-html-sitemap__link\">Cabeza despejada<\/a><\/li><li class=\"rank-math-html-sitemap__item\"><a href=\"https:\/\/shaktio.com\/es\/sueno-profundo\/\" class=\"rank-math-html-sitemap__link\">Sue\u00f1o profundo<\/a><\/li><li class=\"rank-math-html-sitemap__item\"><a href=\"https:\/\/shaktio.com\/es\/piel-tonificada\/\" class=\"rank-math-html-sitemap__link\">Piel tonificada<\/a><\/li><li class=\"rank-math-html-sitemap__item\"><a href=\"https:\/\/shaktio.com\/es\/aumento-de-la-energia\/\" class=\"rank-math-html-sitemap__link\">Aumento de la energ\u00eda<\/a><\/li><li class=\"rank-math-html-sitemap__item\"><a href=\"https:\/\/shaktio.com\/es\/espaldas-felices\/\" class=\"rank-math-html-sitemap__link\">Espaldas felices<\/a><\/li><li class=\"rank-math-html-sitemap__item\"><a href=\"https:\/\/shaktio.com\/es\/guia-de-envio\/\" class=\"rank-math-html-sitemap__link\">Gu\u00eda de env\u00edo<\/a><\/li><li class=\"rank-math-html-sitemap__item\"><a href=\"https:\/\/shaktio.com\/es\/confidencialidad\/\" class=\"rank-math-html-sitemap__link\">Confidencialidad<\/a><\/li><li class=\"rank-math-html-sitemap__item\"><a href=\"https:\/\/shaktio.com\/es\/seguimiento-de-pedidos\/\" class=\"rank-math-html-sitemap__link\">Seguimiento de pedidos<\/a><\/li><li class=\"rank-math-html-sitemap__item\"><a href=\"https:\/\/shaktio.com\/es\/testimonios\/\" class=\"rank-math-html-sitemap__link\">Testimonios<\/a><\/li><li class=\"rank-math-html-sitemap__item\"><a href=\"https:\/\/shaktio.com\/es\/acupresion\/\" class=\"rank-math-html-sitemap__link\">Acupresi\u00f3n<\/a><\/li><li class=\"rank-math-html-sitemap__item\"><a href=\"https:\/\/shaktio.com\/es\/estudio-clinico\/\" class=\"rank-math-html-sitemap__link\">Estudio cl\u00ednico<\/a><\/li><li class=\"rank-math-html-sitemap__item\"><a href=\"https:\/\/shaktio.com\/es\/quienes-somos\/\" class=\"rank-math-html-sitemap__link\">\u00bfQui\u00e9nes somos?<\/a><\/li><li class=\"rank-math-html-sitemap__item\"><a href=\"https:\/\/shaktio.com\/es\/mapa-del-sitio\/\" class=\"rank-math-html-sitemap__link\">Mapa del sitio<\/a><\/li><li class=\"rank-math-html-sitemap__item\"><a href=\"https:\/\/shaktio.com\/es\/informacion-legal\/\" class=\"rank-math-html-sitemap__link\">Informaci\u00f3n legal<\/a><\/li><li class=\"rank-math-html-sitemap__item\"><a href=\"https:\/\/shaktio.com\/es\/condiciones-generales\/\" class=\"rank-math-html-sitemap__link\">Condiciones generales<\/a><\/li><li class=\"rank-math-html-sitemap__item\"><a href=\"https:\/\/shaktio.com\/es\/devoluciones-y-reembolsos\/\" class=\"rank-math-html-sitemap__link\">Devoluciones y reembolsos<\/a><\/li><li class=\"rank-math-html-sitemap__item\"><a href=\"https:\/\/shaktio.com\/es\/validacion-de-pedidos\/\" class=\"rank-math-html-sitemap__link\">Validaci\u00f3n de pedidos<\/a><\/li><li class=\"rank-math-html-sitemap__item\"><a href=\"https:\/\/shaktio.com\/es\/cesta\/\" class=\"rank-math-html-sitemap__link\">Cesta<\/a><\/li><li class=\"rank-math-html-sitemap__item\"><a href=\"https:\/\/shaktio.com\/es\/tienda\/\" class=\"rank-math-html-sitemap__link\">Tienda<\/a><\/li><li class=\"rank-math-html-sitemap__item\"><a href=\"https:\/\/shaktio.com\/es\/\" class=\"rank-math-html-sitemap__link\">Inicio<\/a><\/li><li class=\"rank-math-html-sitemap__item\"><a href=\"https:\/\/shaktio.com\/es\/contacto\/\" class=\"rank-math-html-sitemap__link\">Ponte en contacto con<\/a><\/li><li class=\"rank-math-html-sitemap__item\"><a href=\"https:\/\/shaktio.com\/es\/preguntas-frecuentes\/\" class=\"rank-math-html-sitemap__link\">PREGUNTAS FRECUENTES<\/a><\/li><li class=\"rank-math-html-sitemap__item\"><a href=\"https:\/\/shaktio.com\/es\/nuestras-tiendas\/\" class=\"rank-math-html-sitemap__link\">Nuestras tiendas<\/a><\/li><li class=\"rank-math-html-sitemap__item\"><a href=\"https:\/\/shaktio.com\/es\/blog\/\" class=\"rank-math-html-sitemap__link\">Blog<\/a><\/li><li class=\"rank-math-html-sitemap__item\"><a href=\"https:\/\/shaktio.com\/es\/mi-cuenta\/\" class=\"rank-math-html-sitemap__link\">Mi cuenta<\/a><\/li><li class=\"rank-math-html-sitemap__item\"><a href=\"https:\/\/shaktio.com\/es\/checkout\/\" class=\"rank-math-html-sitemap__link\">Checkout<\/a><\/li><li class=\"rank-math-html-sitemap__item\"><a href=\"https:\/\/shaktio.com\/es\/cart\/\" class=\"rank-math-html-sitemap__link\">Shopping Cart<\/a><\/li><\/ul><\/div><div class=\"rank-math-html-sitemap__section rank-math-html-sitemap__section--post-type rank-math-html-sitemap__section--product\"><h2 class=\"rank-math-html-sitemap__title\">Productos<\/h2><ul class=\"rank-math-html-sitemap__list\"><li class=\"rank-math-html-sitemap__item\"><a href=\"https:\/\/shaktio.com\/es\/set-de-acupresion-premium-gris-turquesa\/\" class=\"rank-math-html-sitemap__link\">Set de acupresi\u00f3n Premium Gris Turquesa<\/a><\/li><li class=\"rank-math-html-sitemap__item\"><a href=\"https:\/\/shaktio.com\/es\/set-de-acupresion-black-gold-premium\/\" class=\"rank-math-html-sitemap__link\">Set de acupresi\u00f3n Black &amp; Gold Premium<\/a><\/li><li class=\"rank-math-html-sitemap__item\"><a href=\"https:\/\/shaktio.com\/es\/set-de-acupresion-premium-negro-y-gris\/\" class=\"rank-math-html-sitemap__link\">Set de Acupresi\u00f3n Premium Negro y Gris<\/a><\/li><li class=\"rank-math-html-sitemap__item\"><a href=\"https:\/\/shaktio.com\/es\/set-de-acupresion-gris-premium\/\" class=\"rank-math-html-sitemap__link\">Set de acupresi\u00f3n Gris Premium<\/a><\/li><li class=\"rank-math-html-sitemap__item\"><a href=\"https:\/\/shaktio.com\/es\/set-de-acupresion-full-black-premium\/\" class=\"rank-math-html-sitemap__link\">Set de acupresi\u00f3n Full Black Premium<\/a><\/li><li class=\"rank-math-html-sitemap__item\"><a href=\"https:\/\/shaktio.com\/es\/set-de-acupresion-violeta-premium\/\" class=\"rank-math-html-sitemap__link\">Set de acupresi\u00f3n Violeta Premium<\/a><\/li><li class=\"rank-math-html-sitemap__item\"><a href=\"https:\/\/shaktio.com\/es\/set-de-acupresion-verde-original\/\" class=\"rank-math-html-sitemap__link\">Set de acupresi\u00f3n verde original<\/a><\/li><li class=\"rank-math-html-sitemap__item\"><a href=\"https:\/\/shaktio.com\/es\/set-de-acupresion-orange-original\/\" class=\"rank-math-html-sitemap__link\">Set de acupresi\u00f3n Orange Original<\/a><\/li><li class=\"rank-math-html-sitemap__item\"><a href=\"https:\/\/shaktio.com\/es\/set-de-acupresion-original-amarillo\/\" class=\"rank-math-html-sitemap__link\">Set de acupresi\u00f3n original amarillo<\/a><\/li><li class=\"rank-math-html-sitemap__item\"><a href=\"https:\/\/shaktio.com\/es\/set-de-acupresion-original-full-negro\/\" class=\"rank-math-html-sitemap__link\">Set de acupresi\u00f3n Original Full Negro<\/a><\/li><li class=\"rank-math-html-sitemap__item\"><a href=\"https:\/\/shaktio.com\/es\/set-de-acupresion-violeta-original\/\" class=\"rank-math-html-sitemap__link\">Set de acupresi\u00f3n Violeta Original<\/a><\/li><li class=\"rank-math-html-sitemap__item\"><a href=\"https:\/\/shaktio.com\/es\/set-de-acupresion-original-negro\/\" class=\"rank-math-html-sitemap__link\">Set de acupresi\u00f3n original negro<\/a><\/li><li class=\"rank-math-html-sitemap__item\"><a href=\"https:\/\/shaktio.com\/es\/set-de-acupresion-original-gris\/\" class=\"rank-math-html-sitemap__link\">Set de acupresi\u00f3n Original Gris<\/a><\/li><li class=\"rank-math-html-sitemap__item\"><a href=\"https:\/\/shaktio.com\/es\/set-de-acupresion-original-azul\/\" class=\"rank-math-html-sitemap__link\">Set de acupresi\u00f3n original azul<\/a><\/li><li class=\"rank-math-html-sitemap__item\"><a href=\"https:\/\/shaktio.com\/es\/diadema-de-acupresion-original-negra\/\" class=\"rank-math-html-sitemap__link\">Diadema de acupresi\u00f3n original negra<\/a><\/li><li class=\"rank-math-html-sitemap__item\"><a href=\"https:\/\/shaktio.com\/es\/almohada-de-acupresion-negra-original\/\" class=\"rank-math-html-sitemap__link\">Almohada de acupresi\u00f3n negra original<\/a><\/li><li class=\"rank-math-html-sitemap__item\"><a href=\"https:\/\/shaktio.com\/es\/almohada-de-acupresion-gris-original\/\" class=\"rank-math-html-sitemap__link\">Almohada de acupresi\u00f3n Gris Original<\/a><\/li><li class=\"rank-math-html-sitemap__item\"><a href=\"https:\/\/shaktio.com\/es\/cinturon-de-acupresion-original-gris\/\" class=\"rank-math-html-sitemap__link\">Cintur\u00f3n de acupresi\u00f3n original gris<\/a><\/li><li class=\"rank-math-html-sitemap__item\"><a href=\"https:\/\/shaktio.com\/es\/cinturon-de-acupresion-violeta-original\/\" class=\"rank-math-html-sitemap__link\">Cintur\u00f3n de acupresi\u00f3n Violeta Original<\/a><\/li><li class=\"rank-math-html-sitemap__item\"><a href=\"https:\/\/shaktio.com\/es\/esterilla-acupresion-gris-turquesa-premium\/\" class=\"rank-math-html-sitemap__link\">Esterilla acupresion Gris Turquesa Premium<\/a><\/li><li class=\"rank-math-html-sitemap__item\"><a href=\"https:\/\/shaktio.com\/es\/cojin-de-acupresion-original-gold\/\" class=\"rank-math-html-sitemap__link\">Coj\u00edn de acupresi\u00f3n Original Gold<\/a><\/li><li class=\"rank-math-html-sitemap__item\"><a href=\"https:\/\/shaktio.com\/es\/esterilla-acupresion-black-gold-premium\/\" class=\"rank-math-html-sitemap__link\">Esterilla acupresi\u00f3n Black &amp; Gold Premium<\/a><\/li><li class=\"rank-math-html-sitemap__item\"><a href=\"https:\/\/shaktio.com\/es\/alfombrilla-de-acupresion-premium-negra-y-gris\/\" class=\"rank-math-html-sitemap__link\">Esterilla acupresi\u00f3n Premium Negra y Gris<\/a><\/li><li class=\"rank-math-html-sitemap__item\"><a href=\"https:\/\/shaktio.com\/es\/esterilla-acupresion-premium-gris\/\" class=\"rank-math-html-sitemap__link\">Esterilla acupresi\u00f3n Premium Gris<\/a><\/li><li class=\"rank-math-html-sitemap__item\"><a href=\"https:\/\/shaktio.com\/es\/esterilla-acupresion-full-black-premium\/\" class=\"rank-math-html-sitemap__link\">Esterilla acupresi\u00f3n Full Black Premium<\/a><\/li><li class=\"rank-math-html-sitemap__item\"><a href=\"https:\/\/shaktio.com\/es\/esterilla-acupresion-violeta-premium\/\" class=\"rank-math-html-sitemap__link\">Esterilla acupresi\u00f3n Violeta Premium<\/a><\/li><li class=\"rank-math-html-sitemap__item\"><a href=\"https:\/\/shaktio.com\/es\/cojin-de-acupresion-cervical-original-negro\/\" class=\"rank-math-html-sitemap__link\">Coj\u00edn de acupresi\u00f3n cervical original negro<\/a><\/li><li class=\"rank-math-html-sitemap__item\"><a href=\"https:\/\/shaktio.com\/es\/cojin-de-acupresion-full-black-original\/\" class=\"rank-math-html-sitemap__link\">Coj\u00edn de acupresi\u00f3n Full Black Original<\/a><\/li><li class=\"rank-math-html-sitemap__item\"><a href=\"https:\/\/shaktio.com\/es\/cojin-de-acupresion-original-negro-y-amarillo\/\" class=\"rank-math-html-sitemap__link\">Coj\u00edn de acupresi\u00f3n original negro y amarillo<\/a><\/li><li class=\"rank-math-html-sitemap__item\"><a href=\"https:\/\/shaktio.com\/es\/cojin-de-acupresion-orange-original\/\" class=\"rank-math-html-sitemap__link\">Coj\u00edn de acupresi\u00f3n Orange Original<\/a><\/li><li class=\"rank-math-html-sitemap__item\"><a href=\"https:\/\/shaktio.com\/es\/cojin-de-acupresion-violeta-original\/\" class=\"rank-math-html-sitemap__link\">Coj\u00edn de acupresi\u00f3n Violeta Original<\/a><\/li><li class=\"rank-math-html-sitemap__item\"><a href=\"https:\/\/shaktio.com\/es\/cojin-de-acupresion-gris-original\/\" class=\"rank-math-html-sitemap__link\">Coj\u00edn de acupresi\u00f3n Gris Original<\/a><\/li><li class=\"rank-math-html-sitemap__item\"><a href=\"https:\/\/shaktio.com\/es\/cojin-de-acupresion-verde-original\/\" class=\"rank-math-html-sitemap__link\">Coj\u00edn de acupresi\u00f3n verde original<\/a><\/li><li class=\"rank-math-html-sitemap__item\"><a href=\"https:\/\/shaktio.com\/es\/cojin-de-acupresion-original-negro\/\" class=\"rank-math-html-sitemap__link\">Coj\u00edn de acupresi\u00f3n original negro<\/a><\/li><li class=\"rank-math-html-sitemap__item\"><a href=\"https:\/\/shaktio.com\/es\/esterilla-acupresion-verde-original\/\" class=\"rank-math-html-sitemap__link\">Esterilla acupresi\u00f3n verde original<\/a><\/li><li class=\"rank-math-html-sitemap__item\"><a href=\"https:\/\/shaktio.com\/es\/esterilla-acupresion-naranja-original\/\" class=\"rank-math-html-sitemap__link\">Esterilla acupresi\u00f3n Naranja Original<\/a><\/li><li class=\"rank-math-html-sitemap__item\"><a href=\"https:\/\/shaktio.com\/es\/esterilla-acupresion-original-amarilla\/\" class=\"rank-math-html-sitemap__link\">Esterilla acupresi\u00f3n original amarilla<\/a><\/li><li class=\"rank-math-html-sitemap__item\"><a href=\"https:\/\/shaktio.com\/es\/esterilla-acupresion-original-full-black\/\" class=\"rank-math-html-sitemap__link\">Esterilla acupresi\u00f3n Original Full Black<\/a><\/li><li class=\"rank-math-html-sitemap__item\"><a href=\"https:\/\/shaktio.com\/es\/esterilla-acupresion-violeta-original\/\" class=\"rank-math-html-sitemap__link\">Esterilla acupresi\u00f3n Violeta Original<\/a><\/li><li class=\"rank-math-html-sitemap__item\"><a href=\"https:\/\/shaktio.com\/es\/cojin-de-acupresion-azul-original\/\" class=\"rank-math-html-sitemap__link\">Coj\u00edn de acupresi\u00f3n azul original<\/a><\/li><li class=\"rank-math-html-sitemap__item\"><a href=\"https:\/\/shaktio.com\/es\/esterilla-acupresion-negra-original\/\" class=\"rank-math-html-sitemap__link\">Esterilla acupresi\u00f3n negra original<\/a><\/li><li class=\"rank-math-html-sitemap__item\"><a href=\"https:\/\/shaktio.com\/es\/esterilla-de-acupresion-original-gris\/\" class=\"rank-math-html-sitemap__link\">Esterilla acupresi\u00f3n Original Gris<\/a><\/li><li class=\"rank-math-html-sitemap__item\"><a href=\"https:\/\/shaktio.com\/es\/tarjeta-regalo\/\" class=\"rank-math-html-sitemap__link\">Tarjeta regalo<\/a><\/li><li class=\"rank-math-html-sitemap__item\"><a href=\"https:\/\/shaktio.com\/es\/esterilla-acupresion-original-azul\/\" class=\"rank-math-html-sitemap__link\">Esterilla acupresi\u00f3n Original Azul<\/a><\/li><\/ul><\/div><div class=\"rank-math-html-sitemap__section rank-math-html-sitemap__section--taxonomy rank-math-html-sitemap__section--category\"><h2 class=\"rank-math-html-sitemap__title\">Categor\u00edas<\/h2><ul class=\"rank-math-html-sitemap__list\"><li class=\"rank-math-html-sitemap__item\"><a href=\"https:\/\/shaktio.com\/es\/acupresion\/\" class=\"rank-math-html-sitemap__link\">Acupresi\u00f3n<\/a><\/li><\/ul><\/div><div class=\"rank-math-html-sitemap__section rank-math-html-sitemap__section--taxonomy rank-math-html-sitemap__section--product_cat\"><h2 class=\"rank-math-html-sitemap__title\">Categor\u00edas del producto<\/h2><ul class=\"rank-math-html-sitemap__list\"><li class=\"rank-math-html-sitemap__item\"><a href=\"https:\/\/shaktio.com\/es\/accesorios-acupresion\/\" class=\"rank-math-html-sitemap__link\">Accesorios acupresion<\/a><\/li><li class=\"rank-math-html-sitemap__item\"><a href=\"https:\/\/shaktio.com\/es\/cinturon-de-acupresion\/\" class=\"rank-math-html-sitemap__link\">Cinturon de acupresion<\/a><\/li><li class=\"rank-math-html-sitemap__item\"><a href=\"https:\/\/shaktio.com\/es\/cojin-acupresion\/\" class=\"rank-math-html-sitemap__link\">Cojin de acupresion<\/a><\/li><li class=\"rank-math-html-sitemap__item\"><a href=\"https:\/\/shaktio.com\/es\/esterilla-acupresion\/\" class=\"rank-math-html-sitemap__link\">Esterilla Acupresion<\/a><\/li><li class=\"rank-math-html-sitemap__item\"><a href=\"https:\/\/shaktio.com\/es\/sets-acupresion\/\" class=\"rank-math-html-sitemap__link\">Sets de acupresi\u00f3n<\/a><\/li><\/ul><\/div><\/div>\n\n\n<div class=\"kk-star-ratings kksr-auto kksr-align-center kksr-valign-bottom\"\n    data-payload='{&quot;align&quot;:&quot;center&quot;,&quot;id&quot;:&quot;22440&quot;,&quot;slug&quot;:&quot;default&quot;,&quot;valign&quot;:&quot;bottom&quot;,&quot;ignore&quot;:&quot;&quot;,&quot;reference&quot;:&quot;auto&quot;,&quot;class&quot;:&quot;&quot;,&quot;count&quot;:&quot;0&quot;,&quot;legendonly&quot;:&quot;&quot;,&quot;readonly&quot;:&quot;&quot;,&quot;score&quot;:&quot;0&quot;,&quot;starsonly&quot;:&quot;&quot;,&quot;best&quot;:&quot;5&quot;,&quot;gap&quot;:&quot;5&quot;,&quot;greet&quot;:&quot;&quot;,&quot;legend&quot;:&quot;0\\\/5&quot;,&quot;size&quot;:&quot;24&quot;,&quot;title&quot;:&quot;Mapa del sitio&quot;,&quot;width&quot;:&quot;0&quot;,&quot;_legend&quot;:&quot;{score}\\\/{best}&quot;,&quot;font_factor&quot;:&quot;1.25&quot;}'>\n            \n<div class=\"kksr-stars\">\n    \n<div class=\"kksr-stars-inactive\">\n            <div class=\"kksr-star\" data-star=\"1\" style=\"padding-right: 5px\">\n            \n\n<div class=\"kksr-icon\" style=\"width: 24px; height: 24px;\"><\/div>\n        <\/div>\n            <div class=\"kksr-star\" data-star=\"2\" style=\"padding-right: 5px\">\n            \n\n<div class=\"kksr-icon\" style=\"width: 24px; height: 24px;\"><\/div>\n        <\/div>\n            <div class=\"kksr-star\" data-star=\"3\" style=\"padding-right: 5px\">\n            \n\n<div class=\"kksr-icon\" style=\"width: 24px; height: 24px;\"><\/div>\n        <\/div>\n            <div class=\"kksr-star\" data-star=\"4\" style=\"padding-right: 5px\">\n            \n\n<div class=\"kksr-icon\" style=\"width: 24px; height: 24px;\"><\/div>\n        <\/div>\n            <div class=\"kksr-star\" data-star=\"5\" style=\"padding-right: 5px\">\n            \n\n<div class=\"kksr-icon\" style=\"width: 24px; height: 24px;\"><\/div>\n        <\/div>\n    <\/div>\n    \n<div class=\"kksr-stars-active\" style=\"width: 0px;\">\n            <div class=\"kksr-star\" style=\"padding-right: 5px\">\n            \n\n<div class=\"kksr-icon\" style=\"width: 24px; height: 24px;\"><\/div>\n        <\/div>\n            <div class=\"kksr-star\" style=\"padding-right: 5px\">\n            \n\n<div class=\"kksr-icon\" style=\"width: 24px; height: 24px;\"><\/div>\n        <\/div>\n            <div class=\"kksr-star\" style=\"padding-right: 5px\">\n            \n\n<div class=\"kksr-icon\" style=\"width: 24px; height: 24px;\"><\/div>\n        <\/div>\n            <div class=\"kksr-star\" style=\"padding-right: 5px\">\n            \n\n<div class=\"kksr-icon\" style=\"width: 24px; height: 24px;\"><\/div>\n        <\/div>\n            <div class=\"kksr-star\" style=\"padding-right: 5px\">\n            \n\n<div class=\"kksr-icon\" style=\"width: 24px; height: 24px;\"><\/div>\n        <\/div>\n    <\/div>\n<\/div>\n                \n\n<div class=\"kksr-legend\" style=\"font-size: 19.2px;\">\n            <span class=\"kksr-muted\"><\/span>\n    <\/div>\n    <\/div>\n","protected":false},"excerpt":{"rendered":"","protected":false},"author":2,"featured_media":0,"parent":0,"menu_order":0,"comment_status":"closed","ping_status":"closed","template":"","meta":{"footnotes":""},"class_list":["post-22440","page","type-page","status-publish","hentry","post-no-thumbnail"],"_links":{"self":[{"href":"https:\/\/shaktio.com\/es\/wp-json\/wp\/v2\/pages\/22440","targetHints":{"allow":["GET"]}}],"collection":[{"href":"https:\/\/shaktio.com\/es\/wp-json\/wp\/v2\/pages"}],"about":[{"href":"https:\/\/shaktio.com\/es\/wp-json\/wp\/v2\/types\/page"}],"author":[{"embeddable":true,"href":"https:\/\/shaktio.com\/es\/wp-json\/wp\/v2\/users\/2"}],"replies":[{"embeddable":true,"href":"https:\/\/shaktio.com\/es\/wp-json\/wp\/v2\/comments?post=22440"}],"version-history":[{"count":0,"href":"https:\/\/shaktio.com\/es\/wp-json\/wp\/v2\/pages\/22440\/revisions"}],"wp:attachment":[{"href":"https:\/\/shaktio.com\/es\/wp-json\/wp\/v2\/media?parent=22440"}],"curies":[{"name":"wp","href":"https:\/\/api.w.org\/{rel}","templated":true}]}}