{"id":22461,"date":"2025-02-04T15:55:20","date_gmt":"2025-02-04T15:55:20","guid":{"rendered":"https:\/\/shaktio.com\/informacion-legal\/"},"modified":"2025-09-18T08:19:48","modified_gmt":"2025-09-18T08:19:48","slug":"informacion-legal","status":"publish","type":"page","link":"https:\/\/shaktio.com\/es\/informacion-legal\/","title":{"rendered":"Informaci\u00f3n legal"},"content":{"rendered":"\t\t<div data-elementor-type=\"wp-page\" data-elementor-id=\"22461\" class=\"elementor elementor-22461 elementor-21526\">\n\t\t\t\t<div class=\"elementor-element elementor-element-ee852bc e-flex e-con-boxed e-con e-parent\" data-id=\"ee852bc\" data-element_type=\"container\" data-e-type=\"container\">\n\t\t\t\t\t<div class=\"e-con-inner\">\n\t\t\t\t<div class=\"elementor-element elementor-element-6a48a943 elementor-widget elementor-widget-text-editor\" data-id=\"6a48a943\" data-element_type=\"widget\" data-e-type=\"widget\" data-widget_type=\"text-editor.default\">\n\t\t\t\t<div class=\"elementor-widget-container\">\n\t\t\t\t\t\t\t\t\t<p class=\"p1\"><span class=\"s1\">De conformidad con lo dispuesto en los art\u00edculos 6-III y 19 de la Ley n\u00ba 2004-575 de 21 de junio de 2004 sobre la Confianza en la Econom\u00eda Digital, conocida como L.C.E.N., informamos a los usuarios y visitantes del sitio web www.shaktio.com de la siguiente informaci\u00f3n:<\/span><\/p><p class=\"p1\"><span class=\"s1\"><b>EDITOR<\/b><b><\/b><\/span><\/p><p class=\"p1\"><span class=\"s1\">El sitio web shaktio.com es propiedad exclusiva de Altis M\u00e9dia SARL, que lo publica.<\/span><\/p><p class=\"p1\"><span class=\"s1\">Altis M\u00e9dia SARL au capital de 1000 \u20ac<br>60 rue Fran\u00e7ois 1er, 75008 Paris<br>Inscrita en el Registro de Comercio y Sociedades de 990192999 R.C.S. Par\u00eds con el n\u00famero 99019299900011  <\/span><\/p><p class=\"p1\"><span class=\"s1\">N\u00famero de IVA intracomunitario: FR84990192999<br>Direcci\u00f3n de correo electr\u00f3nico: contact [@] shaktio.com<b><\/b><\/span><\/p><p class=\"p1\"><span class=\"s1\"> <\/span><\/p><p class=\"p1\"><span class=\"s1\"><b>ALOJAMIENTO<\/b><b><\/b><\/span><\/p><p class=\"p1\"><span class=\"s1\">El sitio est\u00e1 alojado por Infomaniak, Rue Eug\u00e8ne-Marziano 25, 1227 Ginebra, Suiza y\/o 2switch, Chemin des Pardiaux, 63000 Clermont-Ferrand<br>SAS con capital de 100.000 euros &#8211; SIRET 510 909 80700024.<b><br><\/b><\/span><\/p><p class=\"p1\"><span class=\"s1\"><b>DESCRIPCI\u00d3N DE LOS SERVICIOS PRESTADOS<\/b><b><\/b><\/span><\/p><p class=\"p1\"><span class=\"s1\">El objetivo del sitio shaktio.com es proporcionar informaci\u00f3n sobre todas las actividades de la empresa. El propietario del sitio se esfuerza por proporcionar en el sitio shaktio.com informaci\u00f3n lo m\u00e1s exacta posible.   <\/span><\/p><p class=\"p1\"><span class=\"s1\">Sin embargo, no se hace responsable de las omisiones, inexactitudes o falta de actualizaci\u00f3n de la informaci\u00f3n, ya sean causadas por ella misma o por terceros asociados que suministren la informaci\u00f3n.  <\/span><\/p><p class=\"p1\"><span class=\"s1\">Toda la informaci\u00f3n proporcionada en el sitio web shaktio.com se facilita \u00fanicamente a t\u00edtulo informativo, no es exhaustiva y est\u00e1 sujeta a cambios. Est\u00e1 sujeta a cambios desde su puesta en l\u00ednea. <\/span><\/p><p class=\"p1\"><span class=\"s1\"><b>PROPIEDAD INTELECTUAL Y FALSIFICACI\u00d3N<\/b><b><\/b><\/span><\/p><p class=\"p1\"><span class=\"s1\">El propietario del sitio es titular de los derechos de propiedad intelectual o posee los derechos de uso sobre todos los elementos accesibles en el sitio, en particular los textos, im\u00e1genes, gr\u00e1ficos, logotipo, iconos, sonidos, software. Cualquier reproducci\u00f3n, representaci\u00f3n, modificaci\u00f3n, publicaci\u00f3n, adaptaci\u00f3n total o parcial de los elementos del sitio, cualquiera que sea el medio o el procedimiento utilizado, est\u00e1 prohibida, salvo autorizaci\u00f3n previa por escrito al correo electr\u00f3nico: contact @ shaktio.com.  <\/span><\/p><p class=\"p1\"><span class=\"s1\">Cualquier uso no autorizado del sitio o de cualquiera de los elementos que contiene se considerar\u00e1 constitutivo de infracci\u00f3n y ser\u00e1 perseguido de conformidad con las disposiciones de los art\u00edculos L.335-2 y siguientes del C\u00f3digo franc\u00e9s de la Propiedad Intelectual.<\/span><\/p><p class=\"p1\"><span class=\"s1\"><b>ENLACES DE HIPERTEXTO Y COOKIES<\/b><b><\/b><\/span><\/p><p class=\"p1\"><span class=\"s1\">El sitio www.shaktio.com contiene una serie de enlaces de hipertexto a otros sitios (socios, informaci\u00f3n, etc.) creados con la autorizaci\u00f3n del propietario del sitio.  <\/span><\/p><p class=\"p1\"><span class=\"s1\">Sin embargo, el propietario del sitio no tiene la posibilidad de comprobar el contenido de los sitios as\u00ed visitados y, por tanto, declina toda responsabilidad por cualquier riesgo de contenido il\u00edcito.  <\/span><\/p><p class=\"p1\"><span class=\"s1\">Se informa a los usuarios de que, cuando visitan el sitio web www.shaktio.com, pueden instalarse autom\u00e1ticamente una o varias cookies en su ordenador.<\/span><\/p><p class=\"p1\"><span class=\"s1\">Una cookie es un peque\u00f1o archivo que no permite identificar al usuario, pero que registra informaci\u00f3n relativa a la navegaci\u00f3n de un ordenador en un sitio.  <\/span><\/p><p class=\"p1\"><span class=\"s1\">Los datos obtenidos de este modo est\u00e1n destinados a facilitar la navegaci\u00f3n posterior por el sitio y tambi\u00e9n se utilizan para medir el n\u00famero de visitantes.  <br>Puedes configurar tu navegador para que te avise cuando recibas una cookie y, si lo deseas, rechazarla, tal y como se describe en la siguiente direcci\u00f3n: www.cnil.fr El rechazo a la instalaci\u00f3n de una cookie puede implicar que no puedas acceder a determinados servicios.<\/span><\/p><p class=\"p1\"><span class=\"s1\">Sin embargo, los usuarios pueden configurar su ordenador de la siguiente manera para rechazar la instalaci\u00f3n de cookies: Internet Explorer: pesta\u00f1a Herramientas \/ Opciones de Internet. Haz clic en Confidencialidad y elige Bloquear todas las cookies. <\/span><\/p><p class=\"p1\"><span class=\"s1\"> <\/span><\/p><p class=\"p1\"><span class=\"s1\"><b>PROTEGER A LAS PERSONAS Y LOS BIENES &#8211; GESTIONAR LOS DATOS PERSONALES<\/b><b><\/b><\/span><\/p><p class=\"p1\"><span class=\"s1\">Usuario: usuario de Internet que se conecta y utiliza el sitio mencionado: www.shaktio.com. En Francia, los datos personales est\u00e1n protegidos por la ley n\u00ba 78-87 de 6 de enero de 1978, la ley n\u00ba 2004-801 de 6 de agosto de 2004, el art\u00edculo L. 226-13 del C\u00f3digo Penal y la Directiva Europea de 24 de octubre de 1995. <\/span><\/p><p class=\"p1\"><span class=\"s1\">En el sitio web www.shaktio.com, el titular del sitio web s\u00f3lo recoge informaci\u00f3n personal relativa al usuario a efectos de determinados servicios ofrecidos por el sitio web www.shaktio.com.  <\/span><\/p><p class=\"p1\"><span class=\"s1\">Los usuarios facilitan esta informaci\u00f3n con pleno conocimiento de causa, especialmente cuando la introducen ellos mismos. A continuaci\u00f3n, se informa a los usuarios del sitio web shaktio.com de si est\u00e1n obligados o no a facilitar esta informaci\u00f3n.   <\/span><\/p><p class=\"p1\"><span class=\"s1\">De conformidad con lo dispuesto en los art\u00edculos 38 y siguientes de la Ley francesa 78-17, de 6 de enero de 1978, de Protecci\u00f3n de Datos de Car\u00e1cter Personal, todo usuario dispone de un derecho de acceso, rectificaci\u00f3n, supresi\u00f3n y oposici\u00f3n a los datos de car\u00e1cter personal que le conciernan.  <\/span><\/p><p class=\"p1\"><span class=\"s1\">Para ejercer este derecho, env\u00eda tu solicitud a shaktio.com por correo electr\u00f3nico: correo electr\u00f3nico del webmaster o enviando una solicitud escrita y firmada, acompa\u00f1ada de una copia del documento de identidad con la firma del titular del documento, especificando la direcci\u00f3n a la que debe enviarse la respuesta.<\/span><\/p><p class=\"p1\"><span class=\"s1\">Ninguna informaci\u00f3n personal del usuario del sitio web www.shaktio.com se publica sin su conocimiento, se intercambia, se transfiere o se vende por ning\u00fan medio a terceros.  <\/span><\/p><p class=\"p1\"><span class=\"s1\">S\u00f3lo la asunci\u00f3n de la compra del sitio shaktio.com por parte del propietario del sitio y de sus derechos permitir\u00eda la transmisi\u00f3n de dicha informaci\u00f3n al eventual comprador que, a su vez, estar\u00eda sujeto a la misma obligaci\u00f3n de conservaci\u00f3n y modificaci\u00f3n de los datos con respecto al usuario del sitio shaktio.com.<\/span><\/p><p class=\"p1\"><span class=\"s1\">El sitio web www.shaktio.com cumple el RGPD (consulta nuestra pol\u00edtica sobre el RGPD).<\/span><\/p><p class=\"p1\"><span class=\"s1\">Las bases de datos est\u00e1n protegidas por las disposiciones de la Ley de 1 de julio de 1998 que transpone la Directiva 96\/9 de 11 de marzo de 1996 sobre la protecci\u00f3n jur\u00eddica de las bases de datos.<\/span><\/p><p class=\"p1\"><span class=\"s1\">Este sitio constituye una obra protegida por el C\u00f3digo de la Propiedad Intelectual franc\u00e9s y, en el extranjero, por los convenios internacionales vigentes en materia de derechos de autor.<\/span><\/p><p class=\"p1\"><span class=\"s1\">Seg\u00fan el art\u00edculo L.335-2 del C\u00f3digo de la Propiedad Intelectual franc\u00e9s, la violaci\u00f3n de los derechos de autor de un libro es un delito punible.<\/span><\/p><p class=\"p1\"><span class=\"s1\">La falsificaci\u00f3n de obras publicadas en Europa o en el extranjero se castiga con tres a\u00f1os de prisi\u00f3n y una multa de 300.000 euros.<br>El aumento de las penas se introdujo mediante la Ley n\u00ba 2004-204 de 9 de marzo de 2004, DO 10 de marzo de 2004.<\/span><\/p><p class=\"p1\"><span class=\"s1\">Protecci\u00f3n de los derechos de autor del contenido del sitio web www.shaktio.com contra el robo de contenidos.<\/span><\/p><p class=\"p1\"><span class=\"s1\">SNL SAS lucha contra la copia ilegal de contenidos de su sitio web www.shaktio.com<\/span><\/p><p class=\"p1\"><span class=\"s1\">Este sitio est\u00e1 registrado ante los agentes judiciales de Ginebra (Suiza) y est\u00e1 protegido por el Tratado de Madrid sobre derechos de autor internacionales.<\/span><\/p><p class=\"p1\"><span class=\"s1\">Las herramientas de seguimiento antiplagio controlan su contenido y rogamos a todos los internautas que denuncien cualquier copia de nuestros textos que encuentren en la red.<br>Si deseas mencionar nuestro sitio, nuestros art\u00edculos, nuestras secciones o utilizar nuestras fotos, env\u00edanos un correo electr\u00f3nico a: plagiat [@] shaktio.com<\/span><\/p>\t\t\t\t\t\t\t\t<\/div>\n\t\t\t\t<\/div>\n\t\t\t\t\t<\/div>\n\t\t\t\t<\/div>\n\t\t\t\t<\/div>\n\t\t\n\n<div class=\"kk-star-ratings kksr-auto kksr-align-center kksr-valign-bottom\"\n    data-payload='{&quot;align&quot;:&quot;center&quot;,&quot;id&quot;:&quot;22461&quot;,&quot;slug&quot;:&quot;default&quot;,&quot;valign&quot;:&quot;bottom&quot;,&quot;ignore&quot;:&quot;&quot;,&quot;reference&quot;:&quot;auto&quot;,&quot;class&quot;:&quot;&quot;,&quot;count&quot;:&quot;0&quot;,&quot;legendonly&quot;:&quot;&quot;,&quot;readonly&quot;:&quot;&quot;,&quot;score&quot;:&quot;0&quot;,&quot;starsonly&quot;:&quot;&quot;,&quot;best&quot;:&quot;5&quot;,&quot;gap&quot;:&quot;5&quot;,&quot;greet&quot;:&quot;&quot;,&quot;legend&quot;:&quot;0\\\/5&quot;,&quot;size&quot;:&quot;24&quot;,&quot;title&quot;:&quot;Informaci\u00f3n legal&quot;,&quot;width&quot;:&quot;0&quot;,&quot;_legend&quot;:&quot;{score}\\\/{best}&quot;,&quot;font_factor&quot;:&quot;1.25&quot;}'>\n            \n<div class=\"kksr-stars\">\n    \n<div class=\"kksr-stars-inactive\">\n            <div class=\"kksr-star\" data-star=\"1\" style=\"padding-right: 5px\">\n            \n\n<div class=\"kksr-icon\" style=\"width: 24px; height: 24px;\"><\/div>\n        <\/div>\n            <div class=\"kksr-star\" data-star=\"2\" style=\"padding-right: 5px\">\n            \n\n<div class=\"kksr-icon\" style=\"width: 24px; height: 24px;\"><\/div>\n        <\/div>\n            <div class=\"kksr-star\" data-star=\"3\" style=\"padding-right: 5px\">\n            \n\n<div class=\"kksr-icon\" style=\"width: 24px; height: 24px;\"><\/div>\n        <\/div>\n            <div class=\"kksr-star\" data-star=\"4\" style=\"padding-right: 5px\">\n            \n\n<div class=\"kksr-icon\" style=\"width: 24px; height: 24px;\"><\/div>\n        <\/div>\n            <div class=\"kksr-star\" data-star=\"5\" style=\"padding-right: 5px\">\n            \n\n<div class=\"kksr-icon\" style=\"width: 24px; height: 24px;\"><\/div>\n        <\/div>\n    <\/div>\n    \n<div class=\"kksr-stars-active\" style=\"width: 0px;\">\n            <div class=\"kksr-star\" style=\"padding-right: 5px\">\n            \n\n<div class=\"kksr-icon\" style=\"width: 24px; height: 24px;\"><\/div>\n        <\/div>\n            <div class=\"kksr-star\" style=\"padding-right: 5px\">\n            \n\n<div class=\"kksr-icon\" style=\"width: 24px; height: 24px;\"><\/div>\n        <\/div>\n            <div class=\"kksr-star\" style=\"padding-right: 5px\">\n            \n\n<div class=\"kksr-icon\" style=\"width: 24px; height: 24px;\"><\/div>\n        <\/div>\n            <div class=\"kksr-star\" style=\"padding-right: 5px\">\n            \n\n<div class=\"kksr-icon\" style=\"width: 24px; height: 24px;\"><\/div>\n        <\/div>\n            <div class=\"kksr-star\" style=\"padding-right: 5px\">\n            \n\n<div class=\"kksr-icon\" style=\"width: 24px; height: 24px;\"><\/div>\n        <\/div>\n    <\/div>\n<\/div>\n                \n\n<div class=\"kksr-legend\" style=\"font-size: 19.2px;\">\n            <span class=\"kksr-muted\"><\/span>\n    <\/div>\n    <\/div>\n","protected":false},"excerpt":{"rendered":"<p>De conformidad con lo dispuesto en los art\u00edculos 6-III y 19 de la Ley n\u00ba 2004-575 de 21 de junio de 2004 sobre la Confianza en la Econom\u00eda Digital, conocida como L.C.E.N., informamos a los usuarios y visitantes del sitio web www.shaktio.com de la siguiente informaci\u00f3n: EDITOR El sitio web shaktio.com es propiedad exclusiva de Altis M\u00e9dia SARL, que lo publica. Altis M\u00e9dia SARL au capital de 1000 \u20ac60 rue Fran\u00e7ois 1er, 75008 ParisInscrita en el Registro de Comercio y Sociedades de 990192999 R.C.S. Par\u00eds con el n\u00famero 99019299900011 N\u00famero de IVA intracomunitario: FR84990192999Direcci\u00f3n de correo electr\u00f3nico: contact [@] shaktio.com ALOJAMIENTO El sitio est\u00e1 alojado por Infomaniak, Rue Eug\u00e8ne-Marziano 25, 1227 Ginebra, Suiza y\/o 2switch, Chemin des Pardiaux, 63000 Clermont-FerrandSAS con capital de 100.000 euros &#8211; SIRET 510 909 80700024. DESCRIPCI\u00d3N DE LOS SERVICIOS PRESTADOS El objetivo del sitio shaktio.com es proporcionar informaci\u00f3n sobre todas las actividades de la empresa. El propietario del sitio se esfuerza por proporcionar en el sitio shaktio.com informaci\u00f3n lo m\u00e1s exacta posible. Sin embargo, no se hace responsable de las omisiones, inexactitudes o falta de actualizaci\u00f3n de la informaci\u00f3n, ya sean causadas por ella misma o por terceros asociados que suministren la informaci\u00f3n. Toda la informaci\u00f3n proporcionada en el sitio web shaktio.com se facilita \u00fanicamente a t\u00edtulo informativo, no es exhaustiva y est\u00e1 sujeta a cambios. Est\u00e1 sujeta a cambios desde su puesta en l\u00ednea. PROPIEDAD INTELECTUAL Y FALSIFICACI\u00d3N El propietario del sitio es titular de los derechos de propiedad intelectual o posee los derechos de uso sobre todos los elementos accesibles en el sitio, en particular los textos, im\u00e1genes, gr\u00e1ficos, logotipo, iconos, sonidos, software. Cualquier reproducci\u00f3n, representaci\u00f3n, modificaci\u00f3n, publicaci\u00f3n, adaptaci\u00f3n total o parcial de los elementos del sitio, cualquiera que sea el medio o el procedimiento utilizado, est\u00e1 prohibida, salvo autorizaci\u00f3n previa por escrito al correo electr\u00f3nico: contact @ shaktio.com. Cualquier uso no autorizado del sitio o de cualquiera de los elementos que contiene se considerar\u00e1 constitutivo de infracci\u00f3n y ser\u00e1 perseguido de conformidad con las disposiciones de los art\u00edculos L.335-2 y siguientes del C\u00f3digo franc\u00e9s de la Propiedad Intelectual. ENLACES DE HIPERTEXTO Y COOKIES El sitio www.shaktio.com contiene una serie de enlaces de hipertexto a otros sitios (socios, informaci\u00f3n, etc.) creados con la autorizaci\u00f3n del propietario del sitio. Sin embargo, el propietario del sitio no tiene la posibilidad de comprobar el contenido de los sitios as\u00ed visitados y, por tanto, declina toda responsabilidad por cualquier riesgo de contenido il\u00edcito. Se informa a los usuarios de que, cuando visitan el sitio web www.shaktio.com, pueden instalarse autom\u00e1ticamente una o varias cookies en su ordenador. Una cookie es un peque\u00f1o archivo que no permite identificar al usuario, pero que registra informaci\u00f3n relativa a la navegaci\u00f3n de un ordenador en un sitio. Los datos obtenidos de este modo est\u00e1n destinados a facilitar la navegaci\u00f3n posterior por el sitio y tambi\u00e9n se utilizan para medir el n\u00famero de visitantes. Puedes configurar tu navegador para que te avise cuando recibas una cookie y, si lo deseas, rechazarla, tal y como se describe en la siguiente direcci\u00f3n: www.cnil.fr El rechazo a la instalaci\u00f3n de una cookie puede implicar que no puedas acceder a determinados servicios. Sin embargo, los usuarios pueden configurar su ordenador de la siguiente manera para rechazar la instalaci\u00f3n de cookies: Internet Explorer: pesta\u00f1a Herramientas \/ Opciones de Internet. Haz clic en Confidencialidad y elige Bloquear todas las cookies. PROTEGER A LAS PERSONAS Y LOS BIENES &#8211; GESTIONAR LOS DATOS PERSONALES Usuario: usuario de Internet que se conecta y utiliza el sitio mencionado: www.shaktio.com. En Francia, los datos personales est\u00e1n protegidos por la ley n\u00ba 78-87 de 6 de enero de 1978, la ley n\u00ba 2004-801 de 6 de agosto de 2004, el art\u00edculo L. 226-13 del C\u00f3digo Penal y la Directiva Europea de 24 de octubre de 1995. En el sitio web www.shaktio.com, el titular del sitio web s\u00f3lo recoge informaci\u00f3n personal relativa al usuario a efectos de determinados servicios ofrecidos por el sitio web www.shaktio.com. Los usuarios facilitan esta informaci\u00f3n con pleno conocimiento de causa, especialmente cuando la introducen ellos mismos. A continuaci\u00f3n, se informa a los usuarios del sitio web shaktio.com de si est\u00e1n obligados o no a facilitar esta informaci\u00f3n. De conformidad con lo dispuesto en los art\u00edculos 38 y siguientes de la Ley francesa 78-17, de 6 de enero de 1978, de Protecci\u00f3n de Datos de Car\u00e1cter Personal, todo usuario dispone de un derecho de acceso, rectificaci\u00f3n, supresi\u00f3n y oposici\u00f3n a los datos de car\u00e1cter personal que le conciernan. Para ejercer este derecho, env\u00eda tu solicitud a shaktio.com por correo electr\u00f3nico: correo electr\u00f3nico del webmaster o enviando una solicitud escrita y firmada, acompa\u00f1ada de una copia del documento de identidad con la firma del titular del documento, especificando la direcci\u00f3n a la que debe enviarse la respuesta. Ninguna informaci\u00f3n personal del usuario del sitio web www.shaktio.com se publica sin su conocimiento, se intercambia, se transfiere o se vende por ning\u00fan medio a terceros. S\u00f3lo la asunci\u00f3n de la compra del sitio shaktio.com por parte del propietario del sitio y de sus derechos permitir\u00eda la transmisi\u00f3n de dicha informaci\u00f3n al eventual comprador que, a su vez, estar\u00eda sujeto a la misma obligaci\u00f3n de conservaci\u00f3n y modificaci\u00f3n de los datos con respecto al usuario del sitio shaktio.com. El sitio web www.shaktio.com cumple el RGPD (consulta nuestra pol\u00edtica sobre el RGPD). Las bases de datos est\u00e1n protegidas por las disposiciones de la Ley de 1 de julio de 1998 que transpone la Directiva 96\/9 de 11 de marzo de 1996 sobre la protecci\u00f3n jur\u00eddica de las bases de datos. Este sitio constituye una obra protegida por el C\u00f3digo de la Propiedad Intelectual franc\u00e9s y, en el extranjero, por los convenios internacionales vigentes en materia de derechos de autor. Seg\u00fan el art\u00edculo L.335-2 del C\u00f3digo de la Propiedad Intelectual franc\u00e9s, la violaci\u00f3n de los derechos de autor de un libro es un delito punible. La falsificaci\u00f3n de obras publicadas en Europa o en el extranjero se castiga con tres a\u00f1os de prisi\u00f3n y una multa de [&hellip;]<\/p>\n","protected":false},"author":2,"featured_media":0,"parent":0,"menu_order":0,"comment_status":"closed","ping_status":"closed","template":"","meta":{"footnotes":""},"class_list":["post-22461","page","type-page","status-publish","hentry","post-no-thumbnail"],"_links":{"self":[{"href":"https:\/\/shaktio.com\/es\/wp-json\/wp\/v2\/pages\/22461","targetHints":{"allow":["GET"]}}],"collection":[{"href":"https:\/\/shaktio.com\/es\/wp-json\/wp\/v2\/pages"}],"about":[{"href":"https:\/\/shaktio.com\/es\/wp-json\/wp\/v2\/types\/page"}],"author":[{"embeddable":true,"href":"https:\/\/shaktio.com\/es\/wp-json\/wp\/v2\/users\/2"}],"replies":[{"embeddable":true,"href":"https:\/\/shaktio.com\/es\/wp-json\/wp\/v2\/comments?post=22461"}],"version-history":[{"count":5,"href":"https:\/\/shaktio.com\/es\/wp-json\/wp\/v2\/pages\/22461\/revisions"}],"predecessor-version":[{"id":29928,"href":"https:\/\/shaktio.com\/es\/wp-json\/wp\/v2\/pages\/22461\/revisions\/29928"}],"wp:attachment":[{"href":"https:\/\/shaktio.com\/es\/wp-json\/wp\/v2\/media?parent=22461"}],"curies":[{"name":"wp","href":"https:\/\/api.w.org\/{rel}","templated":true}]}}