{"id":23291,"date":"2025-02-04T15:55:58","date_gmt":"2025-02-04T15:55:58","guid":{"rendered":"https:\/\/shaktio.com\/quienes-somos\/"},"modified":"2025-03-11T15:55:12","modified_gmt":"2025-03-11T15:55:12","slug":"quienes-somos","status":"publish","type":"page","link":"https:\/\/shaktio.com\/es\/quienes-somos\/","title":{"rendered":"\u00bfQui\u00e9nes somos?"},"content":{"rendered":"\t\t<div data-elementor-type=\"wp-page\" data-elementor-id=\"23291\" class=\"elementor elementor-23291 elementor-21530\">\n\t\t\t\t\t\t<section class=\"elementor-section elementor-top-section elementor-element elementor-element-300490fb elementor-section-boxed elementor-section-gap-beside-yes elementor-section-height-default elementor-section-height-default elementor-section-content-align-center elementor-section-column-vertical-align-stretch\" data-id=\"300490fb\" data-element_type=\"section\" data-e-type=\"section\">\n\t\t\t\t\t\t<div class=\"elementor-container elementor-column-gap-extended\">\n\t\t\t\t\t<div class=\"elementor-column elementor-col-100 elementor-top-column elementor-element elementor-element-1d63f08d\" data-id=\"1d63f08d\" data-element_type=\"column\" data-e-type=\"column\">\n\t\t\t<div class=\"elementor-widget-wrap elementor-element-populated\">\n\t\t\t\t\t\t<div class=\"elementor-element elementor-element-10323c1e elementor-widget elementor-widget-tm-heading\" data-id=\"10323c1e\" data-element_type=\"widget\" data-e-type=\"widget\" data-widget_type=\"tm-heading.default\">\n\t\t\t\t<div class=\"elementor-widget-container\">\n\t\t\t\t\t\t\t<div class=\"tm-modern-heading tm-modern-heading--style-02 tm-modern-heading--highlight-style-01\">\n\t\t\t\n\t\t\t\t\t<div class=\"heading-primary-wrap\">\n\t\t\t<h2 class=\"heading-primary elementor-heading-title\">El viaje de Shaktio: un viaje \u00e9pico hacia el bienestar hol\u00edstico<\/h2>\t\t<\/div>\n\t\t\n\t\t\t\n\t\t\t\t\t<\/div>\n\t\t\t\t\t\t<\/div>\n\t\t\t\t<\/div>\n\t\t\t\t<div class=\"elementor-element elementor-element-169874f4 elementor-widget elementor-widget-tm-heading\" data-id=\"169874f4\" data-element_type=\"widget\" data-e-type=\"widget\" data-widget_type=\"tm-heading.default\">\n\t\t\t\t<div class=\"elementor-widget-container\">\n\t\t\t\t\t\t\t<div class=\"tm-modern-heading tm-modern-heading--style-03 tm-modern-heading--highlight-style-01\">\n\t\t\t\n\t\t\t\n\t\t\t\n\t\t\t\t\t<div class=\"heading-description-wrap\">\n\t\t\t<div class=\"heading-description\">\n\t\t\t\t<p>Cuando se trata del cuidado personal, combinar tradici\u00f3n e innovaci\u00f3n es un arte que pocos dominan. Shaktio, empresa fundada en 2011, destaca por su capacidad para combinar lo antiguo y lo moderno en sus productos de bienestar. <\/p><p>Inspirando a miles de personas de todo el mundo, <strong>Shaktio no s\u00f3lo ofrece productos \u00fanicos, sino que tambi\u00e9n se compromete activamente con un futuro m\u00e1s sostenible.<\/strong><\/p>\t\t\t<\/div>\n\t\t<\/div>\n\t\t\t\t<\/div>\n\t\t\t\t\t\t<\/div>\n\t\t\t\t<\/div>\n\t\t\t\t\t<\/div>\n\t\t<\/div>\n\t\t\t\t\t<\/div>\n\t\t<\/section>\n\t\t\t\t<section class=\"elementor-section elementor-top-section elementor-element elementor-element-f03dc5f elementor-section-boxed elementor-section-gap-beside-yes elementor-section-height-default elementor-section-height-default elementor-section-content-align-center elementor-section-column-vertical-align-stretch\" data-id=\"f03dc5f\" data-element_type=\"section\" data-e-type=\"section\">\n\t\t\t\t\t\t<div class=\"elementor-container elementor-column-gap-extended\">\n\t\t\t\t\t<div class=\"elementor-column elementor-col-100 elementor-top-column elementor-element elementor-element-e35c405\" data-id=\"e35c405\" data-element_type=\"column\" data-e-type=\"column\">\n\t\t\t<div class=\"elementor-widget-wrap elementor-element-populated\">\n\t\t\t\t\t\t<div class=\"elementor-element elementor-element-9ce31af elementor-widget elementor-widget-tm-heading\" data-id=\"9ce31af\" data-element_type=\"widget\" data-e-type=\"widget\" data-widget_type=\"tm-heading.default\">\n\t\t\t\t<div class=\"elementor-widget-container\">\n\t\t\t\t\t\t\t<div class=\"tm-modern-heading tm-modern-heading--style-02 tm-modern-heading--highlight-style-01\">\n\t\t\t\n\t\t\t\t\t<div class=\"heading-primary-wrap\">\n\t\t\t<h2 class=\"heading-primary elementor-heading-title\">Las ra\u00edces de una inspiraci\u00f3n ancestral<\/h2>\t\t<\/div>\n\t\t\n\t\t\t\n\t\t\t\t\t<\/div>\n\t\t\t\t\t\t<\/div>\n\t\t\t\t<\/div>\n\t\t\t\t<div class=\"elementor-element elementor-element-a85ef83 elementor-widget elementor-widget-tm-heading\" data-id=\"a85ef83\" data-element_type=\"widget\" data-e-type=\"widget\" data-widget_type=\"tm-heading.default\">\n\t\t\t\t<div class=\"elementor-widget-container\">\n\t\t\t\t\t\t\t<div class=\"tm-modern-heading tm-modern-heading--style-03 tm-modern-heading--highlight-style-01\">\n\t\t\t\n\t\t\t\n\t\t\t\n\t\t\t\t\t<div class=\"heading-description-wrap\">\n\t\t\t<div class=\"heading-description\">\n\t\t\t\t<p>Detr\u00e1s de cada producto Shaktio hay una historia rica y profunda que se inspira en tradiciones ancestrales. La aventura comenz\u00f3 con la pasi\u00f3n por los antiguos m\u00e9todos curativos, influidos por las pr\u00e1cticas extra\u00eddas de las monta\u00f1as del Himalaya. <\/p><p>Desde entonces, estas t\u00e9cnicas de relajaci\u00f3n y autocuidado se han adoptado en todo el mundo en formas innovadoras, como nuestras <strong>modernas colchonetas de masaje de acupresi\u00f3n<\/strong>.<\/p><p>Incorporar filosof\u00edas tradicionales a nuestros productos no s\u00f3lo asegura su eficacia, sino que tambi\u00e9n garantiza un respeto total por la cultura de la que proceden.<\/p><p>Nuestra misi\u00f3n es ayudar al p\u00fablico en general a descubrir <strong>los beneficios, a menudo poco conocidos, de estas pr\u00e1cticas milenarias<\/strong>, sirvi\u00e9ndolas al mismo tiempo de forma accesible y contempor\u00e1nea.<\/p>\t\t\t<\/div>\n\t\t<\/div>\n\t\t\t\t<\/div>\n\t\t\t\t\t\t<\/div>\n\t\t\t\t<\/div>\n\t\t\t\t\t<\/div>\n\t\t<\/div>\n\t\t\t\t\t<\/div>\n\t\t<\/section>\n\t\t\t\t<section class=\"elementor-section elementor-top-section elementor-element elementor-element-140e87ea elementor-section-full_width elementor-section-gap-beside-yes elementor-section-height-default elementor-section-height-default elementor-section-column-vertical-align-stretch\" data-id=\"140e87ea\" data-element_type=\"section\" data-e-type=\"section\">\n\t\t\t\t\t\t<div class=\"elementor-container elementor-column-gap-extended\">\n\t\t\t\t\t<div class=\"elementor-column elementor-col-100 elementor-top-column elementor-element elementor-element-25e96954\" data-id=\"25e96954\" data-element_type=\"column\" data-e-type=\"column\">\n\t\t\t<div class=\"elementor-widget-wrap elementor-element-populated\">\n\t\t\t\t\t\t<div class=\"elementor-element elementor-element-35b84043 elementor-widget elementor-widget-spacer\" data-id=\"35b84043\" data-element_type=\"widget\" data-e-type=\"widget\" data-widget_type=\"spacer.default\">\n\t\t\t\t<div class=\"elementor-widget-container\">\n\t\t\t\t\t\t\t<div class=\"elementor-spacer\">\n\t\t\t<div class=\"elementor-spacer-inner\"><\/div>\n\t\t<\/div>\n\t\t\t\t\t\t<\/div>\n\t\t\t\t<\/div>\n\t\t\t\t\t<\/div>\n\t\t<\/div>\n\t\t\t\t\t<\/div>\n\t\t<\/section>\n\t\t\t\t<section class=\"elementor-section elementor-top-section elementor-element elementor-element-f2befe9 elementor-section-boxed elementor-section-gap-beside-yes elementor-section-height-default elementor-section-height-default elementor-section-content-align-center elementor-section-column-vertical-align-stretch\" data-id=\"f2befe9\" data-element_type=\"section\" data-e-type=\"section\">\n\t\t\t\t\t\t<div class=\"elementor-container elementor-column-gap-extended\">\n\t\t\t\t\t<div class=\"elementor-column elementor-col-100 elementor-top-column elementor-element elementor-element-df7cbc2\" data-id=\"df7cbc2\" data-element_type=\"column\" data-e-type=\"column\">\n\t\t\t<div class=\"elementor-widget-wrap elementor-element-populated\">\n\t\t\t\t\t\t<div class=\"elementor-element elementor-element-3c5400a elementor-widget elementor-widget-tm-heading\" data-id=\"3c5400a\" data-element_type=\"widget\" data-e-type=\"widget\" data-widget_type=\"tm-heading.default\">\n\t\t\t\t<div class=\"elementor-widget-container\">\n\t\t\t\t\t\t\t<div class=\"tm-modern-heading tm-modern-heading--style-02 tm-modern-heading--highlight-style-01\">\n\t\t\t\n\t\t\t\t\t<div class=\"heading-primary-wrap\">\n\t\t\t<h2 class=\"heading-primary elementor-heading-title\">La ecorresponsabilidad en el centro de nuestro planteamiento\n<\/h2>\t\t<\/div>\n\t\t\n\t\t\t\n\t\t\t\t\t<\/div>\n\t\t\t\t\t\t<\/div>\n\t\t\t\t<\/div>\n\t\t\t\t<div class=\"elementor-element elementor-element-972caf3 elementor-widget elementor-widget-tm-heading\" data-id=\"972caf3\" data-element_type=\"widget\" data-e-type=\"widget\" data-widget_type=\"tm-heading.default\">\n\t\t\t\t<div class=\"elementor-widget-container\">\n\t\t\t\t\t\t\t<div class=\"tm-modern-heading tm-modern-heading--style-03 tm-modern-heading--highlight-style-01\">\n\t\t\t\n\t\t\t\n\t\t\t\n\t\t\t\t\t<div class=\"heading-description-wrap\">\n\t\t\t<div class=\"heading-description\">\n\t\t\t\t<p>Sensibles a los retos medioambientales actuales, hemos dise\u00f1ado todos nuestros productos con un fuerte compromiso con la sostenibilidad. Desde la rigurosa selecci\u00f3n de nuestras materias primas hasta nuestra \u00e9tica de producci\u00f3n, garantizamos un impacto m\u00ednimo en nuestro planeta. <\/p><p>Fabricados <strong>con materiales 100% naturales e hipoalerg\u00e9nicos<\/strong>, nuestros productos fomentan un estilo de vida sano y responsable.<\/p><p>Fabricaci\u00f3n sin concesiones basada tanto en la artesan\u00eda como en una filosof\u00eda de responsabilidad social y ecol\u00f3gica.<\/p><p>Cada etapa del proceso de producci\u00f3n tiene como objetivo reducir las emisiones de carbono y cualquier forma de residuo, garantizando que nuestros clientes invierten en sus <strong>necesidades de bienestar al tiempo que contribuyen eficazmente<\/strong> a preservar el medio ambiente.<\/p>\t\t\t<\/div>\n\t\t<\/div>\n\t\t\t\t<\/div>\n\t\t\t\t\t\t<\/div>\n\t\t\t\t<\/div>\n\t\t\t\t\t<\/div>\n\t\t<\/div>\n\t\t\t\t\t<\/div>\n\t\t<\/section>\n\t\t\t\t<section class=\"elementor-section elementor-top-section elementor-element elementor-element-e366b93 elementor-section-boxed elementor-section-gap-beside-yes elementor-section-height-default elementor-section-height-default elementor-section-content-align-center elementor-section-column-vertical-align-stretch\" data-id=\"e366b93\" data-element_type=\"section\" data-e-type=\"section\">\n\t\t\t\t\t\t<div class=\"elementor-container elementor-column-gap-extended\">\n\t\t\t\t\t<div class=\"elementor-column elementor-col-100 elementor-top-column elementor-element elementor-element-a549745\" data-id=\"a549745\" data-element_type=\"column\" data-e-type=\"column\">\n\t\t\t<div class=\"elementor-widget-wrap elementor-element-populated\">\n\t\t\t\t\t\t<div class=\"elementor-element elementor-element-3b7fecd elementor-widget elementor-widget-tm-heading\" data-id=\"3b7fecd\" data-element_type=\"widget\" data-e-type=\"widget\" data-widget_type=\"tm-heading.default\">\n\t\t\t\t<div class=\"elementor-widget-container\">\n\t\t\t\t\t\t\t<div class=\"tm-modern-heading tm-modern-heading--style-03 tm-modern-heading--highlight-style-01\">\n\t\t\t\n\t\t\t\t\t<div class=\"heading-primary-wrap\">\n\t\t\t<h3 class=\"heading-primary elementor-heading-title\">Valores con sentido<\/h3>\t\t<\/div>\n\t\t\n\t\t\t\n\t\t\t\t\t<div class=\"heading-description-wrap\">\n\t\t\t<div class=\"heading-description\">\n\t\t\t\t<p>Para Shaktio, ofrecer productos de calidad no es suficiente. Creemos firmemente que es nuestro deber actuar por el bien com\u00fan. <\/p><p>Colaborando con diversas asociaciones locales e internacionales, dedicamos parte de nuestros ingresos a apoyar causas sociales significativas. Esto refuerza nuestro compromiso con un mundo en el que <strong>todos tengan la oportunidad de llevar una vida mejor.<\/strong> <\/p><p>Estas iniciativas van de la mano de nuestro deseo de educar y concienciar al p\u00fablico sobre las repercusiones medioambientales y sociales del consumo.<\/p><p>Con cada una de nuestras acciones, pretendemos demostrar que un futuro mejor empieza por elegir soluciones \u00e9ticas y responsables.<\/p>\t\t\t<\/div>\n\t\t<\/div>\n\t\t\t\t<\/div>\n\t\t\t\t\t\t<\/div>\n\t\t\t\t<\/div>\n\t\t\t\t\t<\/div>\n\t\t<\/div>\n\t\t\t\t\t<\/div>\n\t\t<\/section>\n\t\t\t\t<section class=\"elementor-section elementor-top-section elementor-element elementor-element-d1f1822 elementor-section-full_width elementor-section-gap-beside-yes elementor-section-height-default elementor-section-height-default elementor-section-column-vertical-align-stretch\" data-id=\"d1f1822\" data-element_type=\"section\" data-e-type=\"section\">\n\t\t\t\t\t\t<div class=\"elementor-container elementor-column-gap-extended\">\n\t\t\t\t\t<div class=\"elementor-column elementor-col-100 elementor-top-column elementor-element elementor-element-e913113\" data-id=\"e913113\" data-element_type=\"column\" data-e-type=\"column\">\n\t\t\t<div class=\"elementor-widget-wrap elementor-element-populated\">\n\t\t\t\t\t\t<div class=\"elementor-element elementor-element-d73c9ad elementor-widget elementor-widget-spacer\" data-id=\"d73c9ad\" data-element_type=\"widget\" data-e-type=\"widget\" data-widget_type=\"spacer.default\">\n\t\t\t\t<div class=\"elementor-widget-container\">\n\t\t\t\t\t\t\t<div class=\"elementor-spacer\">\n\t\t\t<div class=\"elementor-spacer-inner\"><\/div>\n\t\t<\/div>\n\t\t\t\t\t\t<\/div>\n\t\t\t\t<\/div>\n\t\t\t\t\t<\/div>\n\t\t<\/div>\n\t\t\t\t\t<\/div>\n\t\t<\/section>\n\t\t\t\t<section class=\"elementor-section elementor-top-section elementor-element elementor-element-41b9fdd elementor-section-boxed elementor-section-gap-beside-yes elementor-section-height-default elementor-section-height-default elementor-section-content-align-center elementor-section-column-vertical-align-stretch\" data-id=\"41b9fdd\" data-element_type=\"section\" data-e-type=\"section\">\n\t\t\t\t\t\t<div class=\"elementor-container elementor-column-gap-extended\">\n\t\t\t\t\t<div class=\"elementor-column elementor-col-100 elementor-top-column elementor-element elementor-element-e9759b6\" data-id=\"e9759b6\" data-element_type=\"column\" data-e-type=\"column\">\n\t\t\t<div class=\"elementor-widget-wrap elementor-element-populated\">\n\t\t\t\t\t\t<div class=\"elementor-element elementor-element-11688fe elementor-widget elementor-widget-tm-heading\" data-id=\"11688fe\" data-element_type=\"widget\" data-e-type=\"widget\" data-widget_type=\"tm-heading.default\">\n\t\t\t\t<div class=\"elementor-widget-container\">\n\t\t\t\t\t\t\t<div class=\"tm-modern-heading tm-modern-heading--style-02 tm-modern-heading--highlight-style-01\">\n\t\t\t\n\t\t\t\t\t<div class=\"heading-primary-wrap\">\n\t\t\t<h2 class=\"heading-primary elementor-heading-title\">El \u00e9xito internacional de Shaktio<\/h2>\t\t<\/div>\n\t\t\n\t\t\t\n\t\t\t\t\t<\/div>\n\t\t\t\t\t\t<\/div>\n\t\t\t\t<\/div>\n\t\t\t\t<div class=\"elementor-element elementor-element-5ab35a2 elementor-widget elementor-widget-tm-heading\" data-id=\"5ab35a2\" data-element_type=\"widget\" data-e-type=\"widget\" data-widget_type=\"tm-heading.default\">\n\t\t\t\t<div class=\"elementor-widget-container\">\n\t\t\t\t\t\t\t<div class=\"tm-modern-heading tm-modern-heading--style-03 tm-modern-heading--highlight-style-01\">\n\t\t\t\n\t\t\t\n\t\t\t\n\t\t\t\t\t<div class=\"heading-description-wrap\">\n\t\t\t<div class=\"heading-description\">\n\t\t\t\t<p>Tras a\u00f1os de desarrollo continuo y adaptaci\u00f3n creativa, Shaktio es ahora reconocida en todo el mundo como l\u00edder innovador en productos para el bienestar en el hogar.<\/p><p>La creciente demanda de nuestros productos es testimonio de la eficacia y el valor que nuestras <strong>esterillas de acupresi\u00f3n<\/strong> aportan a nuestros clientes.<\/p><p>Con miles de usuarios satisfechos en distintos continentes, Shaktio no es s\u00f3lo una marca, sino una promesa de calidad y transformaci\u00f3n personal.<\/p><p>Los comentarios positivos que recibimos a diario alimentan nuestra pasi\u00f3n por ofrecer siempre lo mejor.<\/p>\t\t\t<\/div>\n\t\t<\/div>\n\t\t\t\t<\/div>\n\t\t\t\t\t\t<\/div>\n\t\t\t\t<\/div>\n\t\t\t\t\t<\/div>\n\t\t<\/div>\n\t\t\t\t\t<\/div>\n\t\t<\/section>\n\t\t\t\t<section class=\"elementor-section elementor-top-section elementor-element elementor-element-e681274 elementor-section-boxed elementor-section-gap-beside-yes elementor-section-height-default elementor-section-height-default elementor-section-content-align-center elementor-section-column-vertical-align-stretch\" data-id=\"e681274\" data-element_type=\"section\" data-e-type=\"section\">\n\t\t\t\t\t\t<div class=\"elementor-container elementor-column-gap-extended\">\n\t\t\t\t\t<div class=\"elementor-column elementor-col-100 elementor-top-column elementor-element elementor-element-5b4485d\" data-id=\"5b4485d\" data-element_type=\"column\" data-e-type=\"column\">\n\t\t\t<div class=\"elementor-widget-wrap elementor-element-populated\">\n\t\t\t\t\t\t<div class=\"elementor-element elementor-element-fde4f90 elementor-widget elementor-widget-tm-heading\" data-id=\"fde4f90\" data-element_type=\"widget\" data-e-type=\"widget\" data-widget_type=\"tm-heading.default\">\n\t\t\t\t<div class=\"elementor-widget-container\">\n\t\t\t\t\t\t\t<div class=\"tm-modern-heading tm-modern-heading--style-03 tm-modern-heading--highlight-style-01\">\n\t\t\t\n\t\t\t\t\t<div class=\"heading-primary-wrap\">\n\t\t\t<h3 class=\"heading-primary elementor-heading-title\">Premios bien merecidos\n<\/h3>\t\t<\/div>\n\t\t\n\t\t\t\n\t\t\t\t\t<div class=\"heading-description-wrap\">\n\t\t\t<div class=\"heading-description\">\n\t\t\t\t<p>Nuestros constantes esfuerzos se ven recompensados regularmente con diversos premios internacionales, que reconocen tanto nuestra innovaci\u00f3n como nuestra responsabilidad medioambiental.<\/p><p>Cada iniciativa de Shaktio subraya nuestra determinaci\u00f3n de combinar el \u00e9xito econ\u00f3mico con un impacto social positivo.<\/p><p>Nuestra perseverancia y creatividad han hecho de Shaktio un nombre sin\u00f3nimo de confianza para quienes buscan mejorar su bienestar personal con productos aut\u00e9nticos y fiables.<\/p><p>El futuro encierra infinitas posibilidades, y nos entusiasma explorar este potencial junto a nuestros valiosos clientes.<\/p>\t\t\t<\/div>\n\t\t<\/div>\n\t\t\t\t<\/div>\n\t\t\t\t\t\t<\/div>\n\t\t\t\t<\/div>\n\t\t\t\t\t<\/div>\n\t\t<\/div>\n\t\t\t\t\t<\/div>\n\t\t<\/section>\n\t\t\t\t<\/div>\n\t\t\n\n<div class=\"kk-star-ratings kksr-auto kksr-align-center kksr-valign-bottom\"\n    data-payload='{&quot;align&quot;:&quot;center&quot;,&quot;id&quot;:&quot;23291&quot;,&quot;slug&quot;:&quot;default&quot;,&quot;valign&quot;:&quot;bottom&quot;,&quot;ignore&quot;:&quot;&quot;,&quot;reference&quot;:&quot;auto&quot;,&quot;class&quot;:&quot;&quot;,&quot;count&quot;:&quot;0&quot;,&quot;legendonly&quot;:&quot;&quot;,&quot;readonly&quot;:&quot;&quot;,&quot;score&quot;:&quot;0&quot;,&quot;starsonly&quot;:&quot;&quot;,&quot;best&quot;:&quot;5&quot;,&quot;gap&quot;:&quot;5&quot;,&quot;greet&quot;:&quot;&quot;,&quot;legend&quot;:&quot;0\\\/5&quot;,&quot;size&quot;:&quot;24&quot;,&quot;title&quot;:&quot;\u00bfQui\u00e9nes somos?&quot;,&quot;width&quot;:&quot;0&quot;,&quot;_legend&quot;:&quot;{score}\\\/{best}&quot;,&quot;font_factor&quot;:&quot;1.25&quot;}'>\n            \n<div class=\"kksr-stars\">\n    \n<div class=\"kksr-stars-inactive\">\n            <div class=\"kksr-star\" data-star=\"1\" style=\"padding-right: 5px\">\n            \n\n<div class=\"kksr-icon\" style=\"width: 24px; height: 24px;\"><\/div>\n        <\/div>\n            <div class=\"kksr-star\" data-star=\"2\" style=\"padding-right: 5px\">\n            \n\n<div class=\"kksr-icon\" style=\"width: 24px; height: 24px;\"><\/div>\n        <\/div>\n            <div class=\"kksr-star\" data-star=\"3\" style=\"padding-right: 5px\">\n            \n\n<div class=\"kksr-icon\" style=\"width: 24px; height: 24px;\"><\/div>\n        <\/div>\n            <div class=\"kksr-star\" data-star=\"4\" style=\"padding-right: 5px\">\n            \n\n<div class=\"kksr-icon\" style=\"width: 24px; height: 24px;\"><\/div>\n        <\/div>\n            <div class=\"kksr-star\" data-star=\"5\" style=\"padding-right: 5px\">\n            \n\n<div class=\"kksr-icon\" style=\"width: 24px; height: 24px;\"><\/div>\n        <\/div>\n    <\/div>\n    \n<div class=\"kksr-stars-active\" style=\"width: 0px;\">\n            <div class=\"kksr-star\" style=\"padding-right: 5px\">\n            \n\n<div class=\"kksr-icon\" style=\"width: 24px; height: 24px;\"><\/div>\n        <\/div>\n            <div class=\"kksr-star\" style=\"padding-right: 5px\">\n            \n\n<div class=\"kksr-icon\" style=\"width: 24px; height: 24px;\"><\/div>\n        <\/div>\n            <div class=\"kksr-star\" style=\"padding-right: 5px\">\n            \n\n<div class=\"kksr-icon\" style=\"width: 24px; height: 24px;\"><\/div>\n        <\/div>\n            <div class=\"kksr-star\" style=\"padding-right: 5px\">\n            \n\n<div class=\"kksr-icon\" style=\"width: 24px; height: 24px;\"><\/div>\n        <\/div>\n            <div class=\"kksr-star\" style=\"padding-right: 5px\">\n            \n\n<div class=\"kksr-icon\" style=\"width: 24px; height: 24px;\"><\/div>\n        <\/div>\n    <\/div>\n<\/div>\n                \n\n<div class=\"kksr-legend\" style=\"font-size: 19.2px;\">\n            <span class=\"kksr-muted\"><\/span>\n    <\/div>\n    <\/div>\n","protected":false},"excerpt":{"rendered":"<p>El viaje de Shaktio: un viaje \u00e9pico hacia el bienestar hol\u00edstico Cuando se trata del cuidado personal, combinar tradici\u00f3n e innovaci\u00f3n es un arte que pocos dominan. Shaktio, empresa fundada en 2011, destaca por su capacidad para combinar lo antiguo y lo moderno en sus productos de bienestar. Inspirando a miles de personas de todo el mundo, Shaktio no s\u00f3lo ofrece productos \u00fanicos, sino que tambi\u00e9n se compromete activamente con un futuro m\u00e1s sostenible. Las ra\u00edces de una inspiraci\u00f3n ancestral Detr\u00e1s de cada producto Shaktio hay una historia rica y profunda que se inspira en tradiciones ancestrales. La aventura comenz\u00f3 con la pasi\u00f3n por los antiguos m\u00e9todos curativos, influidos por las pr\u00e1cticas extra\u00eddas de las monta\u00f1as del Himalaya. Desde entonces, estas t\u00e9cnicas de relajaci\u00f3n y autocuidado se han adoptado en todo el mundo en formas innovadoras, como nuestras modernas colchonetas de masaje de acupresi\u00f3n. Incorporar filosof\u00edas tradicionales a nuestros productos no s\u00f3lo asegura su eficacia, sino que tambi\u00e9n garantiza un respeto total por la cultura de la que proceden. Nuestra misi\u00f3n es ayudar al p\u00fablico en general a descubrir los beneficios, a menudo poco conocidos, de estas pr\u00e1cticas milenarias, sirvi\u00e9ndolas al mismo tiempo de forma accesible y contempor\u00e1nea. La ecorresponsabilidad en el centro de nuestro planteamiento Sensibles a los retos medioambientales actuales, hemos dise\u00f1ado todos nuestros productos con un fuerte compromiso con la sostenibilidad. Desde la rigurosa selecci\u00f3n de nuestras materias primas hasta nuestra \u00e9tica de producci\u00f3n, garantizamos un impacto m\u00ednimo en nuestro planeta. Fabricados con materiales 100% naturales e hipoalerg\u00e9nicos, nuestros productos fomentan un estilo de vida sano y responsable. Fabricaci\u00f3n sin concesiones basada tanto en la artesan\u00eda como en una filosof\u00eda de responsabilidad social y ecol\u00f3gica. Cada etapa del proceso de producci\u00f3n tiene como objetivo reducir las emisiones de carbono y cualquier forma de residuo, garantizando que nuestros clientes invierten en sus necesidades de bienestar al tiempo que contribuyen eficazmente a preservar el medio ambiente. Valores con sentido Para Shaktio, ofrecer productos de calidad no es suficiente. Creemos firmemente que es nuestro deber actuar por el bien com\u00fan. Colaborando con diversas asociaciones locales e internacionales, dedicamos parte de nuestros ingresos a apoyar causas sociales significativas. Esto refuerza nuestro compromiso con un mundo en el que todos tengan la oportunidad de llevar una vida mejor. Estas iniciativas van de la mano de nuestro deseo de educar y concienciar al p\u00fablico sobre las repercusiones medioambientales y sociales del consumo. Con cada una de nuestras acciones, pretendemos demostrar que un futuro mejor empieza por elegir soluciones \u00e9ticas y responsables. El \u00e9xito internacional de Shaktio Tras a\u00f1os de desarrollo continuo y adaptaci\u00f3n creativa, Shaktio es ahora reconocida en todo el mundo como l\u00edder innovador en productos para el bienestar en el hogar. La creciente demanda de nuestros productos es testimonio de la eficacia y el valor que nuestras esterillas de acupresi\u00f3n aportan a nuestros clientes. Con miles de usuarios satisfechos en distintos continentes, Shaktio no es s\u00f3lo una marca, sino una promesa de calidad y transformaci\u00f3n personal. Los comentarios positivos que recibimos a diario alimentan nuestra pasi\u00f3n por ofrecer siempre lo mejor. Premios bien merecidos Nuestros constantes esfuerzos se ven recompensados regularmente con diversos premios internacionales, que reconocen tanto nuestra innovaci\u00f3n como nuestra responsabilidad medioambiental. Cada iniciativa de Shaktio subraya nuestra determinaci\u00f3n de combinar el \u00e9xito econ\u00f3mico con un impacto social positivo. Nuestra perseverancia y creatividad han hecho de Shaktio un nombre sin\u00f3nimo de confianza para quienes buscan mejorar su bienestar personal con productos aut\u00e9nticos y fiables. El futuro encierra infinitas posibilidades, y nos entusiasma explorar este potencial junto a nuestros valiosos clientes.<\/p>\n","protected":false},"author":2,"featured_media":22505,"parent":0,"menu_order":0,"comment_status":"closed","ping_status":"closed","template":"","meta":{"footnotes":""},"class_list":["post-23291","page","type-page","status-publish","has-post-thumbnail","hentry"],"_links":{"self":[{"href":"https:\/\/shaktio.com\/es\/wp-json\/wp\/v2\/pages\/23291","targetHints":{"allow":["GET"]}}],"collection":[{"href":"https:\/\/shaktio.com\/es\/wp-json\/wp\/v2\/pages"}],"about":[{"href":"https:\/\/shaktio.com\/es\/wp-json\/wp\/v2\/types\/page"}],"author":[{"embeddable":true,"href":"https:\/\/shaktio.com\/es\/wp-json\/wp\/v2\/users\/2"}],"replies":[{"embeddable":true,"href":"https:\/\/shaktio.com\/es\/wp-json\/wp\/v2\/comments?post=23291"}],"version-history":[{"count":0,"href":"https:\/\/shaktio.com\/es\/wp-json\/wp\/v2\/pages\/23291\/revisions"}],"wp:featuredmedia":[{"embeddable":true,"href":"https:\/\/shaktio.com\/es\/wp-json\/wp\/v2\/media\/22505"}],"wp:attachment":[{"href":"https:\/\/shaktio.com\/es\/wp-json\/wp\/v2\/media?parent=23291"}],"curies":[{"name":"wp","href":"https:\/\/api.w.org\/{rel}","templated":true}]}}