{"id":26604,"date":"2025-04-04T15:20:07","date_gmt":"2025-04-04T15:20:07","guid":{"rendered":"https:\/\/shaktio.com\/diadema-de-acupresion-original-negra\/"},"modified":"2025-04-11T09:26:58","modified_gmt":"2025-04-11T09:26:58","slug":"diadema-de-acupresion-original-negra","status":"publish","type":"product","link":"https:\/\/shaktio.com\/es\/diadema-de-acupresion-original-negra\/","title":{"rendered":"Diadema de acupresi\u00f3n original negra"},"content":{"rendered":"<h2><span style=\"font-size: 18pt;\"><b>Rel\u00e1jate y alivia la tensi\u00f3n con la diadema de acupresi\u00f3n<\/b><\/span><\/h2>\n<h2><span style=\"font-size: 18pt;\"><b>Lib\u00e9rate del dolor de cuello y del estr\u00e9s diario<\/b><\/span><\/h2>\n<p class=\"p3\">\u00bfSufres de tensi\u00f3n en el cuello, migra\u00f1as o estr\u00e9s acumulado? Nuestra Almohada de Acupresi\u00f3n est\u00e1 dise\u00f1ada para ofrecerte una soluci\u00f3n natural y eficaz. Inspirada en las antiguas t\u00e9cnicas de la medicina tradicional china, estimula puntos espec\u00edficos para favorecer la relajaci\u00f3n y el bienestar.<\/p>\n<h3><span style=\"font-size: 18pt;\"><b>Por qu\u00e9 elegir nuestra <\/b><\/span><span style=\"font-size: 18pt;\"><b>Diadema de acupresi\u00f3n<\/b><\/span><span style=\"font-size: 18pt;\"><b>?<\/b><\/span><\/h3>\n<ul>\n<li>\n<p class=\"p1\"><span class=\"s1\"><b>Alivio natural del dolor<\/b><\/span> Las p\u00faas especialmente dise\u00f1adas ejercen una suave presi\u00f3n sobre los puntos de acupresi\u00f3n, ayudando a liberar la tensi\u00f3n muscular y a reducir el dolor de cuello.<\/p>\n<\/li>\n<li>\n<p class=\"p1\"><span class=\"s1\"><b>Mejora la circulaci\u00f3n sangu\u00ednea<\/b><\/span> Al estimular la microcirculaci\u00f3n, la almohada favorece la oxigenaci\u00f3n de los tejidos y ayuda a mejorar la recuperaci\u00f3n muscular.<\/p>\n<\/li>\n<li>\n<p class=\"p1\"><span class=\"s1\"><b>Reducir el estr\u00e9s y mejorar el sue\u00f1o<\/b><\/span> Su uso regular puede ayudar a reducir los niveles de estr\u00e9s y favorecer un sue\u00f1o reparador.<\/p>\n<\/li>\n<li>\n<p class=\"p1\"><span class=\"s1\"><b>Uso sencillo y pr\u00e1ctico<\/b><\/span> Compacta y ligera, se adapta f\u00e1cilmente a tu rutina diaria, ya sea en casa o en la oficina.<\/p>\n<\/li>\n<\/ul>\n<p>&nbsp;<\/p>\n<h3><span style=\"font-size: 14pt;\"><b>Respuestas a tus preguntas m\u00e1s frecuentes<\/b><\/span><\/h3>\n<ul>\n<li>\n<p class=\"p1\"><i>\u00bfEs doloroso utilizar la almohada?<\/i><i><\/i><\/p>\n<p class=\"p1\">Las primeras veces que se utiliza, puede resultar un poco extra\u00f1o, pero pronto desaparece y es sustituido por una agradable sensaci\u00f3n de relajaci\u00f3n.<\/p>\n<\/li>\n<li>\n<p class=\"p1\"><i>\u00bfCu\u00e1nto tiempo necesito utilizarlo para notar los efectos?<\/i><i><\/i><\/p>\n<p class=\"p1\">Se recomienda una sesi\u00f3n de 15 a 20 minutos al d\u00eda para obtener resultados \u00f3ptimos.<\/p>\n<\/li>\n<li>\n<p class=\"p1\"><i>\u00bfHay alguna contraindicaci\u00f3n?<\/i><i><\/i><\/p>\n<\/li>\n<\/ul>\n<p><span style=\"font-family: arial, helvetica, sans-serif;\"><br \/>\nSi buscas otro [product_category_link], ya sea para regalar o para ti mismo, consulta nuestro [next_product_same_category].<\/span><\/p>\n","protected":false},"excerpt":{"rendered":"<p class=\"p1\"><span style=\"font-family: arial, helvetica, sans-serif; color: #333333;\">\ud83d\udc86\u200d\u2640\ufe0f Alivia el dolor de cuello<\/span><br \/>\n<span style=\"font-family: arial, helvetica, sans-serif; color: #333333;\">\ud83e\ude78 Mejora la circulaci\u00f3n sangu\u00ednea<\/span><br \/>\n<span style=\"font-family: arial, helvetica, sans-serif; color: #333333;\">\ud83e\uddd8\u200d\u2642\ufe0f Reduce el estr\u00e9s y favorece la relajaci\u00f3n<\/span><br \/>\n<span style=\"font-family: arial, helvetica, sans-serif; color: #333333;\">\ud83c\udfe1 Compacto, ligero y se puede utilizar en cualquier sitio<\/span><\/p>\n","protected":false},"featured_media":26124,"comment_status":"open","ping_status":"closed","template":"","meta":[],"product_brand":[],"product_cat":[195,196,197],"product_tag":[],"class_list":{"0":"post-26604","1":"product","2":"type-product","3":"status-publish","4":"has-post-thumbnail","6":"product_cat-cojin-acupresion","7":"product_cat-accesorios-acupresion","8":"product_cat-cinturon-de-acupresion","10":"first","11":"instock","12":"shipping-taxable","13":"purchasable","14":"product-type-simple"},"_links":{"self":[{"href":"https:\/\/shaktio.com\/es\/wp-json\/wp\/v2\/product\/26604","targetHints":{"allow":["GET"]}}],"collection":[{"href":"https:\/\/shaktio.com\/es\/wp-json\/wp\/v2\/product"}],"about":[{"href":"https:\/\/shaktio.com\/es\/wp-json\/wp\/v2\/types\/product"}],"replies":[{"embeddable":true,"href":"https:\/\/shaktio.com\/es\/wp-json\/wp\/v2\/comments?post=26604"}],"version-history":[{"count":0,"href":"https:\/\/shaktio.com\/es\/wp-json\/wp\/v2\/product\/26604\/revisions"}],"wp:featuredmedia":[{"embeddable":true,"href":"https:\/\/shaktio.com\/es\/wp-json\/wp\/v2\/media\/26124"}],"wp:attachment":[{"href":"https:\/\/shaktio.com\/es\/wp-json\/wp\/v2\/media?parent=26604"}],"wp:term":[{"taxonomy":"product_brand","embeddable":true,"href":"https:\/\/shaktio.com\/es\/wp-json\/wp\/v2\/product_brand?post=26604"},{"taxonomy":"product_cat","embeddable":true,"href":"https:\/\/shaktio.com\/es\/wp-json\/wp\/v2\/product_cat?post=26604"},{"taxonomy":"product_tag","embeddable":true,"href":"https:\/\/shaktio.com\/es\/wp-json\/wp\/v2\/product_tag?post=26604"}],"curies":[{"name":"wp","href":"https:\/\/api.w.org\/{rel}","templated":true}]}}