{"id":22436,"date":"2025-02-04T15:55:30","date_gmt":"2025-02-04T15:55:30","guid":{"rendered":"https:\/\/shaktio.com\/mapa-do-sitio\/"},"modified":"2025-02-04T15:55:30","modified_gmt":"2025-02-04T15:55:30","slug":"mapa-do-sitio","status":"publish","type":"page","link":"https:\/\/shaktio.com\/pt-pt\/mapa-do-sitio\/","title":{"rendered":"Mapa do s\u00edtio"},"content":{"rendered":"<div class=\"rank-math-html-sitemap\"><div class=\"rank-math-html-sitemap__section rank-math-html-sitemap__section--post-type rank-math-html-sitemap__section--post\"><h2 class=\"rank-math-html-sitemap__title\">Artigos<\/h2><ul class=\"rank-math-html-sitemap__list\"><li class=\"rank-math-html-sitemap__item\"><a href=\"https:\/\/shaktio.com\/pt-pt\/tapete-acupressao-dicas\/\" class=\"rank-math-html-sitemap__link\">Melhor tapete de acupress\u00e3o: benef\u00edcios e dicas para escolher o ideal<\/a><\/li><li class=\"rank-math-html-sitemap__item\"><a href=\"https:\/\/shaktio.com\/pt-pt\/beneficios-tapete-acupressao-pes\/\" class=\"rank-math-html-sitemap__link\">Os benef\u00edcios do tapete de acupress\u00e3o para a sa\u00fade dos p\u00e9s<\/a><\/li><li class=\"rank-math-html-sitemap__item\"><a href=\"https:\/\/shaktio.com\/pt-pt\/beneficios-tapete-acupressao-2\/\" class=\"rank-math-html-sitemap__link\">Os benef\u00edcios do tapete de acupress\u00e3o para os p\u00e9s na sa\u00fade geral<\/a><\/li><li class=\"rank-math-html-sitemap__item\"><a href=\"https:\/\/shaktio.com\/pt-pt\/acupressao-opinioes-beneficios\/\" class=\"rank-math-html-sitemap__link\">Tapete de acupress\u00e3o: opini\u00f5es e benef\u00edcios para a sa\u00fade<\/a><\/li><li class=\"rank-math-html-sitemap__item\"><a href=\"https:\/\/shaktio.com\/pt-pt\/usar-tapete-acupressao-beneficios\/\" class=\"rank-math-html-sitemap__link\">Como usar o tapete de acupress\u00e3o para maximizar seus benef\u00edcios?<\/a><\/li><li class=\"rank-math-html-sitemap__item\"><a href=\"https:\/\/shaktio.com\/pt-pt\/beneficios-tapete-acupressao\/\" class=\"rank-math-html-sitemap__link\">Benef\u00edcios do tapete de acupress\u00e3o para a sa\u00fade e bem-estar<\/a><\/li><\/ul><\/div><div class=\"rank-math-html-sitemap__section rank-math-html-sitemap__section--post-type rank-math-html-sitemap__section--page\"><h2 class=\"rank-math-html-sitemap__title\">P\u00e1ginas<\/h2><ul class=\"rank-math-html-sitemap__list\"><li class=\"rank-math-html-sitemap__item\"><a href=\"https:\/\/shaktio.com\/pt-pt\/cobertura-da-imprensa\/\" class=\"rank-math-html-sitemap__link\">Cobertura da imprensa<\/a><\/li><li class=\"rank-math-html-sitemap__item\"><a href=\"https:\/\/shaktio.com\/pt-pt\/guia-de-cuidados\/\" class=\"rank-math-html-sitemap__link\">Guia de cuidados<\/a><\/li><li class=\"rank-math-html-sitemap__item\"><a href=\"https:\/\/shaktio.com\/pt-pt\/como-e-que-o-usas\/\" class=\"rank-math-html-sitemap__link\">Como \u00e9 que o usas?<\/a><\/li><li class=\"rank-math-html-sitemap__item\"><a href=\"https:\/\/shaktio.com\/pt-pt\/dores-musculares\/\" class=\"rank-math-html-sitemap__link\">Dores musculares<\/a><\/li><li class=\"rank-math-html-sitemap__item\"><a href=\"https:\/\/shaktio.com\/pt-pt\/cabeca-limpa\/\" class=\"rank-math-html-sitemap__link\">Cabe\u00e7a limpa<\/a><\/li><li class=\"rank-math-html-sitemap__item\"><a href=\"https:\/\/shaktio.com\/pt-pt\/sono-profundo\/\" class=\"rank-math-html-sitemap__link\">Sono profundo<\/a><\/li><li class=\"rank-math-html-sitemap__item\"><a href=\"https:\/\/shaktio.com\/pt-pt\/pele-tonificada\/\" class=\"rank-math-html-sitemap__link\">Pele tonificada<\/a><\/li><li class=\"rank-math-html-sitemap__item\"><a href=\"https:\/\/shaktio.com\/pt-pt\/aumenta-a-energia\/\" class=\"rank-math-html-sitemap__link\">Aumenta a energia<\/a><\/li><li class=\"rank-math-html-sitemap__item\"><a href=\"https:\/\/shaktio.com\/pt-pt\/costas-felizes\/\" class=\"rank-math-html-sitemap__link\">Costas felizes<\/a><\/li><li class=\"rank-math-html-sitemap__item\"><a href=\"https:\/\/shaktio.com\/pt-pt\/guia-de-envio\/\" class=\"rank-math-html-sitemap__link\">Guia de envio<\/a><\/li><li class=\"rank-math-html-sitemap__item\"><a href=\"https:\/\/shaktio.com\/pt-pt\/confidencialidade\/\" class=\"rank-math-html-sitemap__link\">Confidencialidade<\/a><\/li><li class=\"rank-math-html-sitemap__item\"><a href=\"https:\/\/shaktio.com\/pt-pt\/acompanhamento-da-encomenda\/\" class=\"rank-math-html-sitemap__link\">Acompanhamento da encomenda<\/a><\/li><li class=\"rank-math-html-sitemap__item\"><a href=\"https:\/\/shaktio.com\/pt-pt\/testemunhos\/\" class=\"rank-math-html-sitemap__link\">Testemunhos<\/a><\/li><li class=\"rank-math-html-sitemap__item\"><a href=\"https:\/\/shaktio.com\/pt-pt\/acupressao\/\" class=\"rank-math-html-sitemap__link\">Acupress\u00e3o<\/a><\/li><li class=\"rank-math-html-sitemap__item\"><a href=\"https:\/\/shaktio.com\/pt-pt\/estudo-clinico\/\" class=\"rank-math-html-sitemap__link\">Estudo cl\u00ednico<\/a><\/li><li class=\"rank-math-html-sitemap__item\"><a href=\"https:\/\/shaktio.com\/pt-pt\/quem-somos\/\" class=\"rank-math-html-sitemap__link\">Quem somos?<\/a><\/li><li class=\"rank-math-html-sitemap__item\"><a href=\"https:\/\/shaktio.com\/pt-pt\/mapa-do-sitio\/\" class=\"rank-math-html-sitemap__link\">Mapa do s\u00edtio<\/a><\/li><li class=\"rank-math-html-sitemap__item\"><a href=\"https:\/\/shaktio.com\/pt-pt\/aviso-legal\/\" class=\"rank-math-html-sitemap__link\">Aviso legal<\/a><\/li><li class=\"rank-math-html-sitemap__item\"><a href=\"https:\/\/shaktio.com\/pt-pt\/termos-e-condicoes-gerais\/\" class=\"rank-math-html-sitemap__link\">Termos e condi\u00e7\u00f5es gerais<\/a><\/li><li class=\"rank-math-html-sitemap__item\"><a href=\"https:\/\/shaktio.com\/pt-pt\/devolucoes-e-reembolsos\/\" class=\"rank-math-html-sitemap__link\">Devolu\u00e7\u00f5es e reembolsos<\/a><\/li><li class=\"rank-math-html-sitemap__item\"><a href=\"https:\/\/shaktio.com\/pt-pt\/checkout\/\" class=\"rank-math-html-sitemap__link\">Checkout<\/a><\/li><li class=\"rank-math-html-sitemap__item\"><a href=\"https:\/\/shaktio.com\/pt-pt\/cart\/\" class=\"rank-math-html-sitemap__link\">Cart<\/a><\/li><li class=\"rank-math-html-sitemap__item\"><a href=\"https:\/\/shaktio.com\/pt-pt\/shop\/\" class=\"rank-math-html-sitemap__link\">Shop<\/a><\/li><li class=\"rank-math-html-sitemap__item\"><a href=\"https:\/\/shaktio.com\/pt-pt\/\" class=\"rank-math-html-sitemap__link\">Casa<\/a><\/li><li class=\"rank-math-html-sitemap__item\"><a href=\"https:\/\/shaktio.com\/pt-pt\/contacto\/\" class=\"rank-math-html-sitemap__link\">Contacto<\/a><\/li><li class=\"rank-math-html-sitemap__item\"><a href=\"https:\/\/shaktio.com\/pt-pt\/faq\/\" class=\"rank-math-html-sitemap__link\">FAQ<\/a><\/li><li class=\"rank-math-html-sitemap__item\"><a href=\"https:\/\/shaktio.com\/pt-pt\/as-nossas-lojas\/\" class=\"rank-math-html-sitemap__link\">As nossas lojas<\/a><\/li><li class=\"rank-math-html-sitemap__item\"><a href=\"https:\/\/shaktio.com\/pt-pt\/blogue\/\" class=\"rank-math-html-sitemap__link\">Blogue<\/a><\/li><li class=\"rank-math-html-sitemap__item\"><a href=\"https:\/\/shaktio.com\/pt-pt\/my-account\/\" class=\"rank-math-html-sitemap__link\">My Account<\/a><\/li><li class=\"rank-math-html-sitemap__item\"><a href=\"https:\/\/shaktio.com\/pt-pt\/checkout\/\" class=\"rank-math-html-sitemap__link\">Checkout<\/a><\/li><li class=\"rank-math-html-sitemap__item\"><a href=\"https:\/\/shaktio.com\/pt-pt\/cart\/\" class=\"rank-math-html-sitemap__link\">Shopping Cart<\/a><\/li><\/ul><\/div><div class=\"rank-math-html-sitemap__section rank-math-html-sitemap__section--post-type rank-math-html-sitemap__section--product\"><h2 class=\"rank-math-html-sitemap__title\">Produtos<\/h2><ul class=\"rank-math-html-sitemap__list\"><li class=\"rank-math-html-sitemap__item\"><a href=\"https:\/\/shaktio.com\/pt-pt\/conjunto-de-acupressao-premium-turquesa-cinzento\/\" class=\"rank-math-html-sitemap__link\">Conjunto de acupress\u00e3o Premium Turquesa Cinzento<\/a><\/li><li class=\"rank-math-html-sitemap__item\"><a href=\"https:\/\/shaktio.com\/pt-pt\/conjunto-de-acupressao-black-gold-premium\/\" class=\"rank-math-html-sitemap__link\">Conjunto de acupress\u00e3o Black &amp; Gold Premium<\/a><\/li><li class=\"rank-math-html-sitemap__item\"><a href=\"https:\/\/shaktio.com\/pt-pt\/conjunto-de-acupressao-preto-e-cinzento-premium\/\" class=\"rank-math-html-sitemap__link\">Conjunto de Acupress\u00e3o Preto e Cinzento Premium<\/a><\/li><li class=\"rank-math-html-sitemap__item\"><a href=\"https:\/\/shaktio.com\/pt-pt\/conjunto-de-acupressao-premium-cinzento\/\" class=\"rank-math-html-sitemap__link\">Conjunto de acupress\u00e3o Premium cinzento<\/a><\/li><li class=\"rank-math-html-sitemap__item\"><a href=\"https:\/\/shaktio.com\/pt-pt\/conjunto-de-acupressao-premium-preto-completo\/\" class=\"rank-math-html-sitemap__link\">Conjunto de acupress\u00e3o Premium preto completo<\/a><\/li><li class=\"rank-math-html-sitemap__item\"><a href=\"https:\/\/shaktio.com\/pt-pt\/conjunto-de-acupressao-violeta-premium\/\" class=\"rank-math-html-sitemap__link\">Conjunto de acupress\u00e3o Violeta Premium<\/a><\/li><li class=\"rank-math-html-sitemap__item\"><a href=\"https:\/\/shaktio.com\/pt-pt\/conjunto-de-acupressao-verde-original\/\" class=\"rank-math-html-sitemap__link\">Conjunto de Acupress\u00e3o Verde Original<\/a><\/li><li class=\"rank-math-html-sitemap__item\"><a href=\"https:\/\/shaktio.com\/pt-pt\/conjunto-de-acupressao-laranja-original\/\" class=\"rank-math-html-sitemap__link\">Conjunto de acupress\u00e3o Laranja Original<\/a><\/li><li class=\"rank-math-html-sitemap__item\"><a href=\"https:\/\/shaktio.com\/pt-pt\/conjunto-de-acupressao-amarelo-original\/\" class=\"rank-math-html-sitemap__link\">Conjunto de Acupress\u00e3o Amarelo Original<\/a><\/li><li class=\"rank-math-html-sitemap__item\"><a href=\"https:\/\/shaktio.com\/pt-pt\/conjunto-de-acupressao-original-preto-completo\/\" class=\"rank-math-html-sitemap__link\">Conjunto de acupress\u00e3o Original preto completo<\/a><\/li><li class=\"rank-math-html-sitemap__item\"><a href=\"https:\/\/shaktio.com\/pt-pt\/conjunto-de-acupressao-violeta-original\/\" class=\"rank-math-html-sitemap__link\">Conjunto de acupress\u00e3o Violeta Original<\/a><\/li><li class=\"rank-math-html-sitemap__item\"><a href=\"https:\/\/shaktio.com\/pt-pt\/conjunto-de-acupressao-preto-original\/\" class=\"rank-math-html-sitemap__link\">Conjunto de Acupress\u00e3o Preto Original<\/a><\/li><li class=\"rank-math-html-sitemap__item\"><a href=\"https:\/\/shaktio.com\/pt-pt\/conjunto-de-acupressao-original-cinzento\/\" class=\"rank-math-html-sitemap__link\">Conjunto de acupress\u00e3o Original cinzento<\/a><\/li><li class=\"rank-math-html-sitemap__item\"><a href=\"https:\/\/shaktio.com\/pt-pt\/conjunto-de-acupressao-original-azul\/\" class=\"rank-math-html-sitemap__link\">Conjunto de Acupress\u00e3o Original Azul<\/a><\/li><li class=\"rank-math-html-sitemap__item\"><a href=\"https:\/\/shaktio.com\/pt-pt\/fita-de-acupressao-preta-original\/\" class=\"rank-math-html-sitemap__link\">Fita de acupress\u00e3o preta original<\/a><\/li><li class=\"rank-math-html-sitemap__item\"><a href=\"https:\/\/shaktio.com\/pt-pt\/almofada-de-acupressao-preta-original\/\" class=\"rank-math-html-sitemap__link\">Almofada de acupress\u00e3o preta original<\/a><\/li><li class=\"rank-math-html-sitemap__item\"><a href=\"https:\/\/shaktio.com\/pt-pt\/almofada-de-acupressao-cinzenta-original\/\" class=\"rank-math-html-sitemap__link\">Almofada de acupress\u00e3o cinzenta original<\/a><\/li><li class=\"rank-math-html-sitemap__item\"><a href=\"https:\/\/shaktio.com\/pt-pt\/cinto-de-acupressao-cinzento-original\/\" class=\"rank-math-html-sitemap__link\">Cinto de Acupress\u00e3o Cinzento Original<\/a><\/li><li class=\"rank-math-html-sitemap__item\"><a href=\"https:\/\/shaktio.com\/pt-pt\/cinto-de-acupressao-violeta-original\/\" class=\"rank-math-html-sitemap__link\">Cinto de Acupress\u00e3o Violeta Original<\/a><\/li><li class=\"rank-math-html-sitemap__item\"><a href=\"https:\/\/shaktio.com\/pt-pt\/tapete-de-acupressao-turquesa-cinzento-premium\/\" class=\"rank-math-html-sitemap__link\">Tapete de acupress\u00e3o Turquesa Cinzento<\/a><\/li><li class=\"rank-math-html-sitemap__item\"><a href=\"https:\/\/shaktio.com\/pt-pt\/almofada-de-acupressao-original-gold\/\" class=\"rank-math-html-sitemap__link\">Almofada de acupress\u00e3o Original Gold<\/a><\/li><li class=\"rank-math-html-sitemap__item\"><a href=\"https:\/\/shaktio.com\/pt-pt\/tapete-acupressao-black-gold-premium\/\" class=\"rank-math-html-sitemap__link\">Tapete acupress\u00e3o Black &amp; Gold Premium<\/a><\/li><li class=\"rank-math-html-sitemap__item\"><a href=\"https:\/\/shaktio.com\/pt-pt\/tapete-acupressao-premium-preto-e-cinzento\/\" class=\"rank-math-html-sitemap__link\">Tapete acupress\u00e3o Premium preto e cinzento<\/a><\/li><li class=\"rank-math-html-sitemap__item\"><a href=\"https:\/\/shaktio.com\/pt-pt\/tapete-acupressao-premium-cinzento\/\" class=\"rank-math-html-sitemap__link\">Tapete acupress\u00e3o Premium Cinzento<\/a><\/li><li class=\"rank-math-html-sitemap__item\"><a href=\"https:\/\/shaktio.com\/pt-pt\/tapete-acupressao-premium-preto-completo\/\" class=\"rank-math-html-sitemap__link\">Tapete acupress\u00e3o Premium preto completo<\/a><\/li><li class=\"rank-math-html-sitemap__item\"><a href=\"https:\/\/shaktio.com\/pt-pt\/tapete-acupressao-violeta-premium\/\" class=\"rank-math-html-sitemap__link\">Tapete acupress\u00e3o Violeta Premium<\/a><\/li><li class=\"rank-math-html-sitemap__item\"><a href=\"https:\/\/shaktio.com\/pt-pt\/almofada-de-acupressao-cervical-preta-original\/\" class=\"rank-math-html-sitemap__link\">Almofada de Acupress\u00e3o Cervical Preta Original<\/a><\/li><li class=\"rank-math-html-sitemap__item\"><a href=\"https:\/\/shaktio.com\/pt-pt\/almofada-de-acupressao-preta-original-completa\/\" class=\"rank-math-html-sitemap__link\">Almofada de acupress\u00e3o preta original completa<\/a><\/li><li class=\"rank-math-html-sitemap__item\"><a href=\"https:\/\/shaktio.com\/pt-pt\/almofada-de-acupressao-preta-e-amarela-original\/\" class=\"rank-math-html-sitemap__link\">Almofada de Acupress\u00e3o Preta e Amarela Original<\/a><\/li><li class=\"rank-math-html-sitemap__item\"><a href=\"https:\/\/shaktio.com\/pt-pt\/almofada-de-acupressao-laranja-original\/\" class=\"rank-math-html-sitemap__link\">Almofada de acupress\u00e3o Laranja Original<\/a><\/li><li class=\"rank-math-html-sitemap__item\"><a href=\"https:\/\/shaktio.com\/pt-pt\/almofada-de-acupressao-violeta-original\/\" class=\"rank-math-html-sitemap__link\">Almofada de acupress\u00e3o Violeta Original<\/a><\/li><li class=\"rank-math-html-sitemap__item\"><a href=\"https:\/\/shaktio.com\/pt-pt\/almofada-de-acupressao-cinzenta-original-2\/\" class=\"rank-math-html-sitemap__link\">Almofada de acupress\u00e3o cinzenta original<\/a><\/li><li class=\"rank-math-html-sitemap__item\"><a href=\"https:\/\/shaktio.com\/pt-pt\/almofada-de-acupressao-verde-original\/\" class=\"rank-math-html-sitemap__link\">Almofada de Acupress\u00e3o Verde Original<\/a><\/li><li class=\"rank-math-html-sitemap__item\"><a href=\"https:\/\/shaktio.com\/pt-pt\/almofada-de-acupressao-preta-original-2\/\" class=\"rank-math-html-sitemap__link\">Almofada de Acupress\u00e3o Preta Original<\/a><\/li><li class=\"rank-math-html-sitemap__item\"><a href=\"https:\/\/shaktio.com\/pt-pt\/tapete-acupressao-verde-original\/\" class=\"rank-math-html-sitemap__link\">Tapete acupress\u00e3o Verde Original<\/a><\/li><li class=\"rank-math-html-sitemap__item\"><a href=\"https:\/\/shaktio.com\/pt-pt\/tapete-acupressao-laranja-original\/\" class=\"rank-math-html-sitemap__link\">Tapete acupress\u00e3o Laranja Original<\/a><\/li><li class=\"rank-math-html-sitemap__item\"><a href=\"https:\/\/shaktio.com\/pt-pt\/tapete-acupressao-amarelo-original\/\" class=\"rank-math-html-sitemap__link\">Tapete Acupress\u00e3o Amarelo Original<\/a><\/li><li class=\"rank-math-html-sitemap__item\"><a href=\"https:\/\/shaktio.com\/pt-pt\/tapete-acupressao-original-preto-completo\/\" class=\"rank-math-html-sitemap__link\">Tapete acupress\u00e3o Original preto completo<\/a><\/li><li class=\"rank-math-html-sitemap__item\"><a href=\"https:\/\/shaktio.com\/pt-pt\/tapete-acupressao-violeta-original\/\" class=\"rank-math-html-sitemap__link\">Tapete acupress\u00e3o Violeta Original<\/a><\/li><li class=\"rank-math-html-sitemap__item\"><a href=\"https:\/\/shaktio.com\/pt-pt\/almofada-de-acupressao-azul-original\/\" class=\"rank-math-html-sitemap__link\">Almofada de Acupress\u00e3o Azul Original<\/a><\/li><li class=\"rank-math-html-sitemap__item\"><a href=\"https:\/\/shaktio.com\/pt-pt\/tapete-acupressao-preto-original\/\" class=\"rank-math-html-sitemap__link\">Tapete Acupress\u00e3o Preto Original<\/a><\/li><li class=\"rank-math-html-sitemap__item\"><a href=\"https:\/\/shaktio.com\/pt-pt\/tapete-acupressao-original-cinzento\/\" class=\"rank-math-html-sitemap__link\">Tapete acupress\u00e3o Original cinzento<\/a><\/li><li class=\"rank-math-html-sitemap__item\"><a href=\"https:\/\/shaktio.com\/pt-pt\/cartao-de-oferta\/\" class=\"rank-math-html-sitemap__link\">Cart\u00e3o de oferta<\/a><\/li><li class=\"rank-math-html-sitemap__item\"><a href=\"https:\/\/shaktio.com\/pt-pt\/tapette-acupressao-azul-original\/\" class=\"rank-math-html-sitemap__link\">Tapette Acupress\u00e3o Azul Original<\/a><\/li><\/ul><\/div><div class=\"rank-math-html-sitemap__section rank-math-html-sitemap__section--taxonomy rank-math-html-sitemap__section--category\"><h2 class=\"rank-math-html-sitemap__title\">Categorias<\/h2><ul class=\"rank-math-html-sitemap__list\"><li class=\"rank-math-html-sitemap__item\"><a href=\"https:\/\/shaktio.com\/pt-pt\/acupressao\/\" class=\"rank-math-html-sitemap__link\">Acupress\u00e3o<\/a><\/li><\/ul><\/div><div class=\"rank-math-html-sitemap__section rank-math-html-sitemap__section--taxonomy rank-math-html-sitemap__section--product_cat\"><h2 class=\"rank-math-html-sitemap__title\">Categorias de produto<\/h2><ul class=\"rank-math-html-sitemap__list\"><li class=\"rank-math-html-sitemap__item\"><a href=\"https:\/\/shaktio.com\/pt-pt\/acessorios-acupressao\/\" class=\"rank-math-html-sitemap__link\">Acess\u00f3rios de acupress\u00e3o<\/a><\/li><li class=\"rank-math-html-sitemap__item\"><a href=\"https:\/\/shaktio.com\/pt-pt\/almofada-acupressao\/\" class=\"rank-math-html-sitemap__link\">Almofada de acupress\u00e3o<\/a><\/li><li class=\"rank-math-html-sitemap__item\"><a href=\"https:\/\/shaktio.com\/pt-pt\/cinto-acupressao\/\" class=\"rank-math-html-sitemap__link\">Cinto de acupress\u00e3o<\/a><\/li><li class=\"rank-math-html-sitemap__item\"><a href=\"https:\/\/shaktio.com\/pt-pt\/conjuntos-acupressao\/\" class=\"rank-math-html-sitemap__link\">Conjuntos de acupress\u00e3o<\/a><\/li><li class=\"rank-math-html-sitemap__item\"><a href=\"https:\/\/shaktio.com\/pt-pt\/tapete-acupressao\/\" class=\"rank-math-html-sitemap__link\">Tapete acupress\u00e3o<\/a><\/li><\/ul><\/div><\/div>\n\n\n<div class=\"kk-star-ratings kksr-auto kksr-align-center kksr-valign-bottom\"\n    data-payload='{&quot;align&quot;:&quot;center&quot;,&quot;id&quot;:&quot;22436&quot;,&quot;slug&quot;:&quot;default&quot;,&quot;valign&quot;:&quot;bottom&quot;,&quot;ignore&quot;:&quot;&quot;,&quot;reference&quot;:&quot;auto&quot;,&quot;class&quot;:&quot;&quot;,&quot;count&quot;:&quot;0&quot;,&quot;legendonly&quot;:&quot;&quot;,&quot;readonly&quot;:&quot;&quot;,&quot;score&quot;:&quot;0&quot;,&quot;starsonly&quot;:&quot;&quot;,&quot;best&quot;:&quot;5&quot;,&quot;gap&quot;:&quot;5&quot;,&quot;greet&quot;:&quot;&quot;,&quot;legend&quot;:&quot;0\\\/5&quot;,&quot;size&quot;:&quot;24&quot;,&quot;title&quot;:&quot;Mapa do s\u00edtio&quot;,&quot;width&quot;:&quot;0&quot;,&quot;_legend&quot;:&quot;{score}\\\/{best}&quot;,&quot;font_factor&quot;:&quot;1.25&quot;}'>\n            \n<div class=\"kksr-stars\">\n    \n<div class=\"kksr-stars-inactive\">\n            <div class=\"kksr-star\" data-star=\"1\" style=\"padding-right: 5px\">\n            \n\n<div class=\"kksr-icon\" style=\"width: 24px; height: 24px;\"><\/div>\n        <\/div>\n            <div class=\"kksr-star\" data-star=\"2\" style=\"padding-right: 5px\">\n            \n\n<div class=\"kksr-icon\" style=\"width: 24px; height: 24px;\"><\/div>\n        <\/div>\n            <div class=\"kksr-star\" data-star=\"3\" style=\"padding-right: 5px\">\n            \n\n<div class=\"kksr-icon\" style=\"width: 24px; height: 24px;\"><\/div>\n        <\/div>\n            <div class=\"kksr-star\" data-star=\"4\" style=\"padding-right: 5px\">\n            \n\n<div class=\"kksr-icon\" style=\"width: 24px; height: 24px;\"><\/div>\n        <\/div>\n            <div class=\"kksr-star\" data-star=\"5\" style=\"padding-right: 5px\">\n            \n\n<div class=\"kksr-icon\" style=\"width: 24px; height: 24px;\"><\/div>\n        <\/div>\n    <\/div>\n    \n<div class=\"kksr-stars-active\" style=\"width: 0px;\">\n            <div class=\"kksr-star\" style=\"padding-right: 5px\">\n            \n\n<div class=\"kksr-icon\" style=\"width: 24px; height: 24px;\"><\/div>\n        <\/div>\n            <div class=\"kksr-star\" style=\"padding-right: 5px\">\n            \n\n<div class=\"kksr-icon\" style=\"width: 24px; height: 24px;\"><\/div>\n        <\/div>\n            <div class=\"kksr-star\" style=\"padding-right: 5px\">\n            \n\n<div class=\"kksr-icon\" style=\"width: 24px; height: 24px;\"><\/div>\n        <\/div>\n            <div class=\"kksr-star\" style=\"padding-right: 5px\">\n            \n\n<div class=\"kksr-icon\" style=\"width: 24px; height: 24px;\"><\/div>\n        <\/div>\n            <div class=\"kksr-star\" style=\"padding-right: 5px\">\n            \n\n<div class=\"kksr-icon\" style=\"width: 24px; height: 24px;\"><\/div>\n        <\/div>\n    <\/div>\n<\/div>\n                \n\n<div class=\"kksr-legend\" style=\"font-size: 19.2px;\">\n            <span class=\"kksr-muted\"><\/span>\n    <\/div>\n    <\/div>\n","protected":false},"excerpt":{"rendered":"","protected":false},"author":2,"featured_media":0,"parent":0,"menu_order":0,"comment_status":"closed","ping_status":"closed","template":"","meta":{"footnotes":""},"class_list":["post-22436","page","type-page","status-publish","hentry","post-no-thumbnail"],"_links":{"self":[{"href":"https:\/\/shaktio.com\/pt-pt\/wp-json\/wp\/v2\/pages\/22436","targetHints":{"allow":["GET"]}}],"collection":[{"href":"https:\/\/shaktio.com\/pt-pt\/wp-json\/wp\/v2\/pages"}],"about":[{"href":"https:\/\/shaktio.com\/pt-pt\/wp-json\/wp\/v2\/types\/page"}],"author":[{"embeddable":true,"href":"https:\/\/shaktio.com\/pt-pt\/wp-json\/wp\/v2\/users\/2"}],"replies":[{"embeddable":true,"href":"https:\/\/shaktio.com\/pt-pt\/wp-json\/wp\/v2\/comments?post=22436"}],"version-history":[{"count":0,"href":"https:\/\/shaktio.com\/pt-pt\/wp-json\/wp\/v2\/pages\/22436\/revisions"}],"wp:attachment":[{"href":"https:\/\/shaktio.com\/pt-pt\/wp-json\/wp\/v2\/media?parent=22436"}],"curies":[{"name":"wp","href":"https:\/\/api.w.org\/{rel}","templated":true}]}}