{"id":22448,"date":"2025-02-04T16:02:49","date_gmt":"2025-02-04T16:02:49","guid":{"rendered":"https:\/\/shaktio.com\/guia-de-envio\/"},"modified":"2025-03-04T09:43:33","modified_gmt":"2025-03-04T09:43:33","slug":"guia-de-envio","status":"publish","type":"page","link":"https:\/\/shaktio.com\/pt-pt\/guia-de-envio\/","title":{"rendered":"Guia de envio"},"content":{"rendered":"\t\t<div data-elementor-type=\"wp-page\" data-elementor-id=\"22448\" class=\"elementor elementor-22448 elementor-21576\">\n\t\t\t\t\t\t<section class=\"elementor-section elementor-top-section elementor-element elementor-element-1342d32d elementor-section-boxed elementor-section-gap-beside-yes elementor-section-height-default elementor-section-height-default elementor-section-content-align-center elementor-section-column-vertical-align-stretch\" data-id=\"1342d32d\" data-element_type=\"section\" data-e-type=\"section\">\n\t\t\t\t\t\t<div class=\"elementor-container elementor-column-gap-extended\">\n\t\t\t\t\t<div class=\"elementor-column elementor-col-100 elementor-top-column elementor-element elementor-element-4a72f0ef\" data-id=\"4a72f0ef\" data-element_type=\"column\" data-e-type=\"column\">\n\t\t\t<div class=\"elementor-widget-wrap elementor-element-populated\">\n\t\t\t\t\t\t<div class=\"elementor-element elementor-element-5bf56a78 elementor-widget elementor-widget-tm-heading\" data-id=\"5bf56a78\" data-element_type=\"widget\" data-e-type=\"widget\" data-widget_type=\"tm-heading.default\">\n\t\t\t\t<div class=\"elementor-widget-container\">\n\t\t\t\t\t\t\t<div class=\"tm-modern-heading tm-modern-heading--style-02 tm-modern-heading--highlight-style-01\">\n\t\t\t\n\t\t\t\t\t<div class=\"heading-primary-wrap\">\n\t\t\t<h2 class=\"heading-primary elementor-heading-title\">Entrega e envio<\/h2>\t\t<\/div>\n\t\t\n\t\t\t\n\t\t\t\t\t<\/div>\n\t\t\t\t\t\t<\/div>\n\t\t\t\t<\/div>\n\t\t\t\t<div class=\"elementor-element elementor-element-127816c3 elementor-widget elementor-widget-tm-heading\" data-id=\"127816c3\" data-element_type=\"widget\" data-e-type=\"widget\" data-widget_type=\"tm-heading.default\">\n\t\t\t\t<div class=\"elementor-widget-container\">\n\t\t\t\t\t\t\t<div class=\"tm-modern-heading tm-modern-heading--style-03 tm-modern-heading--highlight-style-01\">\n\t\t\t\n\t\t\t\n\t\t\t\n\t\t\t\t\t<div class=\"heading-description-wrap\">\n\t\t\t<div class=\"heading-description\">\n\t\t\t\t<p>Normalmente, um envio demora entre 5 e 15 dias \u00fateis a chegar ao seu destino. Consulta a tabela abaixo para saberes os tempos de envio espec\u00edficos para destinos internacionais. <\/p>\t\t\t<\/div>\n\t\t<\/div>\n\t\t\t\t<\/div>\n\t\t\t\t\t\t<\/div>\n\t\t\t\t<\/div>\n\t\t\t\t<div class=\"elementor-element elementor-element-7eb96f1 elementor-widget elementor-widget-tm-table\" data-id=\"7eb96f1\" data-element_type=\"widget\" data-e-type=\"widget\" data-widget_type=\"tm-table.default\">\n\t\t\t\t<div class=\"elementor-widget-container\">\n\t\t\t\t\t\t\t<div class=\"tm-table style-01\">\n\t\t\t<table>\n\t\t\t\t\t\t\t\t\t<thead>\n\t\t\t\t\t\t\t\t\t\t\t\t\t\t\t\t<tr>\t\t\t\t\t\t\t\t\t\t\t<th>Continente<\/th>\t\t\t\t\t\t\t\t\t\t\t<th>Prazos de entrega<\/th><\/tr>\t\t\t\t\t\t\t\t\t\t<\/thead>\n\t\t\t\t\n\t\t\t\t\t\t\t\t\t<tbody>\n\t\t\t\t\t\t\t\t\t\t\t\t\t\t\t\t<tr>\t\t\t\t\t\t\t\t\t\t\t<td>Europa<\/td>\t\t\t\t\t\t\t\t\t\t\t<td>5 - 10 dias \u00fateis<\/td>\t\t\t\t\t\t\t\t\t\t\t<tr>\t\t\t\t\t\t\t\t\t\t\t<td>Am\u00e9rica do Norte<\/td>\t\t\t\t\t\t\t\t\t\t\t<td>6 - 10 dias \u00fateis<\/td>\t\t\t\t\t\t\t\t\t\t\t<tr>\t\t\t\t\t\t\t\t\t\t\t<td>Austr\u00e1lia e Nova Zel\u00e2ndia  <\/td>\t\t\t\t\t\t\t\t\t\t\t<td>7 - 12 dias \u00fateis<\/td>\t\t\t\t\t\t\t\t\t\t\t<tr>\t\t\t\t\t\t\t\t\t\t\t<td>\u00c1sia<\/td>\t\t\t\t\t\t\t\t\t\t\t<td>9 - 17 dias \u00fateis<\/td>\t\t\t\t\t\t\t\t\t\t\t<tr>\t\t\t\t\t\t\t\t\t\t\t<td>Am\u00e9rica do Sul  <\/td>\t\t\t\t\t\t\t\t\t\t\t<td>15 - 32 dias \u00fateis\n<\/td>\t\t\t\t\t\t\t\t\t\t\t<tr>\t\t\t\t\t\t\t\t\t\t\t<td>\u00c1frica<\/td>\t\t\t\t\t\t\t\t\t\t\t<td>15 - 32 dias \u00fateis<\/td><\/tr>\t\t\t\t\t\t\t\t\t\t<\/tbody>\n\t\t\t\t\t\t\t<\/table>\n\t\t<\/div>\n\t\t\t\t\t\t<\/div>\n\t\t\t\t<\/div>\n\t\t\t\t\t<\/div>\n\t\t<\/div>\n\t\t\t\t\t<\/div>\n\t\t<\/section>\n\t\t\t\t<section class=\"elementor-section elementor-top-section elementor-element elementor-element-5e444617 elementor-section-boxed elementor-section-gap-beside-yes elementor-section-height-default elementor-section-height-default elementor-section-content-align-center elementor-section-column-vertical-align-stretch\" data-id=\"5e444617\" data-element_type=\"section\" data-e-type=\"section\" data-settings=\"{&quot;background_background&quot;:&quot;classic&quot;}\">\n\t\t\t\t\t\t<div class=\"elementor-container elementor-column-gap-extended\">\n\t\t\t\t\t<div class=\"elementor-column elementor-col-100 elementor-top-column elementor-element elementor-element-294b51bb\" data-id=\"294b51bb\" data-element_type=\"column\" data-e-type=\"column\">\n\t\t\t<div class=\"elementor-widget-wrap elementor-element-populated\">\n\t\t\t\t\t\t<div class=\"elementor-element elementor-element-32d5914f elementor-widget elementor-widget-tm-heading\" data-id=\"32d5914f\" data-element_type=\"widget\" data-e-type=\"widget\" data-widget_type=\"tm-heading.default\">\n\t\t\t\t<div class=\"elementor-widget-container\">\n\t\t\t\t\t\t\t<div class=\"tm-modern-heading tm-modern-heading--style-02 tm-modern-heading--highlight-style-01\">\n\t\t\t\n\t\t\t\t\t<div class=\"heading-primary-wrap\">\n\t\t\t<h2 class=\"heading-primary elementor-heading-title\">Processar a tua encomenda\n<\/h2>\t\t<\/div>\n\t\t\n\t\t\t\n\t\t\t\t\t<\/div>\n\t\t\t\t\t\t<\/div>\n\t\t\t\t<\/div>\n\t\t\t\t<div class=\"elementor-element elementor-element-2c35a481 elementor-widget elementor-widget-tm-heading\" data-id=\"2c35a481\" data-element_type=\"widget\" data-e-type=\"widget\" data-widget_type=\"tm-heading.default\">\n\t\t\t\t<div class=\"elementor-widget-container\">\n\t\t\t\t\t\t\t<div class=\"tm-modern-heading tm-modern-heading--style-03 tm-modern-heading--highlight-style-01\">\n\t\t\t\n\t\t\t\n\t\t\t\n\t\t\t\t\t<div class=\"heading-description-wrap\">\n\t\t\t<div class=\"heading-description\">\n\t\t\t\t<div class=\"wd-page-content main-page-wrapper\" data-rocket-location-hash=\"aba7307fea66fd0c3619c8e5352ff0a3\"><p><span style=\"letter-spacing: 0px\">O tempo de processamento dos produtos depende da dura\u00e7\u00e3o do controlo de qualidade, da embalagem e da quota da loja para cada produto. Normalmente, este processo demora 2 a 4 dias \u00fateis. <\/span><\/p><p><span style=\"letter-spacing: 0px\">Certifica-te de que os dados da tua morada de entrega est\u00e3o corretos para garantir uma entrega mais r\u00e1pida e segura!<\/span><\/p><p><span style=\"letter-spacing: 0px\">Se o teu endere\u00e7o estiver incompleto, entraremos em contacto contigo rapidamente para obter o endere\u00e7o correto e n\u00e3o enviaremos a tua encomenda at\u00e9 recebermos a tua resposta, a fim de evitar atrasos e encomendas perdidas.<\/span><\/p><\/div>\t\t\t<\/div>\n\t\t<\/div>\n\t\t\t\t<\/div>\n\t\t\t\t\t\t<\/div>\n\t\t\t\t<\/div>\n\t\t\t\t\t<\/div>\n\t\t<\/div>\n\t\t\t\t\t<\/div>\n\t\t<\/section>\n\t\t\t\t<\/div>\n\t\t\n\n<div class=\"kk-star-ratings kksr-auto kksr-align-center kksr-valign-bottom\"\n    data-payload='{&quot;align&quot;:&quot;center&quot;,&quot;id&quot;:&quot;22448&quot;,&quot;slug&quot;:&quot;default&quot;,&quot;valign&quot;:&quot;bottom&quot;,&quot;ignore&quot;:&quot;&quot;,&quot;reference&quot;:&quot;auto&quot;,&quot;class&quot;:&quot;&quot;,&quot;count&quot;:&quot;0&quot;,&quot;legendonly&quot;:&quot;&quot;,&quot;readonly&quot;:&quot;&quot;,&quot;score&quot;:&quot;0&quot;,&quot;starsonly&quot;:&quot;&quot;,&quot;best&quot;:&quot;5&quot;,&quot;gap&quot;:&quot;5&quot;,&quot;greet&quot;:&quot;&quot;,&quot;legend&quot;:&quot;0\\\/5&quot;,&quot;size&quot;:&quot;24&quot;,&quot;title&quot;:&quot;Guia de envio&quot;,&quot;width&quot;:&quot;0&quot;,&quot;_legend&quot;:&quot;{score}\\\/{best}&quot;,&quot;font_factor&quot;:&quot;1.25&quot;}'>\n            \n<div class=\"kksr-stars\">\n    \n<div class=\"kksr-stars-inactive\">\n            <div class=\"kksr-star\" data-star=\"1\" style=\"padding-right: 5px\">\n            \n\n<div class=\"kksr-icon\" style=\"width: 24px; height: 24px;\"><\/div>\n        <\/div>\n            <div class=\"kksr-star\" data-star=\"2\" style=\"padding-right: 5px\">\n            \n\n<div class=\"kksr-icon\" style=\"width: 24px; height: 24px;\"><\/div>\n        <\/div>\n            <div class=\"kksr-star\" data-star=\"3\" style=\"padding-right: 5px\">\n            \n\n<div class=\"kksr-icon\" style=\"width: 24px; height: 24px;\"><\/div>\n        <\/div>\n            <div class=\"kksr-star\" data-star=\"4\" style=\"padding-right: 5px\">\n            \n\n<div class=\"kksr-icon\" style=\"width: 24px; height: 24px;\"><\/div>\n        <\/div>\n            <div class=\"kksr-star\" data-star=\"5\" style=\"padding-right: 5px\">\n            \n\n<div class=\"kksr-icon\" style=\"width: 24px; height: 24px;\"><\/div>\n        <\/div>\n    <\/div>\n    \n<div class=\"kksr-stars-active\" style=\"width: 0px;\">\n            <div class=\"kksr-star\" style=\"padding-right: 5px\">\n            \n\n<div class=\"kksr-icon\" style=\"width: 24px; height: 24px;\"><\/div>\n        <\/div>\n            <div class=\"kksr-star\" style=\"padding-right: 5px\">\n            \n\n<div class=\"kksr-icon\" style=\"width: 24px; height: 24px;\"><\/div>\n        <\/div>\n            <div class=\"kksr-star\" style=\"padding-right: 5px\">\n            \n\n<div class=\"kksr-icon\" style=\"width: 24px; height: 24px;\"><\/div>\n        <\/div>\n            <div class=\"kksr-star\" style=\"padding-right: 5px\">\n            \n\n<div class=\"kksr-icon\" style=\"width: 24px; height: 24px;\"><\/div>\n        <\/div>\n            <div class=\"kksr-star\" style=\"padding-right: 5px\">\n            \n\n<div class=\"kksr-icon\" style=\"width: 24px; height: 24px;\"><\/div>\n        <\/div>\n    <\/div>\n<\/div>\n                \n\n<div class=\"kksr-legend\" style=\"font-size: 19.2px;\">\n            <span class=\"kksr-muted\"><\/span>\n    <\/div>\n    <\/div>\n","protected":false},"excerpt":{"rendered":"<p>Entrega e envio Normalmente, um envio demora entre 5 e 15 dias \u00fateis a chegar ao seu destino. Consulta a tabela abaixo para saberes os tempos de envio espec\u00edficos para destinos internacionais. Continente Prazos de entrega Europa 5 &#8211; 10 dias \u00fateis Am\u00e9rica do Norte 6 &#8211; 10 dias \u00fateis Austr\u00e1lia e Nova Zel\u00e2ndia 7 &#8211; 12 dias \u00fateis \u00c1sia 9 &#8211; 17 dias \u00fateis Am\u00e9rica do Sul 15 &#8211; 32 dias \u00fateis \u00c1frica 15 &#8211; 32 dias \u00fateis Processar a tua encomenda O tempo de processamento dos produtos depende da dura\u00e7\u00e3o do controlo de qualidade, da embalagem e da quota da loja para cada produto. Normalmente, este processo demora 2 a 4 dias \u00fateis. Certifica-te de que os dados da tua morada de entrega est\u00e3o corretos para garantir uma entrega mais r\u00e1pida e segura! Se o teu endere\u00e7o estiver incompleto, entraremos em contacto contigo rapidamente para obter o endere\u00e7o correto e n\u00e3o enviaremos a tua encomenda at\u00e9 recebermos a tua resposta, a fim de evitar atrasos e encomendas perdidas.<\/p>\n","protected":false},"author":2,"featured_media":0,"parent":0,"menu_order":0,"comment_status":"closed","ping_status":"closed","template":"","meta":{"footnotes":""},"class_list":["post-22448","page","type-page","status-publish","hentry","post-no-thumbnail"],"_links":{"self":[{"href":"https:\/\/shaktio.com\/pt-pt\/wp-json\/wp\/v2\/pages\/22448","targetHints":{"allow":["GET"]}}],"collection":[{"href":"https:\/\/shaktio.com\/pt-pt\/wp-json\/wp\/v2\/pages"}],"about":[{"href":"https:\/\/shaktio.com\/pt-pt\/wp-json\/wp\/v2\/types\/page"}],"author":[{"embeddable":true,"href":"https:\/\/shaktio.com\/pt-pt\/wp-json\/wp\/v2\/users\/2"}],"replies":[{"embeddable":true,"href":"https:\/\/shaktio.com\/pt-pt\/wp-json\/wp\/v2\/comments?post=22448"}],"version-history":[{"count":0,"href":"https:\/\/shaktio.com\/pt-pt\/wp-json\/wp\/v2\/pages\/22448\/revisions"}],"wp:attachment":[{"href":"https:\/\/shaktio.com\/pt-pt\/wp-json\/wp\/v2\/media?parent=22448"}],"curies":[{"name":"wp","href":"https:\/\/api.w.org\/{rel}","templated":true}]}}