{"id":22459,"date":"2025-02-04T15:55:20","date_gmt":"2025-02-04T15:55:20","guid":{"rendered":"https:\/\/shaktio.com\/aviso-legal\/"},"modified":"2025-09-18T08:20:04","modified_gmt":"2025-09-18T08:20:04","slug":"aviso-legal","status":"publish","type":"page","link":"https:\/\/shaktio.com\/pt-pt\/aviso-legal\/","title":{"rendered":"Aviso legal"},"content":{"rendered":"\t\t<div data-elementor-type=\"wp-page\" data-elementor-id=\"22459\" class=\"elementor elementor-22459 elementor-21526\">\n\t\t\t\t<div class=\"elementor-element elementor-element-ee852bc e-flex e-con-boxed e-con e-parent\" data-id=\"ee852bc\" data-element_type=\"container\" data-e-type=\"container\">\n\t\t\t\t\t<div class=\"e-con-inner\">\n\t\t\t\t<div class=\"elementor-element elementor-element-6a48a943 elementor-widget elementor-widget-text-editor\" data-id=\"6a48a943\" data-element_type=\"widget\" data-e-type=\"widget\" data-widget_type=\"text-editor.default\">\n\t\t\t\t<div class=\"elementor-widget-container\">\n\t\t\t\t\t\t\t\t\t<p class=\"p1\"><span class=\"s1\">Em conformidade com o disposto nos artigos 6-III e 19 da Lei n.\u00ba 2004-575, de 21 de junho de 2004, relativa \u00e0 confian\u00e7a na economia digital, conhecida como L.C.E.N., informamos os utilizadores e visitantes do s\u00edtio www.shaktio.com das seguintes informa\u00e7\u00f5es:<\/span><\/p><p class=\"p1\"><span class=\"s1\"><b>EDITORA<\/b><b><\/b><\/span><\/p><p class=\"p1\"><span class=\"s1\">O site shaktio.com \u00e9 propriedade exclusiva da Altis M\u00e9dia SARL, que o publica.<\/span><\/p><p class=\"p1\"><span class=\"s1\">Altis M\u00e9dia SARL au capital de 1000 \u20ac<br>60 rue Fran\u00e7ois 1er, 75008 Paris<br>Registada no Registre du Commerce et des Soci\u00e9t\u00e9s de 990192999 R.C.S. Paris com o n\u00famero 99019299900011  <\/span><\/p><p class=\"p1\"><span class=\"s1\">N\u00famero de IVA intracomunit\u00e1rio: FR84990192999<br>Endere\u00e7o de correio eletr\u00f3nico: contact [@] shaktio.com<b><\/b><\/span><\/p><p class=\"p1\"><span class=\"s1\"> <\/span><\/p><p class=\"p1\"><span class=\"s1\"><b>ALOJAMENTO<\/b><b><\/b><\/span><\/p><p class=\"p1\"><span class=\"s1\">O s\u00edtio est\u00e1 alojado em Infomaniak, Rue Eug\u00e8ne-Marziano 25, 1227 Genebra, Su\u00ed\u00e7a e\/ou 2switch, Chemin des Pardiaux, 63000 Clermont-Ferrand<br>SAS com um capital de 100.000 euros &#8211; SIRET 510 909 80700024.<b><br><\/b><\/span><\/p><p class=\"p1\"><span class=\"s1\"><b>DESCRI\u00c7\u00c3O DOS SERVI\u00c7OS PRESTADOS<\/b><b><\/b><\/span><\/p><p class=\"p1\"><span class=\"s1\">O objetivo do site shaktio.com \u00e9 fornecer informa\u00e7\u00f5es sobre todas as actividades da empresa. O propriet\u00e1rio do s\u00edtio esfor\u00e7a-se por fornecer informa\u00e7\u00f5es no s\u00edtio shaktio.com que sejam t\u00e3o exactas quanto poss\u00edvel.   <\/span><\/p><p class=\"p1\"><span class=\"s1\">No entanto, n\u00e3o pode ser responsabilizada por quaisquer omiss\u00f5es, imprecis\u00f5es ou falhas na atualiza\u00e7\u00e3o das informa\u00e7\u00f5es, quer sejam causadas por ela pr\u00f3pria ou por parceiros terceiros que forne\u00e7am as informa\u00e7\u00f5es.  <\/span><\/p><p class=\"p1\"><span class=\"s1\">Todas as informa\u00e7\u00f5es fornecidas no s\u00edtio web shaktio.com s\u00e3o fornecidas apenas para fins informativos, n\u00e3o s\u00e3o exaustivas e est\u00e3o sujeitas a altera\u00e7\u00f5es. Est\u00e1 sujeita a altera\u00e7\u00f5es efectuadas desde a sua coloca\u00e7\u00e3o online. <\/span><\/p><p class=\"p1\"><span class=\"s1\"><b>PROPRIEDADE INTELECTUAL E CONTRAFAC\u00c7\u00c3O<\/b><b><\/b><\/span><\/p><p class=\"p1\"><span class=\"s1\">O propriet\u00e1rio do s\u00edtio \u00e9 o titular dos direitos de propriedade intelectual ou det\u00e9m os direitos de utiliza\u00e7\u00e3o de todos os elementos acess\u00edveis no s\u00edtio, nomeadamente os textos, imagens, gr\u00e1ficos, log\u00f3tipo, \u00edcones, sons, software. \u00c9 proibida qualquer reprodu\u00e7\u00e3o, representa\u00e7\u00e3o, modifica\u00e7\u00e3o, publica\u00e7\u00e3o, adapta\u00e7\u00e3o total ou parcial dos elementos do s\u00edtio, seja qual for o meio ou o processo utilizado, salvo autoriza\u00e7\u00e3o pr\u00e9via por escrito para o e-mail: contact @ shaktio.com.  <\/span><\/p><p class=\"p1\"><span class=\"s1\">Qualquer utiliza\u00e7\u00e3o n\u00e3o autorizada do s\u00edtio ou de qualquer dos elementos que cont\u00e9m ser\u00e1 considerada como constituindo uma infra\u00e7\u00e3o e ser\u00e1 processada em conformidade com as disposi\u00e7\u00f5es dos artigos L.335-2 e seguintes do C\u00f3digo da Propriedade Intelectual franc\u00eas.<\/span><\/p><p class=\"p1\"><span class=\"s1\"><b>LIGA\u00c7\u00d5ES DE HIPERTEXTO E COOKIES<\/b><b><\/b><\/span><\/p><p class=\"p1\"><span class=\"s1\">O s\u00edtio www.shaktio.com cont\u00e9m um certo n\u00famero de liga\u00e7\u00f5es de hipertexto para outros s\u00edtios (parceiros, informa\u00e7\u00f5es, etc.) criados com a autoriza\u00e7\u00e3o do propriet\u00e1rio do s\u00edtio.  <\/span><\/p><p class=\"p1\"><span class=\"s1\">No entanto, o propriet\u00e1rio do s\u00edtio n\u00e3o tem a possibilidade de verificar o conte\u00fado dos s\u00edtios assim visitados e, por conseguinte, declina qualquer responsabilidade por eventuais riscos de conte\u00fado il\u00edcito.  <\/span><\/p><p class=\"p1\"><span class=\"s1\">Os utilizadores s\u00e3o informados de que, quando visitam o s\u00edtio Web www.shaktio.com, um ou mais cookies podem ser automaticamente instalados no seu computador.<\/span><\/p><p class=\"p1\"><span class=\"s1\">Um cookie \u00e9 um pequeno ficheiro que n\u00e3o permite identificar o utilizador, mas que regista informa\u00e7\u00f5es relativas \u00e0 navega\u00e7\u00e3o de um computador num s\u00edtio.  <\/span><\/p><p class=\"p1\"><span class=\"s1\">Os dados assim obtidos destinam-se a facilitar a navega\u00e7\u00e3o posterior no s\u00edtio e s\u00e3o igualmente utilizados para medir o n\u00famero de visitantes.  <br>Podes configurar o teu browser para te avisar quando receberes um cookie e, se quiseres, para o recusar, como descrito no seguinte endere\u00e7o: www.cnil.fr A recusa de instalar um cookie pode significar que n\u00e3o podes aceder a certos servi\u00e7os.<\/span><\/p><p class=\"p1\"><span class=\"s1\">No entanto, os utilizadores podem configurar o seu computador da seguinte forma para recusar a instala\u00e7\u00e3o de cookies: Internet Explorer: separador Ferramentas \/ Op\u00e7\u00f5es da Internet. Clica em Confidencialidade e escolhe Bloquear todos os cookies. <\/span><\/p><p class=\"p1\"><span class=\"s1\"> <\/span><\/p><p class=\"p1\"><span class=\"s1\"><b>PROTEC\u00c7\u00c3O DE PESSOAS E BENS &#8211; GEST\u00c3O DE DADOS PESSOAIS<\/b><b><\/b><\/span><\/p><p class=\"p1\"><span class=\"s1\">Utilizador: utilizador da Internet que se liga e utiliza o s\u00edtio acima mencionado: www.shaktio.com. Em Fran\u00e7a, os dados pessoais s\u00e3o protegidos pela lei n.\u00ba 78-87 de 6 de janeiro de 1978, pela lei n.\u00ba 2004-801 de 6 de agosto de 2004, pelo artigo L. 226-13 do C\u00f3digo Penal e pela Diretiva Europeia de 24 de outubro de 1995. <\/span><\/p><p class=\"p1\"><span class=\"s1\">No s\u00edtio Web www.shaktio.com, o propriet\u00e1rio do s\u00edtio Web s\u00f3 recolhe informa\u00e7\u00f5es pessoais relativas ao utilizador para efeitos de determinados servi\u00e7os oferecidos pelo s\u00edtio Web www.shaktio.com.  <\/span><\/p><p class=\"p1\"><span class=\"s1\">Os utilizadores fornecem esta informa\u00e7\u00e3o com pleno conhecimento dos factos, especialmente quando s\u00e3o eles pr\u00f3prios a introduzi-la. Os utilizadores do site shaktio.com s\u00e3o ent\u00e3o informados se s\u00e3o ou n\u00e3o obrigados a fornecer esta informa\u00e7\u00e3o.   <\/span><\/p><p class=\"p1\"><span class=\"s1\">Em conformidade com as disposi\u00e7\u00f5es dos artigos 38\u00ba e seguintes da Lei 78-17 de 6 de janeiro de 1978 relativa \u00e0 prote\u00e7\u00e3o de dados, todos os utilizadores t\u00eam o direito de aceder, retificar, apagar e opor-se a quaisquer dados pessoais que lhes digam respeito.  <\/span><\/p><p class=\"p1\"><span class=\"s1\">Para exercer este direito, envia o teu pedido a shaktio.com por e-mail: e-mail do webmaster ou enviando um pedido escrito e assinado, acompanhado de uma c\u00f3pia do documento de identidade com a assinatura do portador do documento, especificando o endere\u00e7o para o qual a resposta deve ser enviada.<\/span><\/p><p class=\"p1\"><span class=\"s1\">Nenhuma informa\u00e7\u00e3o pessoal do utilizador do s\u00edtio Web www.shaktio.com \u00e9 publicada sem o conhecimento do utilizador, trocada, transferida ou vendida a terceiros, seja por que meio for.  <\/span><\/p><p class=\"p1\"><span class=\"s1\">Apenas a assun\u00e7\u00e3o da compra do s\u00edtio shaktio.com pelo propriet\u00e1rio do s\u00edtio e dos seus direitos permitiria a transmiss\u00e3o da referida informa\u00e7\u00e3o ao eventual comprador que, por sua vez, estaria vinculado \u00e0 mesma obriga\u00e7\u00e3o de conserva\u00e7\u00e3o e modifica\u00e7\u00e3o dos dados relativamente ao utilizador do s\u00edtio shaktio.com.<\/span><\/p><p class=\"p1\"><span class=\"s1\">O s\u00edtio Web www.shaktio.com est\u00e1 em conformidade com o RGPD (ver a nossa pol\u00edtica RGPD).<\/span><\/p><p class=\"p1\"><span class=\"s1\">As bases de dados s\u00e3o protegidas pelas disposi\u00e7\u00f5es da lei de 1 de julho de 1998 que transp\u00f5e a Diretiva 96\/9 de 11 de mar\u00e7o de 1996 relativa \u00e0 prote\u00e7\u00e3o jur\u00eddica das bases de dados.<\/span><\/p><p class=\"p1\"><span class=\"s1\">Este site constitui uma obra protegida pelo C\u00f3digo da Propriedade Intelectual franc\u00eas e, no estrangeiro, pelas conven\u00e7\u00f5es internacionais em vigor em mat\u00e9ria de direitos de autor.<\/span><\/p><p class=\"p1\"><span class=\"s1\">Nos termos do artigo L.335-2 do C\u00f3digo da Propriedade Intelectual franc\u00eas, a viola\u00e7\u00e3o dos direitos de autor de um livro \u00e9 pun\u00edvel.<\/span><\/p><p class=\"p1\"><span class=\"s1\">A contrafa\u00e7\u00e3o de obras publicadas na Europa ou no estrangeiro \u00e9 pun\u00edvel com tr\u00eas anos de pris\u00e3o e uma multa de 300 000 euros.<br>O agravamento das penas foi introduzido pela Lei n.\u00ba 2004-204 de 9 de mar\u00e7o de 2004, JO 10 de mar\u00e7o de 2004.<\/span><\/p><p class=\"p1\"><span class=\"s1\">Prote\u00e7\u00e3o dos direitos de autor do conte\u00fado do s\u00edtio Web www.shaktio.com contra o roubo de conte\u00fados.<\/span><\/p><p class=\"p1\"><span class=\"s1\">A SNL SAS luta contra a c\u00f3pia ilegal de conte\u00fados do seu s\u00edtio Web www.shaktio.com<\/span><\/p><p class=\"p1\"><span class=\"s1\">Este s\u00edtio est\u00e1 registado junto dos oficiais de justi\u00e7a em Genebra, Su\u00ed\u00e7a, e est\u00e1 protegido pelo Tratado de Madrid sobre direitos de autor internacionais.<\/span><\/p><p class=\"p1\"><span class=\"s1\">Ferramentas de rastreio antipl\u00e1gio monitorizam o seu conte\u00fado e pedimos a todos os utilizadores da Internet que denunciem quaisquer c\u00f3pias dos nossos textos encontradas online.<br>Se desejas mencionar o nosso site, os nossos artigos, as nossas sec\u00e7\u00f5es ou utilizar as nossas fotografias, envia-nos um e-mail para: plagiat [@] shaktio.com<\/span><\/p>\t\t\t\t\t\t\t\t<\/div>\n\t\t\t\t<\/div>\n\t\t\t\t\t<\/div>\n\t\t\t\t<\/div>\n\t\t\t\t<\/div>\n\t\t\n\n<div class=\"kk-star-ratings kksr-auto kksr-align-center kksr-valign-bottom\"\n    data-payload='{&quot;align&quot;:&quot;center&quot;,&quot;id&quot;:&quot;22459&quot;,&quot;slug&quot;:&quot;default&quot;,&quot;valign&quot;:&quot;bottom&quot;,&quot;ignore&quot;:&quot;&quot;,&quot;reference&quot;:&quot;auto&quot;,&quot;class&quot;:&quot;&quot;,&quot;count&quot;:&quot;0&quot;,&quot;legendonly&quot;:&quot;&quot;,&quot;readonly&quot;:&quot;&quot;,&quot;score&quot;:&quot;0&quot;,&quot;starsonly&quot;:&quot;&quot;,&quot;best&quot;:&quot;5&quot;,&quot;gap&quot;:&quot;5&quot;,&quot;greet&quot;:&quot;&quot;,&quot;legend&quot;:&quot;0\\\/5&quot;,&quot;size&quot;:&quot;24&quot;,&quot;title&quot;:&quot;Aviso legal&quot;,&quot;width&quot;:&quot;0&quot;,&quot;_legend&quot;:&quot;{score}\\\/{best}&quot;,&quot;font_factor&quot;:&quot;1.25&quot;}'>\n            \n<div class=\"kksr-stars\">\n    \n<div class=\"kksr-stars-inactive\">\n            <div class=\"kksr-star\" data-star=\"1\" style=\"padding-right: 5px\">\n            \n\n<div class=\"kksr-icon\" style=\"width: 24px; height: 24px;\"><\/div>\n        <\/div>\n            <div class=\"kksr-star\" data-star=\"2\" style=\"padding-right: 5px\">\n            \n\n<div class=\"kksr-icon\" style=\"width: 24px; height: 24px;\"><\/div>\n        <\/div>\n            <div class=\"kksr-star\" data-star=\"3\" style=\"padding-right: 5px\">\n            \n\n<div class=\"kksr-icon\" style=\"width: 24px; height: 24px;\"><\/div>\n        <\/div>\n            <div class=\"kksr-star\" data-star=\"4\" style=\"padding-right: 5px\">\n            \n\n<div class=\"kksr-icon\" style=\"width: 24px; height: 24px;\"><\/div>\n        <\/div>\n            <div class=\"kksr-star\" data-star=\"5\" style=\"padding-right: 5px\">\n            \n\n<div class=\"kksr-icon\" style=\"width: 24px; height: 24px;\"><\/div>\n        <\/div>\n    <\/div>\n    \n<div class=\"kksr-stars-active\" style=\"width: 0px;\">\n            <div class=\"kksr-star\" style=\"padding-right: 5px\">\n            \n\n<div class=\"kksr-icon\" style=\"width: 24px; height: 24px;\"><\/div>\n        <\/div>\n            <div class=\"kksr-star\" style=\"padding-right: 5px\">\n            \n\n<div class=\"kksr-icon\" style=\"width: 24px; height: 24px;\"><\/div>\n        <\/div>\n            <div class=\"kksr-star\" style=\"padding-right: 5px\">\n            \n\n<div class=\"kksr-icon\" style=\"width: 24px; height: 24px;\"><\/div>\n        <\/div>\n            <div class=\"kksr-star\" style=\"padding-right: 5px\">\n            \n\n<div class=\"kksr-icon\" style=\"width: 24px; height: 24px;\"><\/div>\n        <\/div>\n            <div class=\"kksr-star\" style=\"padding-right: 5px\">\n            \n\n<div class=\"kksr-icon\" style=\"width: 24px; height: 24px;\"><\/div>\n        <\/div>\n    <\/div>\n<\/div>\n                \n\n<div class=\"kksr-legend\" style=\"font-size: 19.2px;\">\n            <span class=\"kksr-muted\"><\/span>\n    <\/div>\n    <\/div>\n","protected":false},"excerpt":{"rendered":"<p>Em conformidade com o disposto nos artigos 6-III e 19 da Lei n.\u00ba 2004-575, de 21 de junho de 2004, relativa \u00e0 confian\u00e7a na economia digital, conhecida como L.C.E.N., informamos os utilizadores e visitantes do s\u00edtio www.shaktio.com das seguintes informa\u00e7\u00f5es: EDITORA O site shaktio.com \u00e9 propriedade exclusiva da Altis M\u00e9dia SARL, que o publica. Altis M\u00e9dia SARL au capital de 1000 \u20ac60 rue Fran\u00e7ois 1er, 75008 ParisRegistada no Registre du Commerce et des Soci\u00e9t\u00e9s de 990192999 R.C.S. Paris com o n\u00famero 99019299900011 N\u00famero de IVA intracomunit\u00e1rio: FR84990192999Endere\u00e7o de correio eletr\u00f3nico: contact [@] shaktio.com ALOJAMENTO O s\u00edtio est\u00e1 alojado em Infomaniak, Rue Eug\u00e8ne-Marziano 25, 1227 Genebra, Su\u00ed\u00e7a e\/ou 2switch, Chemin des Pardiaux, 63000 Clermont-FerrandSAS com um capital de 100.000 euros &#8211; SIRET 510 909 80700024. DESCRI\u00c7\u00c3O DOS SERVI\u00c7OS PRESTADOS O objetivo do site shaktio.com \u00e9 fornecer informa\u00e7\u00f5es sobre todas as actividades da empresa. O propriet\u00e1rio do s\u00edtio esfor\u00e7a-se por fornecer informa\u00e7\u00f5es no s\u00edtio shaktio.com que sejam t\u00e3o exactas quanto poss\u00edvel. No entanto, n\u00e3o pode ser responsabilizada por quaisquer omiss\u00f5es, imprecis\u00f5es ou falhas na atualiza\u00e7\u00e3o das informa\u00e7\u00f5es, quer sejam causadas por ela pr\u00f3pria ou por parceiros terceiros que forne\u00e7am as informa\u00e7\u00f5es. Todas as informa\u00e7\u00f5es fornecidas no s\u00edtio web shaktio.com s\u00e3o fornecidas apenas para fins informativos, n\u00e3o s\u00e3o exaustivas e est\u00e3o sujeitas a altera\u00e7\u00f5es. Est\u00e1 sujeita a altera\u00e7\u00f5es efectuadas desde a sua coloca\u00e7\u00e3o online. PROPRIEDADE INTELECTUAL E CONTRAFAC\u00c7\u00c3O O propriet\u00e1rio do s\u00edtio \u00e9 o titular dos direitos de propriedade intelectual ou det\u00e9m os direitos de utiliza\u00e7\u00e3o de todos os elementos acess\u00edveis no s\u00edtio, nomeadamente os textos, imagens, gr\u00e1ficos, log\u00f3tipo, \u00edcones, sons, software. \u00c9 proibida qualquer reprodu\u00e7\u00e3o, representa\u00e7\u00e3o, modifica\u00e7\u00e3o, publica\u00e7\u00e3o, adapta\u00e7\u00e3o total ou parcial dos elementos do s\u00edtio, seja qual for o meio ou o processo utilizado, salvo autoriza\u00e7\u00e3o pr\u00e9via por escrito para o e-mail: contact @ shaktio.com. Qualquer utiliza\u00e7\u00e3o n\u00e3o autorizada do s\u00edtio ou de qualquer dos elementos que cont\u00e9m ser\u00e1 considerada como constituindo uma infra\u00e7\u00e3o e ser\u00e1 processada em conformidade com as disposi\u00e7\u00f5es dos artigos L.335-2 e seguintes do C\u00f3digo da Propriedade Intelectual franc\u00eas. LIGA\u00c7\u00d5ES DE HIPERTEXTO E COOKIES O s\u00edtio www.shaktio.com cont\u00e9m um certo n\u00famero de liga\u00e7\u00f5es de hipertexto para outros s\u00edtios (parceiros, informa\u00e7\u00f5es, etc.) criados com a autoriza\u00e7\u00e3o do propriet\u00e1rio do s\u00edtio. No entanto, o propriet\u00e1rio do s\u00edtio n\u00e3o tem a possibilidade de verificar o conte\u00fado dos s\u00edtios assim visitados e, por conseguinte, declina qualquer responsabilidade por eventuais riscos de conte\u00fado il\u00edcito. Os utilizadores s\u00e3o informados de que, quando visitam o s\u00edtio Web www.shaktio.com, um ou mais cookies podem ser automaticamente instalados no seu computador. Um cookie \u00e9 um pequeno ficheiro que n\u00e3o permite identificar o utilizador, mas que regista informa\u00e7\u00f5es relativas \u00e0 navega\u00e7\u00e3o de um computador num s\u00edtio. Os dados assim obtidos destinam-se a facilitar a navega\u00e7\u00e3o posterior no s\u00edtio e s\u00e3o igualmente utilizados para medir o n\u00famero de visitantes. Podes configurar o teu browser para te avisar quando receberes um cookie e, se quiseres, para o recusar, como descrito no seguinte endere\u00e7o: www.cnil.fr A recusa de instalar um cookie pode significar que n\u00e3o podes aceder a certos servi\u00e7os. No entanto, os utilizadores podem configurar o seu computador da seguinte forma para recusar a instala\u00e7\u00e3o de cookies: Internet Explorer: separador Ferramentas \/ Op\u00e7\u00f5es da Internet. Clica em Confidencialidade e escolhe Bloquear todos os cookies. PROTEC\u00c7\u00c3O DE PESSOAS E BENS &#8211; GEST\u00c3O DE DADOS PESSOAIS Utilizador: utilizador da Internet que se liga e utiliza o s\u00edtio acima mencionado: www.shaktio.com. Em Fran\u00e7a, os dados pessoais s\u00e3o protegidos pela lei n.\u00ba 78-87 de 6 de janeiro de 1978, pela lei n.\u00ba 2004-801 de 6 de agosto de 2004, pelo artigo L. 226-13 do C\u00f3digo Penal e pela Diretiva Europeia de 24 de outubro de 1995. No s\u00edtio Web www.shaktio.com, o propriet\u00e1rio do s\u00edtio Web s\u00f3 recolhe informa\u00e7\u00f5es pessoais relativas ao utilizador para efeitos de determinados servi\u00e7os oferecidos pelo s\u00edtio Web www.shaktio.com. Os utilizadores fornecem esta informa\u00e7\u00e3o com pleno conhecimento dos factos, especialmente quando s\u00e3o eles pr\u00f3prios a introduzi-la. Os utilizadores do site shaktio.com s\u00e3o ent\u00e3o informados se s\u00e3o ou n\u00e3o obrigados a fornecer esta informa\u00e7\u00e3o. Em conformidade com as disposi\u00e7\u00f5es dos artigos 38\u00ba e seguintes da Lei 78-17 de 6 de janeiro de 1978 relativa \u00e0 prote\u00e7\u00e3o de dados, todos os utilizadores t\u00eam o direito de aceder, retificar, apagar e opor-se a quaisquer dados pessoais que lhes digam respeito. Para exercer este direito, envia o teu pedido a shaktio.com por e-mail: e-mail do webmaster ou enviando um pedido escrito e assinado, acompanhado de uma c\u00f3pia do documento de identidade com a assinatura do portador do documento, especificando o endere\u00e7o para o qual a resposta deve ser enviada. Nenhuma informa\u00e7\u00e3o pessoal do utilizador do s\u00edtio Web www.shaktio.com \u00e9 publicada sem o conhecimento do utilizador, trocada, transferida ou vendida a terceiros, seja por que meio for. Apenas a assun\u00e7\u00e3o da compra do s\u00edtio shaktio.com pelo propriet\u00e1rio do s\u00edtio e dos seus direitos permitiria a transmiss\u00e3o da referida informa\u00e7\u00e3o ao eventual comprador que, por sua vez, estaria vinculado \u00e0 mesma obriga\u00e7\u00e3o de conserva\u00e7\u00e3o e modifica\u00e7\u00e3o dos dados relativamente ao utilizador do s\u00edtio shaktio.com. O s\u00edtio Web www.shaktio.com est\u00e1 em conformidade com o RGPD (ver a nossa pol\u00edtica RGPD). As bases de dados s\u00e3o protegidas pelas disposi\u00e7\u00f5es da lei de 1 de julho de 1998 que transp\u00f5e a Diretiva 96\/9 de 11 de mar\u00e7o de 1996 relativa \u00e0 prote\u00e7\u00e3o jur\u00eddica das bases de dados. Este site constitui uma obra protegida pelo C\u00f3digo da Propriedade Intelectual franc\u00eas e, no estrangeiro, pelas conven\u00e7\u00f5es internacionais em vigor em mat\u00e9ria de direitos de autor. Nos termos do artigo L.335-2 do C\u00f3digo da Propriedade Intelectual franc\u00eas, a viola\u00e7\u00e3o dos direitos de autor de um livro \u00e9 pun\u00edvel. A contrafa\u00e7\u00e3o de obras publicadas na Europa ou no estrangeiro \u00e9 pun\u00edvel com tr\u00eas anos de pris\u00e3o e uma multa de 300 000 euros.O agravamento das penas foi introduzido pela Lei n.\u00ba 2004-204 de 9 de mar\u00e7o de 2004, JO 10 de mar\u00e7o de 2004. Prote\u00e7\u00e3o dos direitos de autor do conte\u00fado do s\u00edtio Web www.shaktio.com contra o roubo de conte\u00fados. A SNL SAS luta contra a c\u00f3pia ilegal de conte\u00fados do seu [&hellip;]<\/p>\n","protected":false},"author":2,"featured_media":0,"parent":0,"menu_order":0,"comment_status":"closed","ping_status":"closed","template":"","meta":{"footnotes":""},"class_list":["post-22459","page","type-page","status-publish","hentry","post-no-thumbnail"],"_links":{"self":[{"href":"https:\/\/shaktio.com\/pt-pt\/wp-json\/wp\/v2\/pages\/22459","targetHints":{"allow":["GET"]}}],"collection":[{"href":"https:\/\/shaktio.com\/pt-pt\/wp-json\/wp\/v2\/pages"}],"about":[{"href":"https:\/\/shaktio.com\/pt-pt\/wp-json\/wp\/v2\/types\/page"}],"author":[{"embeddable":true,"href":"https:\/\/shaktio.com\/pt-pt\/wp-json\/wp\/v2\/users\/2"}],"replies":[{"embeddable":true,"href":"https:\/\/shaktio.com\/pt-pt\/wp-json\/wp\/v2\/comments?post=22459"}],"version-history":[{"count":2,"href":"https:\/\/shaktio.com\/pt-pt\/wp-json\/wp\/v2\/pages\/22459\/revisions"}],"predecessor-version":[{"id":29930,"href":"https:\/\/shaktio.com\/pt-pt\/wp-json\/wp\/v2\/pages\/22459\/revisions\/29930"}],"wp:attachment":[{"href":"https:\/\/shaktio.com\/pt-pt\/wp-json\/wp\/v2\/media?parent=22459"}],"curies":[{"name":"wp","href":"https:\/\/api.w.org\/{rel}","templated":true}]}}